{"id":12,"date":"2011-05-16T17:24:39","date_gmt":"2011-05-16T21:24:39","guid":{"rendered":"http:\/\/perezwilliamsmedinarodriguez.thelawlinks.com\/?page_id=12"},"modified":"2026-01-07T13:11:26","modified_gmt":"2026-01-07T21:11:26","slug":"attorney-profiles","status":"publish","type":"page","link":"https:\/\/pwmrlaw.com\/sp\/attorney-profiles\/","title":{"rendered":"Perfiles de abogados"},"content":{"rendered":"<p><div class=\"fusion-fullwidth fullwidth-box fusion-builder-row-1 fusion-flex-container nonhundred-percent-fullwidth non-hundred-percent-height-scrolling\" style=\"--awb-border-radius-top-left:0px;--awb-border-radius-top-right:0px;--awb-border-radius-bottom-right:0px;--awb-border-radius-bottom-left:0px;--awb-margin-top:25px;--awb-margin-bottom:25px;--awb-flex-wrap:wrap;\" ><div class=\"fusion-builder-row fusion-row fusion-flex-align-items-flex-start fusion-flex-content-wrap\" style=\"max-width:1008px;margin-left: calc(-5% \/ 2 );margin-right: calc(-5% \/ 2 );\"><div class=\"fusion-layout-column fusion_builder_column fusion-builder-column-0 fusion_builder_column_1_4 1_4 fusion-flex-column\" style=\"--awb-bg-size:cover;--awb-width-large:25%;--awb-margin-top-large:0px;--awb-spacing-right-large:9.5%;--awb-margin-bottom-large:20px;--awb-spacing-left-large:9.5%;--awb-width-medium:100%;--awb-spacing-right-medium:2.375%;--awb-spacing-left-medium:2.375%;--awb-width-small:75%;--awb-spacing-right-small:3.1666666666667%;--awb-spacing-left-small:3.1666666666667%;\"><div class=\"fusion-column-wrapper fusion-flex-justify-content-flex-start fusion-content-layout-column\"><div class=\"fusion-image-element\" style=\"--awb-liftup-border-radius:0px;--awb-caption-title-font-family:var(--h2_typography-font-family);--awb-caption-title-font-weight:var(--h2_typography-font-weight);--awb-caption-title-font-style:var(--h2_typography-font-style);--awb-caption-title-size:var(--h2_typography-font-size);--awb-caption-title-transform:var(--h2_typography-text-transform);--awb-caption-title-line-height:var(--h2_typography-line-height);--awb-caption-title-letter-spacing:var(--h2_typography-letter-spacing);\"><div class=\"awb-image-frame awb-image-frame-1 imageframe-liftup\"><span class=\"fusion-imageframe imageframe-none imageframe-1\"><a class=\"fusion-no-lightbox\" href=\"https:\/\/pwmrlaw.com\/sp\/attorney-profiles\/robert-f-perez-senior-partner\/\" target=\"_self\" aria-label=\"sidebar-robert-f-perez-senior-partner\"><img decoding=\"async\" width=\"220\" height=\"194\" alt=\"Robert F. Perez\" src=\"https:\/\/pwmrlaw.com\/wp-content\/uploads\/2014\/11\/sidebar-robert-f-perez-senior-partner.jpg\" class=\"img-responsive wp-image-1072\"\/><\/a><\/span><\/div><\/div><div class=\"fusion-text fusion-text-1\"><h3>Roberto F. P\u00e9rez<\/h3>\n<p>Abogado<br \/>\n<a href=\"https:\/\/pwmrlaw.com\/sp\/attorney-profiles\/robert-f-perez-senior-partner\/\">Ver Perfil<\/a><\/p>\n<\/div><\/div><\/div><div class=\"fusion-layout-column fusion_builder_column fusion-builder-column-1 fusion_builder_column_1_4 1_4 fusion-flex-column\" style=\"--awb-bg-size:cover;--awb-width-large:25%;--awb-margin-top-large:0px;--awb-spacing-right-large:9.5%;--awb-margin-bottom-large:20px;--awb-spacing-left-large:9.5%;--awb-width-medium:100%;--awb-spacing-right-medium:2.375%;--awb-spacing-left-medium:2.375%;--awb-width-small:75%;--awb-spacing-right-small:3.1666666666667%;--awb-spacing-left-small:3.1666666666667%;\"><div class=\"fusion-column-wrapper fusion-flex-justify-content-flex-start fusion-content-layout-column\"><div class=\"fusion-image-element\" style=\"--awb-liftup-border-radius:0px;--awb-caption-title-font-family:var(--h2_typography-font-family);--awb-caption-title-font-weight:var(--h2_typography-font-weight);--awb-caption-title-font-style:var(--h2_typography-font-style);--awb-caption-title-size:var(--h2_typography-font-size);--awb-caption-title-transform:var(--h2_typography-text-transform);--awb-caption-title-line-height:var(--h2_typography-line-height);--awb-caption-title-letter-spacing:var(--h2_typography-letter-spacing);\"><div class=\"awb-image-frame awb-image-frame-2 imageframe-liftup\"><span class=\"fusion-imageframe imageframe-none imageframe-2\"><a class=\"fusion-no-lightbox\" href=\"https:\/\/pwmrlaw.com\/sp\/attorney-profiles\/robert-gray-williams-partner\/\" target=\"_self\" aria-label=\"sidebar-robert-gray-williams-socio\"><img decoding=\"async\" width=\"220\" height=\"194\" alt=\"Robert Gray Williams\" src=\"https:\/\/pwmrlaw.com\/wp-content\/uploads\/2014\/11\/sidebar-robert-gray-williams-partner.jpg\" class=\"img-responsive wp-image-1073\"\/><\/a><\/span><\/div><\/div><div class=\"fusion-text fusion-text-2\"><h3 data-fontsize=\"16\" data-lineheight=\"19.200001px\">Roberto Gris Williams<\/h3>\n<p>Abogado<br \/><a href=\"https:\/\/pwmrlaw.com\/sp\/attorney-profiles\/robert-gray-williams-partner\/\">Ver Perfil<\/a><\/p>\n<\/div><\/div><\/div><div class=\"fusion-layout-column fusion_builder_column fusion-builder-column-2 fusion_builder_column_1_4 1_4 fusion-flex-column\" style=\"--awb-bg-size:cover;--awb-width-large:25%;--awb-margin-top-large:0px;--awb-spacing-right-large:9.5%;--awb-margin-bottom-large:20px;--awb-spacing-left-large:9.5%;--awb-width-medium:100%;--awb-spacing-right-medium:2.375%;--awb-spacing-left-medium:2.375%;--awb-width-small:75%;--awb-spacing-right-small:3.1666666666667%;--awb-spacing-left-small:3.1666666666667%;\"><div class=\"fusion-column-wrapper fusion-flex-justify-content-flex-start fusion-content-layout-column\"><div class=\"fusion-image-element sm-text-align-left\" style=\"--awb-liftup-border-radius:0px;--awb-caption-title-font-family:var(--h2_typography-font-family);--awb-caption-title-font-weight:var(--h2_typography-font-weight);--awb-caption-title-font-style:var(--h2_typography-font-style);--awb-caption-title-size:var(--h2_typography-font-size);--awb-caption-title-transform:var(--h2_typography-text-transform);--awb-caption-title-line-height:var(--h2_typography-line-height);--awb-caption-title-letter-spacing:var(--h2_typography-letter-spacing);\"><div class=\"awb-image-frame awb-image-frame-3 imageframe-liftup\"><span class=\"fusion-imageframe imageframe-none imageframe-3\"><a class=\"fusion-no-lightbox\" href=\"https:\/\/pwmrlaw.com\/sp\/attorney-profiles\/antonio-rodriguez-jr\/\" target=\"_self\" aria-label=\"sidebar-antonio-rodriguez-jr\"><img decoding=\"async\" width=\"220\" height=\"194\" alt=\"Antonio Rodriguez, Jr.\" src=\"https:\/\/pwmrlaw.com\/wp-content\/uploads\/2014\/11\/sidebar-antonio-rodriguez-jr.jpg\" class=\"img-responsive wp-image-1062\"\/><\/a><\/span><\/div><\/div><div class=\"fusion-text fusion-text-3\"><h3 data-fontsize=\"16\" data-lineheight=\"19.200001px\">Antonio Rodr\u00edguez Jr.<\/h3>\n<p>Abogado<br \/><a href=\"https:\/\/pwmrlaw.com\/sp\/attorney-profiles\/antonio-rodriguez-jr\/\">Ver Perfil<\/a><\/p>\n<\/div><\/div><\/div><div class=\"fusion-layout-column fusion_builder_column fusion-builder-column-3 fusion_builder_column_1_4 1_4 fusion-flex-column\" style=\"--awb-bg-size:cover;--awb-width-large:25%;--awb-margin-top-large:0px;--awb-spacing-right-large:9.5%;--awb-margin-bottom-large:20px;--awb-spacing-left-large:9.5%;--awb-width-medium:100%;--awb-spacing-right-medium:2.375%;--awb-spacing-left-medium:2.375%;--awb-width-small:75%;--awb-spacing-right-small:3.1666666666667%;--awb-spacing-left-small:3.1666666666667%;\"><div class=\"fusion-column-wrapper fusion-flex-justify-content-flex-start fusion-content-layout-column\"><div class=\"fusion-image-element sm-text-align-left\" style=\"--awb-liftup-border-radius:0px;--awb-aspect-ratio: 100 \/ 88;--awb-object-position:60% 17%;--awb-caption-title-font-family:var(--h2_typography-font-family);--awb-caption-title-font-weight:var(--h2_typography-font-weight);--awb-caption-title-font-style:var(--h2_typography-font-style);--awb-caption-title-size:var(--h2_typography-font-size);--awb-caption-title-transform:var(--h2_typography-text-transform);--awb-caption-title-line-height:var(--h2_typography-line-height);--awb-caption-title-letter-spacing:var(--h2_typography-letter-spacing);\"><div class=\"awb-image-frame awb-image-frame-4 imageframe-liftup\"><span class=\"fusion-imageframe imageframe-none imageframe-4 has-aspect-ratio\"><a class=\"fusion-no-lightbox\" href=\"https:\/\/pwmrlaw.com\/sp\/attorney-profiles\/raul-v-uribe\/\" target=\"_self\" aria-label=\"RaulUribe-web\"><img decoding=\"async\" width=\"500\" height=\"625\" src=\"https:\/\/pwmrlaw.com\/wp-content\/uploads\/2025\/03\/RaulUribe-web.jpg\" class=\"img-responsive wp-image-2296 img-with-aspect-ratio\" alt srcset=\"https:\/\/pwmrlaw.com\/wp-content\/uploads\/2025\/03\/RaulUribe-web-200x250.jpg 200w, https:\/\/pwmrlaw.com\/wp-content\/uploads\/2025\/03\/RaulUribe-web-400x500.jpg 400w, https:\/\/pwmrlaw.com\/wp-content\/uploads\/2025\/03\/RaulUribe-web.jpg 500w\" sizes=\"(max-width: 1024px) 100vw, (max-width: 640px) 100vw, 200px\" \/><\/a><\/span><\/div><\/div><div class=\"fusion-text fusion-text-4\"><h3 data-fontsize=\"16\" data-lineheight=\"19.200001px\">Ra\u00fal V. Uribe<\/h3>\n<p>Abogado<br \/><a href=\"https:\/\/pwmrlaw.com\/sp\/attorney-profiles\/raul-v-uribe\/\">Ver Perfil<\/a><\/p>\n<\/div><\/div><\/div><div class=\"fusion-layout-column fusion_builder_column fusion-builder-column-4 fusion_builder_column_1_4 1_4 fusion-flex-column\" style=\"--awb-bg-size:cover;--awb-width-large:25%;--awb-margin-top-large:0px;--awb-spacing-right-large:9.5%;--awb-margin-bottom-large:20px;--awb-spacing-left-large:9.5%;--awb-width-medium:100%;--awb-spacing-right-medium:2.375%;--awb-spacing-left-medium:2.375%;--awb-width-small:40%;--awb-spacing-right-small:5.9375%;--awb-spacing-left-small:5.9375%;\"><div class=\"fusion-column-wrapper fusion-flex-justify-content-flex-start fusion-content-layout-column\"><div class=\"fusion-image-element sm-text-align-left\" style=\"--awb-liftup-border-radius:0px;--awb-caption-title-font-family:var(--h2_typography-font-family);--awb-caption-title-font-weight:var(--h2_typography-font-weight);--awb-caption-title-font-style:var(--h2_typography-font-style);--awb-caption-title-size:var(--h2_typography-font-size);--awb-caption-title-transform:var(--h2_typography-text-transform);--awb-caption-title-line-height:var(--h2_typography-line-height);--awb-caption-title-letter-spacing:var(--h2_typography-letter-spacing);\"><div class=\"awb-image-frame awb-image-frame-5 imageframe-liftup\"><span class=\"fusion-imageframe imageframe-none imageframe-5\"><a class=\"fusion-no-lightbox\" href=\"https:\/\/pwmrlaw.com\/sp\/nicolas-mancillas\/\" target=\"_self\" aria-label=\"Nicol\u00e1s Mancillas 220\u00d7194\"><img decoding=\"async\" width=\"220\" height=\"194\" src=\"https:\/\/pwmrlaw.com\/wp-content\/uploads\/2024\/03\/Untitled-design-5.png\" alt class=\"img-responsive wp-image-2237\" srcset=\"https:\/\/pwmrlaw.com\/wp-content\/uploads\/2024\/03\/Untitled-design-5-200x176.png 200w, https:\/\/pwmrlaw.com\/wp-content\/uploads\/2024\/03\/Untitled-design-5.png 220w\" sizes=\"(max-width: 1024px) 100vw, (max-width: 640px) 100vw, 200px\" \/><\/a><\/span><\/div><\/div><div class=\"fusion-text fusion-text-5\"><h3>Nicol\u00e1s A. Mancillas<\/h3>\n<p>Abogado<br \/><a href=\"https:\/\/pwmrlaw.com\/sp\/nicolas-mancillas\/\">Ver Perfil<\/a><\/p>\n<\/div><\/div><\/div><\/div><\/div><div class=\"fusion-fullwidth fullwidth-box fusion-builder-row-2 nonhundred-percent-fullwidth non-hundred-percent-height-scrolling\" style=\"--awb-border-radius-top-left:0px;--awb-border-radius-top-right:0px;--awb-border-radius-bottom-right:0px;--awb-border-radius-bottom-left:0px;--awb-flex-wrap:wrap;\" ><div class=\"fusion-builder-row fusion-row\"><div class=\"fusion-layout-column fusion_builder_column fusion-builder-column-5 fusion_builder_column_1_1 1_1 fusion-one-full fusion-column-first fusion-column-last\" style=\"--awb-bg-size:cover;--awb-margin-bottom:0px;\"><div class=\"fusion-column-wrapper fusion-flex-column-wrapper-legacy\"><div class=\"fusion-text fusion-text-6\"><h3 class=\"fusion-responsive-typography-calculated\" style=\"--fontsize: 16; line-height: 1.2; --minfontsize: 16;\" data-fontsize=\"16\" data-lineheight=\"19.2px\">Programe su consulta gratuita* con abogados expertos<\/h3>\n<p><a title=\"Cont\u00e1ctenos\" href=\"https:\/\/pwmrlaw.com\/sp\/wp\/contact-us\/\">Contacto<\/a> Perez, Williams, Medina &amp; Rodriguez, LLP hoy para concertar una consulta inicial gratuita* y unirse a muchas personas que conf\u00edan en nosotros para recibir asesoramiento competente y resultados de calidad. Orgullosamente servimos a todo el Valle Central. Ll\u00e1menos al 559-445-0123.<\/p>\n<\/div><div class=\"fusion-clearfix\"><\/div><\/div><\/div><\/div><\/div><\/p>","protected":false},"excerpt":{"rendered":"","protected":false},"author":21,"featured_media":0,"parent":0,"menu_order":1,"comment_status":"open","ping_status":"closed","template":"","meta":{"footnotes":""},"class_list":["post-12","page","type-page","status-publish","hentry"],"yoast_head":"<!-- This site is optimized with the Yoast SEO plugin v26.8 - https:\/\/yoast.com\/product\/yoast-seo-wordpress\/ -->\n<title>Attorney Profiles - Perez, Williams, Medina and Rodriguez<\/title>\n<meta name=\"robots\" content=\"index, follow, max-snippet:-1, max-image-preview:large, max-video-preview:-1\" \/>\n<link rel=\"canonical\" href=\"https:\/\/pwmrlaw.com\/sp\/attorney-profiles\/\" \/>\n<meta property=\"og:locale\" content=\"es_MX\" \/>\n<meta property=\"og:type\" content=\"article\" \/>\n<meta property=\"og:title\" content=\"Attorney Profiles - Perez, Williams, Medina and Rodriguez\" \/>\n<meta property=\"og:url\" content=\"https:\/\/pwmrlaw.com\/sp\/attorney-profiles\/\" \/>\n<meta property=\"og:site_name\" content=\"Perez, Williams, Medina and Rodriguez\" \/>\n<meta property=\"article:modified_time\" content=\"2026-01-07T21:11:26+00:00\" \/>\n<meta name=\"twitter:card\" content=\"summary_large_image\" \/>\n<meta name=\"twitter:label1\" content=\"Tiempo de lectura\" \/>\n\t<meta name=\"twitter:data1\" content=\"5 minutos\" \/>\n<script type=\"application\/ld+json\" class=\"yoast-schema-graph\">{\"@context\":\"https:\/\/schema.org\",\"@graph\":[{\"@type\":\"WebPage\",\"@id\":\"https:\/\/pwmrlaw.com\/attorney-profiles\/\",\"url\":\"https:\/\/pwmrlaw.com\/attorney-profiles\/\",\"name\":\"Attorney Profiles - Perez, Williams, Medina and Rodriguez\",\"isPartOf\":{\"@id\":\"https:\/\/pwmrlaw.com\/#website\"},\"datePublished\":\"2011-05-16T21:24:39+00:00\",\"dateModified\":\"2026-01-07T21:11:26+00:00\",\"breadcrumb\":{\"@id\":\"https:\/\/pwmrlaw.com\/attorney-profiles\/#breadcrumb\"},\"inLanguage\":\"es\",\"potentialAction\":[{\"@type\":\"ReadAction\",\"target\":[\"https:\/\/pwmrlaw.com\/attorney-profiles\/\"]}]},{\"@type\":\"BreadcrumbList\",\"@id\":\"https:\/\/pwmrlaw.com\/attorney-profiles\/#breadcrumb\",\"itemListElement\":[{\"@type\":\"ListItem\",\"position\":1,\"name\":\"Home\",\"item\":\"https:\/\/pwmrlaw.com\/\"},{\"@type\":\"ListItem\",\"position\":2,\"name\":\"Attorney Profiles\"}]},{\"@type\":\"WebSite\",\"@id\":\"https:\/\/pwmrlaw.com\/#website\",\"url\":\"https:\/\/pwmrlaw.com\/\",\"name\":\"Perez, Williams, Medina and Rodriguez\",\"description\":\"Fresno Personal Injury and Workers&#039; Compensation Attorneys\",\"potentialAction\":[{\"@type\":\"SearchAction\",\"target\":{\"@type\":\"EntryPoint\",\"urlTemplate\":\"https:\/\/pwmrlaw.com\/?s={search_term_string}\"},\"query-input\":{\"@type\":\"PropertyValueSpecification\",\"valueRequired\":true,\"valueName\":\"search_term_string\"}}],\"inLanguage\":\"es\"}]}<\/script>\n<!-- \/ Yoast SEO plugin. -->","yoast_head_json":{"title":"Attorney Profiles - Perez, Williams, Medina and Rodriguez","robots":{"index":"index","follow":"follow","max-snippet":"max-snippet:-1","max-image-preview":"max-image-preview:large","max-video-preview":"max-video-preview:-1"},"canonical":"https:\/\/pwmrlaw.com\/sp\/attorney-profiles\/","og_locale":"es_MX","og_type":"article","og_title":"Attorney Profiles - Perez, Williams, Medina and Rodriguez","og_url":"https:\/\/pwmrlaw.com\/sp\/attorney-profiles\/","og_site_name":"Perez, Williams, Medina and Rodriguez","article_modified_time":"2026-01-07T21:11:26+00:00","twitter_card":"summary_large_image","twitter_misc":{"Tiempo de lectura":"5 minutos"},"schema":{"@context":"https:\/\/schema.org","@graph":[{"@type":"WebPage","@id":"https:\/\/pwmrlaw.com\/attorney-profiles\/","url":"https:\/\/pwmrlaw.com\/attorney-profiles\/","name":"Attorney Profiles - Perez, Williams, Medina and Rodriguez","isPartOf":{"@id":"https:\/\/pwmrlaw.com\/#website"},"datePublished":"2011-05-16T21:24:39+00:00","dateModified":"2026-01-07T21:11:26+00:00","breadcrumb":{"@id":"https:\/\/pwmrlaw.com\/attorney-profiles\/#breadcrumb"},"inLanguage":"es","potentialAction":[{"@type":"ReadAction","target":["https:\/\/pwmrlaw.com\/attorney-profiles\/"]}]},{"@type":"BreadcrumbList","@id":"https:\/\/pwmrlaw.com\/attorney-profiles\/#breadcrumb","itemListElement":[{"@type":"ListItem","position":1,"name":"Home","item":"https:\/\/pwmrlaw.com\/"},{"@type":"ListItem","position":2,"name":"Attorney Profiles"}]},{"@type":"WebSite","@id":"https:\/\/pwmrlaw.com\/#website","url":"https:\/\/pwmrlaw.com\/","name":"P\u00e9rez, Williams, Medina y Rodr\u00edguez","description":"Fresno Lesiones Personales y Trabajadores&#039; Abogados de compensaci\u00f3n","potentialAction":[{"@type":"SearchAction","target":{"@type":"EntryPoint","urlTemplate":"https:\/\/pwmrlaw.com\/?s={search_term_string}"},"query-input":{"@type":"PropertyValueSpecification","valueRequired":true,"valueName":"search_term_string"}}],"inLanguage":"es"}]}},"_links":{"self":[{"href":"https:\/\/pwmrlaw.com\/sp\/wp-json\/wp\/v2\/pages\/12","targetHints":{"allow":["GET"]}}],"collection":[{"href":"https:\/\/pwmrlaw.com\/sp\/wp-json\/wp\/v2\/pages"}],"about":[{"href":"https:\/\/pwmrlaw.com\/sp\/wp-json\/wp\/v2\/types\/page"}],"author":[{"embeddable":true,"href":"https:\/\/pwmrlaw.com\/sp\/wp-json\/wp\/v2\/users\/21"}],"replies":[{"embeddable":true,"href":"https:\/\/pwmrlaw.com\/sp\/wp-json\/wp\/v2\/comments?post=12"}],"version-history":[{"count":69,"href":"https:\/\/pwmrlaw.com\/sp\/wp-json\/wp\/v2\/pages\/12\/revisions"}],"predecessor-version":[{"id":2131,"href":"https:\/\/pwmrlaw.com\/sp\/wp-json\/wp\/v2\/pages\/12\/revisions\/2131"}],"wp:attachment":[{"href":"https:\/\/pwmrlaw.com\/sp\/wp-json\/wp\/v2\/media?parent=12"}],"curies":[{"name":"wp","href":"https:\/\/api.w.org\/{rel}","templated":true}]}}