{"id":14,"date":"2011-05-16T17:24:51","date_gmt":"2011-05-16T21:24:51","guid":{"rendered":"http:\/\/perezwilliamsmedinarodriguez.thelawlinks.com\/?page_id=14"},"modified":"2021-01-25T10:44:54","modified_gmt":"2021-01-25T18:44:54","slug":"personal-injury","status":"publish","type":"page","link":"https:\/\/pwmrlaw.com\/sp\/personal-injury\/","title":{"rendered":"Lesiones Personales"},"content":{"rendered":"<div class=\"fusion-fullwidth fullwidth-box fusion-builder-row-1 nonhundred-percent-fullwidth non-hundred-percent-height-scrolling\" style=\"--awb-border-radius-top-left:0px;--awb-border-radius-top-right:0px;--awb-border-radius-bottom-right:0px;--awb-border-radius-bottom-left:0px;--awb-flex-wrap:wrap;\" ><div class=\"fusion-builder-row fusion-row\"><div class=\"fusion-layout-column fusion_builder_column fusion-builder-column-0 fusion_builder_column_1_1 1_1 fusion-one-full fusion-column-first fusion-column-last\" style=\"--awb-bg-size:cover;--awb-margin-bottom:0px;\"><div class=\"fusion-column-wrapper fusion-flex-column-wrapper-legacy\"><div class=\"fusion-text fusion-text-1\"><h1 data-fontsize=\"24\" data-lineheight=\"33px\" class=\"fusion-responsive-typography-calculated\" style=\"--fontSize: 24; line-height: 1.38;\">Abogados de lesiones personales de Fresno que luchan por usted<\/h1>\n<h2 data-fontsize=\"18\" data-lineheight=\"27px\" class=\"fusion-responsive-typography-calculated\" style=\"--fontSize: 18; line-height: 1.5; --minFontSize: 18;\">Prestaci\u00f3n de servicios integrales a las v\u00edctimas de accidentes<\/h2>\n<p>En Perez, Williams, Medina &amp; Rodriguez, LLP, entendemos que sufrir una lesi\u00f3n personal afecta todas las \u00e1reas de su vida. Abordamos su caso con compasi\u00f3n y la determinaci\u00f3n de lograr sus objetivos. Nuestro conocimiento, habilidades y experiencia pueden ayudarlo a obtener un fallo o acuerdo a su favor. Los abogados de nuestra firma manejan actos simples de negligencia y casos m\u00e1s complicados, que incluyen reclamos de muerte por negligencia. Cuando el resultado de su caso sea esencial para su sustento, conf\u00ede en nosotros.<\/p>\n<h2 data-fontsize=\"18\" data-lineheight=\"27px\" class=\"fusion-responsive-typography-calculated\" style=\"--fontSize: 18; line-height: 1.5; --minFontSize: 18;\">Ayudar con una variedad de casos de lesiones.<\/h2>\n<p>Nuestro enfoque es \u00fanicamente en casos de lesiones, por lo que estamos completamente preparados para manejar cualquier tipo de accidente:<\/p>\n<ul>\n<li><strong>Muerte injusta. <\/strong>Entendemos que perder a un ser querido es emocionalmente devastador. Adem\u00e1s, los familiares sobrevivientes deben lidiar con la p\u00e9rdida de ingresos, la p\u00e9rdida de ayuda y los costos relacionados con la muerte. Podemos ayudarlo a recuperar p\u00e9rdidas monetarias en un <a title=\"Muerte injusta\" href=\"https:\/\/pwmrlaw.com\/sp\/wp\/personal-injury\/wrongful-death\/\">muerte injusta<\/a> acci\u00f3n.<\/li>\n<li><strong>Accidente automovil\u00edstico. <\/strong>Si result\u00f3 herido en un <a title=\"Accidente Automovil\u00edstico\" href=\"https:\/\/pwmrlaw.com\/sp\/wp\/personal-injury\/auto-accident\/\">accidente automovil\u00edstico<\/a>, investigamos las causas y los factores contribuyentes relacionados con el naufragio. Si el conductor estaba distra\u00eddo, bajo la influencia del alcohol o negligente de otra manera, montamos un caso agresivo para recuperar sus da\u00f1os.<\/li>\n<li><strong>Accidente de cami\u00f3n. <\/strong>Lesiones resultantes de <a title=\"Accidente de cami\u00f3n\" href=\"https:\/\/pwmrlaw.com\/sp\/wp\/personal-injury\/truck-accident\/\">accidentes de camiones<\/a> suelen ser graves. Determinamos si el conductor, la empresa de camiones, la empresa de carga u otra parte o entidad pueden ser responsables de sus lesiones.<\/li>\n<li><strong>Accidente de motocicleta. <\/strong><a title=\"Accidente de motocicleta\" href=\"https:\/\/pwmrlaw.com\/sp\/wp\/personal-injury\/motorcycle-accident\/\">accidentes de moto<\/a> a menudo son causados por un conductor de autom\u00f3vil que no ve al motociclista. Cualquiera que sea el motivo de su accidente, podemos ayudarlo a obtener una compensaci\u00f3n por los da\u00f1os que sufri\u00f3. Estas lesiones suelen ser graves debido al tama\u00f1o peque\u00f1o de la bicicleta y la naturaleza en gran parte desprotegida de la conducci\u00f3n.<\/li>\n<li><strong>Responsabilidad del local. <\/strong>Los due\u00f1os de propiedades tienen el deber de mantener sus instalaciones seguras y de advertir adecuadamente a los visitantes sobre cualquier condici\u00f3n potencialmente peligrosa. Si se lesiona en un accidente de resbal\u00f3n y ca\u00edda u otro tipo de percance debido a la negligencia del due\u00f1o de la propiedad, es posible que tenga un <a title=\"Responsabilidad de los locales\" href=\"https:\/\/pwmrlaw.com\/sp\/wp\/personal-injury\/premises-liability\/\">responsabilidad de locales<\/a> afirmar.<\/li>\n<li><strong>Responsabilidad por productos. <\/strong>Los consumidores se lesionan con frecuencia por productos defectuosos. Lo ayudamos a determinar si el fabricante, minorista, distribuidor o comercializador puede ser considerado responsable de sus lesiones en un <a title=\"Responsabilidad del producto\" href=\"https:\/\/pwmrlaw.com\/sp\/wp\/personal-injury\/product-liability\/\">responsabilidad por productos<\/a> demanda judicial.<\/li>\n<li><strong>Lesiones catastr\u00f3ficas. <\/strong>Las lesiones catastr\u00f3ficas son da\u00f1os que tienen efectos graves a largo plazo para la v\u00edctima. Ejemplos de <a title=\"Lesiones catastr\u00f3ficas\" href=\"https:\/\/pwmrlaw.com\/sp\/wp\/personal-injury\/catastrophic\/\">lesiones catastr\u00f3ficas<\/a> incluyen da\u00f1o a la columna vertebral, el cerebro o el cuello y par\u00e1lisis.<\/li>\n<\/ul>\n<h3 data-fontsize=\"16\" data-lineheight=\"19px\" class=\"fusion-responsive-typography-calculated\" style=\"--fontSize: 16; line-height: 1.19; --minFontSize: 16;\">Comun\u00edquese con los abogados expertos en lesiones personales de Fresno para una consulta inicial gratuita*<\/h3>\n<p>Si est\u00e1 buscando abogados con experiencia en accidentes que se preocupen, <a title=\"Cont\u00e1ctenos\" href=\"https:\/\/pwmrlaw.com\/sp\/wp\/contact-us\/\">contacto<\/a> P\u00e9rez, Williams, Medina y Rodr\u00edguez, LLP al 559-445-0123. Estamos convenientemente ubicados en Fresno, CA, y tambi\u00e9n atendemos a clientes en los condados de Tulare, Kings, Kern, Fresno, Madera y Merced. Hablamos ingl\u00e9s y espa\u00f1ol.<\/p>\n<\/div><div class=\"fusion-clearfix\"><\/div><\/div><\/div><\/div><\/div>","protected":false},"excerpt":{"rendered":"","protected":false},"author":21,"featured_media":0,"parent":0,"menu_order":4,"comment_status":"open","ping_status":"closed","template":"","meta":{"footnotes":""},"class_list":["post-14","page","type-page","status-publish","hentry"],"yoast_head":"<!-- This site is optimized with the Yoast SEO plugin v26.8 - https:\/\/yoast.com\/product\/yoast-seo-wordpress\/ -->\n<title>Personal Injury - Perez, Williams, Medina and Rodriguez<\/title>\n<meta name=\"robots\" content=\"index, follow, max-snippet:-1, max-image-preview:large, max-video-preview:-1\" \/>\n<link rel=\"canonical\" href=\"https:\/\/pwmrlaw.com\/sp\/personal-injury\/\" \/>\n<meta property=\"og:locale\" content=\"es_MX\" \/>\n<meta property=\"og:type\" content=\"article\" \/>\n<meta property=\"og:title\" content=\"Personal Injury - Perez, Williams, Medina and Rodriguez\" \/>\n<meta property=\"og:url\" content=\"https:\/\/pwmrlaw.com\/sp\/personal-injury\/\" \/>\n<meta property=\"og:site_name\" content=\"Perez, Williams, Medina and Rodriguez\" \/>\n<meta property=\"article:modified_time\" content=\"2021-01-25T18:44:54+00:00\" \/>\n<meta name=\"twitter:card\" content=\"summary_large_image\" \/>\n<meta name=\"twitter:label1\" content=\"Tiempo de lectura\" \/>\n\t<meta name=\"twitter:data1\" content=\"3 minutos\" \/>\n<script type=\"application\/ld+json\" class=\"yoast-schema-graph\">{\"@context\":\"https:\/\/schema.org\",\"@graph\":[{\"@type\":\"WebPage\",\"@id\":\"https:\/\/pwmrlaw.com\/personal-injury\/\",\"url\":\"https:\/\/pwmrlaw.com\/personal-injury\/\",\"name\":\"Personal Injury - Perez, Williams, Medina and Rodriguez\",\"isPartOf\":{\"@id\":\"https:\/\/pwmrlaw.com\/#website\"},\"datePublished\":\"2011-05-16T21:24:51+00:00\",\"dateModified\":\"2021-01-25T18:44:54+00:00\",\"breadcrumb\":{\"@id\":\"https:\/\/pwmrlaw.com\/personal-injury\/#breadcrumb\"},\"inLanguage\":\"es\",\"potentialAction\":[{\"@type\":\"ReadAction\",\"target\":[\"https:\/\/pwmrlaw.com\/personal-injury\/\"]}]},{\"@type\":\"BreadcrumbList\",\"@id\":\"https:\/\/pwmrlaw.com\/personal-injury\/#breadcrumb\",\"itemListElement\":[{\"@type\":\"ListItem\",\"position\":1,\"name\":\"Home\",\"item\":\"https:\/\/pwmrlaw.com\/\"},{\"@type\":\"ListItem\",\"position\":2,\"name\":\"Personal Injury\"}]},{\"@type\":\"WebSite\",\"@id\":\"https:\/\/pwmrlaw.com\/#website\",\"url\":\"https:\/\/pwmrlaw.com\/\",\"name\":\"Perez, Williams, Medina and Rodriguez\",\"description\":\"Fresno Personal Injury and Workers&#039; Compensation Attorneys\",\"potentialAction\":[{\"@type\":\"SearchAction\",\"target\":{\"@type\":\"EntryPoint\",\"urlTemplate\":\"https:\/\/pwmrlaw.com\/?s={search_term_string}\"},\"query-input\":{\"@type\":\"PropertyValueSpecification\",\"valueRequired\":true,\"valueName\":\"search_term_string\"}}],\"inLanguage\":\"es\"}]}<\/script>\n<!-- \/ Yoast SEO plugin. -->","yoast_head_json":{"title":"Personal Injury - Perez, Williams, Medina and Rodriguez","robots":{"index":"index","follow":"follow","max-snippet":"max-snippet:-1","max-image-preview":"max-image-preview:large","max-video-preview":"max-video-preview:-1"},"canonical":"https:\/\/pwmrlaw.com\/sp\/personal-injury\/","og_locale":"es_MX","og_type":"article","og_title":"Personal Injury - Perez, Williams, Medina and Rodriguez","og_url":"https:\/\/pwmrlaw.com\/sp\/personal-injury\/","og_site_name":"Perez, Williams, Medina and Rodriguez","article_modified_time":"2021-01-25T18:44:54+00:00","twitter_card":"summary_large_image","twitter_misc":{"Tiempo de lectura":"3 minutos"},"schema":{"@context":"https:\/\/schema.org","@graph":[{"@type":"WebPage","@id":"https:\/\/pwmrlaw.com\/personal-injury\/","url":"https:\/\/pwmrlaw.com\/personal-injury\/","name":"Personal Injury - Perez, Williams, Medina and Rodriguez","isPartOf":{"@id":"https:\/\/pwmrlaw.com\/#website"},"datePublished":"2011-05-16T21:24:51+00:00","dateModified":"2021-01-25T18:44:54+00:00","breadcrumb":{"@id":"https:\/\/pwmrlaw.com\/personal-injury\/#breadcrumb"},"inLanguage":"es","potentialAction":[{"@type":"ReadAction","target":["https:\/\/pwmrlaw.com\/personal-injury\/"]}]},{"@type":"BreadcrumbList","@id":"https:\/\/pwmrlaw.com\/personal-injury\/#breadcrumb","itemListElement":[{"@type":"ListItem","position":1,"name":"Home","item":"https:\/\/pwmrlaw.com\/"},{"@type":"ListItem","position":2,"name":"Personal Injury"}]},{"@type":"WebSite","@id":"https:\/\/pwmrlaw.com\/#website","url":"https:\/\/pwmrlaw.com\/","name":"P\u00e9rez, Williams, Medina y Rodr\u00edguez","description":"Fresno Lesiones Personales y Trabajadores&#039; Abogados de compensaci\u00f3n","potentialAction":[{"@type":"SearchAction","target":{"@type":"EntryPoint","urlTemplate":"https:\/\/pwmrlaw.com\/?s={search_term_string}"},"query-input":{"@type":"PropertyValueSpecification","valueRequired":true,"valueName":"search_term_string"}}],"inLanguage":"es"}]}},"_links":{"self":[{"href":"https:\/\/pwmrlaw.com\/sp\/wp-json\/wp\/v2\/pages\/14","targetHints":{"allow":["GET"]}}],"collection":[{"href":"https:\/\/pwmrlaw.com\/sp\/wp-json\/wp\/v2\/pages"}],"about":[{"href":"https:\/\/pwmrlaw.com\/sp\/wp-json\/wp\/v2\/types\/page"}],"author":[{"embeddable":true,"href":"https:\/\/pwmrlaw.com\/sp\/wp-json\/wp\/v2\/users\/21"}],"replies":[{"embeddable":true,"href":"https:\/\/pwmrlaw.com\/sp\/wp-json\/wp\/v2\/comments?post=14"}],"version-history":[{"count":10,"href":"https:\/\/pwmrlaw.com\/sp\/wp-json\/wp\/v2\/pages\/14\/revisions"}],"predecessor-version":[{"id":1982,"href":"https:\/\/pwmrlaw.com\/sp\/wp-json\/wp\/v2\/pages\/14\/revisions\/1982"}],"wp:attachment":[{"href":"https:\/\/pwmrlaw.com\/sp\/wp-json\/wp\/v2\/media?parent=14"}],"curies":[{"name":"wp","href":"https:\/\/api.w.org\/{rel}","templated":true}]}}