{"id":16,"date":"2011-05-16T17:25:04","date_gmt":"2011-05-16T21:25:04","guid":{"rendered":"http:\/\/perezwilliamsmedinarodriguez.thelawlinks.com\/?page_id=16"},"modified":"2017-08-04T18:20:06","modified_gmt":"2017-08-04T18:20:06","slug":"wrongful-death","status":"publish","type":"page","link":"https:\/\/pwmrlaw.com\/sp\/personal-injury\/wrongful-death\/","title":{"rendered":"Muerte injusta"},"content":{"rendered":"<h1>Nuestro equipo legal de Fresno tiene los recursos para manejar con \u00e9xito su caso de muerte por negligencia<\/h1>\n<h2>Brindar representaci\u00f3n legal compasiva y agresiva<\/h2>\n<p>Perder a alguien que amas es un evento excepcionalmente traum\u00e1tico. En Perez, Williams, Medina &amp; Rodriguez, LLP, creemos que debe concentrarse en su familia y hacer frente a la muerte de su ser querido y permitirnos manejar sus intereses en la b\u00fasqueda de una indemnizaci\u00f3n monetaria por su p\u00e9rdida. Quitamos la carga de pelear con la parte negligente y las compa\u00f1\u00edas de seguros. Mientras nos enfocamos en su recuperaci\u00f3n financiera, usted puede concentrarse en su recuperaci\u00f3n emocional.<\/p>\n<h2>\u00bfQui\u00e9n puede demandar por muerte injusta?<\/h2>\n<p>Bajo la ley de California, el c\u00f3nyuge de la v\u00edctima tiene el primer derecho de presentar una demanda por muerte injusta. Otras partes que pueden ser elegibles incluyen:<\/p>\n<table style=\"width: 100%;\" border=\"0\">\n<tbody>\n<tr>\n<td valign=\"top\" width=\"50%\">\n<ul style=\"font-size: 13px; line-height: 19px;\">\n<li>Hijos de la v\u00edctima<\/li>\n<li>Descendencia de los hijos prefallecidos de la v\u00edctima<\/li>\n<li>padres de la victima<\/li>\n<\/ul>\n<\/td>\n<td valign=\"top\" width=\"50%\">\n<ul style=\"font-size: 13px; line-height: 19px;\">\n<li>hermanos de la victima<\/li>\n<li>Otros familiares de la v\u00edctima<\/li>\n<\/ul>\n<\/td>\n<\/tr>\n<\/tbody>\n<\/table>\n<p>A <a title=\"Lesiones Personales\" href=\"https:\/\/pwmrlaw.com\/sp\/wp\/personal-injury\/\">abogado de lesiones personales<\/a> puede ayudarlo a determinar si puede emprender una acci\u00f3n de muerte por negligencia y ayudarlo a crear una estrategia para obtener una compensaci\u00f3n por su p\u00e9rdida.<\/p>\n<h2>Se puede presentar una demanda por muerte por negligencia por una variedad de accidentes<\/h2>\n<p>Una muerte por negligencia puede ocurrir en una gran cantidad de formas. Representamos a sobrevivientes de seres queridos que fallecieron en accidentes en California que involucran:<\/p>\n<table style=\"width: 100%;\" border=\"0\">\n<tbody>\n<tr>\n<td valign=\"top\" width=\"50%\">\n<ul style=\"font-size: 13px; line-height: 19px;\">\n<li>Choques de autom\u00f3viles, motocicletas y camiones<\/li>\n<li>accidentes de navegaci\u00f3n<\/li>\n<li>Colisiones de bicicletas y peatones<\/li>\n<li>Negligencia m\u00e9dica<\/li>\n<\/ul>\n<\/td>\n<td valign=\"top\" width=\"50%\">\n<ul style=\"font-size: 13px; line-height: 19px;\">\n<li>Lesiones por productos defectuosos<\/li>\n<li>Lesiones en el lugar de trabajo<\/li>\n<li>Lesiones de responsabilidad de locales<\/li>\n<\/ul>\n<\/td>\n<\/tr>\n<\/tbody>\n<\/table>\n<p>Nuestros abogados combinan nuestra considerable experiencia en lesiones personales con compasi\u00f3n para servirle durante este momento dif\u00edcil. Quitamos la carga de buscar una compensaci\u00f3n completa y justa de sus hombros.<\/p>\n<h2>Da\u00f1os otorgados en una acci\u00f3n de muerte por negligencia<\/h2>\n<p>Una demanda por muerte por negligencia o una demanda por <a title=\"Lesiones catastr\u00f3ficas\" href=\"https:\/\/pwmrlaw.com\/sp\/wp\/personal-injury\/catastrophic\/\">lesiones graves<\/a> puede ser complicado Los sobrevivientes pueden obtener compensaci\u00f3n por lo siguiente:<\/p>\n<table style=\"width: 100%;\" border=\"0\">\n<tbody>\n<tr>\n<td valign=\"top\" width=\"50%\">\n<ul style=\"font-size: 13px; line-height: 19px;\">\n<li>Gastos m\u00e9dicos<\/li>\n<li>Gastos de funeral<\/li>\n<li>P\u00e9rdida de apoyo financiero y ganancias anticipadas<\/li>\n<\/ul>\n<\/td>\n<td valign=\"top\" width=\"50%\">\n<ul style=\"font-size: 13px; line-height: 19px;\">\n<li>P\u00e9rdida de amor, compa\u00f1\u00eda, consuelo, afecto y apoyo moral<\/li>\n<li>P\u00e9rdida de consorcio<\/li>\n<li>Da\u00f1os punitivos<\/li>\n<\/ul>\n<\/td>\n<\/tr>\n<\/tbody>\n<\/table>\n<p>Revisamos los hechos \u00fanicos que rodean su caso y lo ayudamos a determinar los tipos de da\u00f1os que puede tener derecho a recuperar.<\/p>\n<h3>Obtenga el asesoramiento y la orientaci\u00f3n que necesita para presentar una demanda por muerte por negligencia<\/h3>\n<p>En Perez, Williams, Medina &amp; Rodriguez, LLP, entendemos la confusi\u00f3n emocional asociada con las demandas por muerte injusta. Estamos a su lado en cada paso del camino. Para programar su consulta inicial gratuita, cont\u00e1ctenos al 559-445-0123.<\/p>","protected":false},"excerpt":{"rendered":"<p>Our Fresno Legal Team Has the Resources to Successfully Handle Your Wrongful Death Case Providing compassionate and aggressive legal representation Losing somebody you love is an exceptionally traumatic event. At Perez, Williams, Medina &amp; Rodriguez, LLP, we believe that you should concentrate on your family and coping with the death of your loved one and<\/p>","protected":false},"author":21,"featured_media":0,"parent":14,"menu_order":0,"comment_status":"open","ping_status":"closed","template":"","meta":{"footnotes":""},"class_list":["post-16","page","type-page","status-publish","hentry"],"yoast_head":"<!-- This site is optimized with the Yoast SEO plugin v26.8 - https:\/\/yoast.com\/product\/yoast-seo-wordpress\/ -->\n<title>Wrongful Death - Perez, Williams, Medina and Rodriguez<\/title>\n<meta name=\"robots\" content=\"index, follow, max-snippet:-1, max-image-preview:large, max-video-preview:-1\" \/>\n<link rel=\"canonical\" href=\"https:\/\/pwmrlaw.com\/sp\/personal-injury\/wrongful-death\/\" \/>\n<meta property=\"og:locale\" content=\"es_MX\" \/>\n<meta property=\"og:type\" content=\"article\" \/>\n<meta property=\"og:title\" content=\"Wrongful Death - Perez, Williams, Medina and Rodriguez\" \/>\n<meta property=\"og:description\" content=\"Our Fresno Legal Team Has the Resources to Successfully Handle Your Wrongful Death Case Providing compassionate and aggressive legal representation Losing somebody you love is an exceptionally traumatic event. At Perez, Williams, Medina &amp; Rodriguez, LLP, we believe that you should concentrate on your family and coping with the death of your loved one and\" \/>\n<meta property=\"og:url\" content=\"https:\/\/pwmrlaw.com\/sp\/personal-injury\/wrongful-death\/\" \/>\n<meta property=\"og:site_name\" content=\"Perez, Williams, Medina and Rodriguez\" \/>\n<meta property=\"article:modified_time\" content=\"2017-08-04T18:20:06+00:00\" \/>\n<meta name=\"twitter:card\" content=\"summary_large_image\" \/>\n<meta name=\"twitter:label1\" content=\"Tiempo de lectura\" \/>\n\t<meta name=\"twitter:data1\" content=\"2 minutos\" \/>\n<script type=\"application\/ld+json\" class=\"yoast-schema-graph\">{\"@context\":\"https:\/\/schema.org\",\"@graph\":[{\"@type\":\"WebPage\",\"@id\":\"https:\/\/pwmrlaw.com\/personal-injury\/wrongful-death\/\",\"url\":\"https:\/\/pwmrlaw.com\/personal-injury\/wrongful-death\/\",\"name\":\"Wrongful Death - Perez, Williams, Medina and Rodriguez\",\"isPartOf\":{\"@id\":\"https:\/\/pwmrlaw.com\/#website\"},\"datePublished\":\"2011-05-16T21:25:04+00:00\",\"dateModified\":\"2017-08-04T18:20:06+00:00\",\"breadcrumb\":{\"@id\":\"https:\/\/pwmrlaw.com\/personal-injury\/wrongful-death\/#breadcrumb\"},\"inLanguage\":\"es\",\"potentialAction\":[{\"@type\":\"ReadAction\",\"target\":[\"https:\/\/pwmrlaw.com\/personal-injury\/wrongful-death\/\"]}]},{\"@type\":\"BreadcrumbList\",\"@id\":\"https:\/\/pwmrlaw.com\/personal-injury\/wrongful-death\/#breadcrumb\",\"itemListElement\":[{\"@type\":\"ListItem\",\"position\":1,\"name\":\"Home\",\"item\":\"https:\/\/pwmrlaw.com\/\"},{\"@type\":\"ListItem\",\"position\":2,\"name\":\"Personal Injury\",\"item\":\"https:\/\/pwmrlaw.com\/personal-injury\/\"},{\"@type\":\"ListItem\",\"position\":3,\"name\":\"Wrongful Death\"}]},{\"@type\":\"WebSite\",\"@id\":\"https:\/\/pwmrlaw.com\/#website\",\"url\":\"https:\/\/pwmrlaw.com\/\",\"name\":\"Perez, Williams, Medina and Rodriguez\",\"description\":\"Fresno Personal Injury and Workers&#039; Compensation Attorneys\",\"potentialAction\":[{\"@type\":\"SearchAction\",\"target\":{\"@type\":\"EntryPoint\",\"urlTemplate\":\"https:\/\/pwmrlaw.com\/?s={search_term_string}\"},\"query-input\":{\"@type\":\"PropertyValueSpecification\",\"valueRequired\":true,\"valueName\":\"search_term_string\"}}],\"inLanguage\":\"es\"}]}<\/script>\n<!-- \/ Yoast SEO plugin. -->","yoast_head_json":{"title":"Wrongful Death - Perez, Williams, Medina and Rodriguez","robots":{"index":"index","follow":"follow","max-snippet":"max-snippet:-1","max-image-preview":"max-image-preview:large","max-video-preview":"max-video-preview:-1"},"canonical":"https:\/\/pwmrlaw.com\/sp\/personal-injury\/wrongful-death\/","og_locale":"es_MX","og_type":"article","og_title":"Wrongful Death - Perez, Williams, Medina and Rodriguez","og_description":"Our Fresno Legal Team Has the Resources to Successfully Handle Your Wrongful Death Case Providing compassionate and aggressive legal representation Losing somebody you love is an exceptionally traumatic event. At Perez, Williams, Medina &amp; Rodriguez, LLP, we believe that you should concentrate on your family and coping with the death of your loved one and","og_url":"https:\/\/pwmrlaw.com\/sp\/personal-injury\/wrongful-death\/","og_site_name":"Perez, Williams, Medina and Rodriguez","article_modified_time":"2017-08-04T18:20:06+00:00","twitter_card":"summary_large_image","twitter_misc":{"Tiempo de lectura":"2 minutos"},"schema":{"@context":"https:\/\/schema.org","@graph":[{"@type":"WebPage","@id":"https:\/\/pwmrlaw.com\/personal-injury\/wrongful-death\/","url":"https:\/\/pwmrlaw.com\/personal-injury\/wrongful-death\/","name":"Wrongful Death - Perez, Williams, Medina and Rodriguez","isPartOf":{"@id":"https:\/\/pwmrlaw.com\/#website"},"datePublished":"2011-05-16T21:25:04+00:00","dateModified":"2017-08-04T18:20:06+00:00","breadcrumb":{"@id":"https:\/\/pwmrlaw.com\/personal-injury\/wrongful-death\/#breadcrumb"},"inLanguage":"es","potentialAction":[{"@type":"ReadAction","target":["https:\/\/pwmrlaw.com\/personal-injury\/wrongful-death\/"]}]},{"@type":"BreadcrumbList","@id":"https:\/\/pwmrlaw.com\/personal-injury\/wrongful-death\/#breadcrumb","itemListElement":[{"@type":"ListItem","position":1,"name":"Home","item":"https:\/\/pwmrlaw.com\/"},{"@type":"ListItem","position":2,"name":"Personal Injury","item":"https:\/\/pwmrlaw.com\/personal-injury\/"},{"@type":"ListItem","position":3,"name":"Wrongful Death"}]},{"@type":"WebSite","@id":"https:\/\/pwmrlaw.com\/#website","url":"https:\/\/pwmrlaw.com\/","name":"P\u00e9rez, Williams, Medina y Rodr\u00edguez","description":"Fresno Lesiones Personales y Trabajadores&#039; Abogados de compensaci\u00f3n","potentialAction":[{"@type":"SearchAction","target":{"@type":"EntryPoint","urlTemplate":"https:\/\/pwmrlaw.com\/?s={search_term_string}"},"query-input":{"@type":"PropertyValueSpecification","valueRequired":true,"valueName":"search_term_string"}}],"inLanguage":"es"}]}},"_links":{"self":[{"href":"https:\/\/pwmrlaw.com\/sp\/wp-json\/wp\/v2\/pages\/16","targetHints":{"allow":["GET"]}}],"collection":[{"href":"https:\/\/pwmrlaw.com\/sp\/wp-json\/wp\/v2\/pages"}],"about":[{"href":"https:\/\/pwmrlaw.com\/sp\/wp-json\/wp\/v2\/types\/page"}],"author":[{"embeddable":true,"href":"https:\/\/pwmrlaw.com\/sp\/wp-json\/wp\/v2\/users\/21"}],"replies":[{"embeddable":true,"href":"https:\/\/pwmrlaw.com\/sp\/wp-json\/wp\/v2\/comments?post=16"}],"version-history":[{"count":8,"href":"https:\/\/pwmrlaw.com\/sp\/wp-json\/wp\/v2\/pages\/16\/revisions"}],"predecessor-version":[{"id":1454,"href":"https:\/\/pwmrlaw.com\/sp\/wp-json\/wp\/v2\/pages\/16\/revisions\/1454"}],"up":[{"embeddable":true,"href":"https:\/\/pwmrlaw.com\/sp\/wp-json\/wp\/v2\/pages\/14"}],"wp:attachment":[{"href":"https:\/\/pwmrlaw.com\/sp\/wp-json\/wp\/v2\/media?parent=16"}],"curies":[{"name":"wp","href":"https:\/\/api.w.org\/{rel}","templated":true}]}}