{"id":1680,"date":"2018-11-19T09:23:12","date_gmt":"2018-11-19T17:23:12","guid":{"rendered":"https:\/\/pwmrlaw.com\/?page_id=1680"},"modified":"2018-11-19T09:24:35","modified_gmt":"2018-11-19T17:24:35","slug":"automobile-motorcycle-accidents","status":"publish","type":"page","link":"https:\/\/pwmrlaw.com\/sp\/personal-injury\/automobile-motorcycle-accidents\/","title":{"rendered":"Accidentes de autom\u00f3vil\/motocicleta"},"content":{"rendered":"<p><div class=\"fusion-fullwidth fullwidth-box fusion-builder-row-1 nonhundred-percent-fullwidth non-hundred-percent-height-scrolling\" style=\"--awb-border-radius-top-left:0px;--awb-border-radius-top-right:0px;--awb-border-radius-bottom-right:0px;--awb-border-radius-bottom-left:0px;--awb-flex-wrap:wrap;\" ><div class=\"fusion-builder-row fusion-row\"><div class=\"fusion-layout-column fusion_builder_column fusion-builder-column-0 fusion_builder_column_1_1 1_1 fusion-one-full fusion-column-first fusion-column-last\" style=\"--awb-bg-size:cover;--awb-margin-bottom:0px;\"><div class=\"fusion-column-wrapper fusion-flex-column-wrapper-legacy\"><div class=\"fusion-text fusion-text-1\"><h1>Los abogados de Fresno representan diligentemente a las v\u00edctimas de accidentes automovil\u00edsticos<\/h1>\n<h2>Aportando experiencia cuando m\u00e1s importa<\/h2>\n<p>En P\u00e9rez, Williams, Medina y Rodr\u00edguez, LLP, entendemos cu\u00e1n estresante puede ser un accidente automovil\u00edstico para usted y su familia. Sufrir una lesi\u00f3n personal significativa adem\u00e1s del da\u00f1o extenso a su veh\u00edculo puede ser devastador emocional y financieramente. Como abogados con experiencia en lesiones personales, somos firmes defensores en las negociaciones y en los tribunales. Nuestro objetivo es obtener la compensaci\u00f3n justa que merece como resultado de su lesi\u00f3n relacionada con el accidente.<\/p>\n<h2>Los accidentes automovil\u00edsticos vienen en muchas variedades<\/h2>\n<p>Los conductores negligentes est\u00e1n en las carreteras de California todos los d\u00edas. En nuestros a\u00f1os de experiencia, hemos visto lesiones y <a title=\"Muerte injusta\" href=\"https:\/\/pwmrlaw.com\/sp\/wp\/personal-injury\/wrongful-death\/\">muerte accidental<\/a> como resultado de una amplia gama de accidentes de veh\u00edculos, que incluyen:<\/p>\n<ul>\n<li><strong>Colisiones traseras<\/strong>. Los accidentes a menudo ocurren cuando un autom\u00f3vil choca contra el veh\u00edculo directamente en frente de \u00e9l. Este tipo de colisi\u00f3n generalmente ocurre cuando el auto de adelante frena repentinamente o el auto de atr\u00e1s acelera m\u00e1s r\u00e1pido que el auto de adelante.<\/li>\n<li><strong>Colisiones de impacto lateral<\/strong>. Un choque de impacto lateral, tambi\u00e9n conocido como colisi\u00f3n \u201cT-bone\u201d o \u201cbroadside\u201d, puede causar da\u00f1os importantes a su veh\u00edculo, y es m\u00e1s probable que sus pasajeros sufran lesiones graves en este tipo de accidente.<\/li>\n<li><strong>Colisiones de barrido lateral.<\/strong> Cuando dos veh\u00edculos est\u00e1n paralelos y se golpean o se deslizan, el impacto puede hacer que los conductores pierdan el control y choquen.<\/li>\n<li><strong>Vuelcos de veh\u00edculos.<\/strong> Se pueden producir da\u00f1os y lesiones graves cuando un autom\u00f3vil vuelca sobre un costado o sobre el techo. Los veh\u00edculos utilitarios deportivos (SUV) tienen m\u00e1s probabilidades de volcarse que los autom\u00f3viles debido a su centro de gravedad m\u00e1s alto.<\/li>\n<li><strong>Colisiones frontales. <\/strong>Cuando las partes delanteras de dos veh\u00edculos chocan entre s\u00ed, el resultado suele ser mortal.<\/li>\n<li><strong>Accidentes de un solo coche. <\/strong>Algunos choques ocurren cuando un solo veh\u00edculo choca con autom\u00f3viles estacionados, postes, \u00e1rboles u otros objetos.<\/li>\n<li><strong>Choques de varios veh\u00edculos<\/strong>. Numerosos veh\u00edculos involucrados en un accidente es una escena com\u00fan en las carreteras y autopistas de California. Los pileups son uno de los tipos de accidentes de tr\u00e1fico m\u00e1s mort\u00edferos.<\/li>\n<\/ul>\n<h2>Los accidentes automovil\u00edsticos provienen de una variedad de causas<\/h2>\n<p>No hay dos accidentes de veh\u00edculos iguales. Sin embargo, algunas causas son demasiado comunes:<\/p>\n<table style=\"width: 100%;\" border=\"0\">\n<tbody>\n<tr>\n<td valign=\"top\" width=\"50%\">\n<ul style=\"font-size: 13px; line-height: 19px;\">\n<li>Conducci\u00f3n distra\u00edda (mensajes de texto, hablar por tel\u00e9fono, comer)<\/li>\n<li>Exceso de velocidad<\/li>\n<li>Conducir bajo la influencia del alcohol o las drogas<\/li>\n<\/ul>\n<\/td>\n<td valign=\"top\" width=\"50%\">\n<ul style=\"font-size: 13px; line-height: 19px;\">\n<li>Conducci\u00f3n temeraria<\/li>\n<li>Fatiga<\/li>\n<li>Malas condiciones clim\u00e1ticas<\/li>\n<li>defectos de dise\u00f1o del coche<\/li>\n<\/ul>\n<\/td>\n<\/tr>\n<\/tbody>\n<\/table>\n<p>Cualquiera que sea la causa de su accidente, nuestros abogados pueden ayudarlo. Investigamos a fondo la causa de su accidente, contratamos a los expertos que podr\u00edan beneficiar su caso y utilizamos una variedad de otros recursos a nuestra disposici\u00f3n para avanzar en su reclamo por da\u00f1os y perjuicios.<\/p>\n<h2>Una persona puede sufrir una asombrosa variedad de lesiones<\/h2>\n<p>Cuando se ve involucrado en un accidente de tr\u00e1fico, existe un n\u00famero casi ilimitado de lesiones que pueden ocurrir. Y las personas involucradas en un <a title=\"Accidente de motocicleta\" href=\"https:\/\/pwmrlaw.com\/sp\/wp\/personal-injury\/motorcycle-accident\/\">accidente de motocicleta<\/a> o un <a title=\"Accidente de cami\u00f3n\" href=\"https:\/\/pwmrlaw.com\/sp\/wp\/personal-injury\/truck-accident\/\">accidente de 18 ruedas<\/a> puede experimentar alguna combinaci\u00f3n de lo siguiente:<\/p>\n<table style=\"width: 100%;\" border=\"0\">\n<tbody>\n<tr>\n<td valign=\"top\" width=\"50%\">\n<ul style=\"font-size: 13px; line-height: 19px;\">\n<li>Contusiones, cortes y raspaduras<\/li>\n<li>Latigazo<\/li>\n<li>Huesos rotos<\/li>\n<li>P\u00e9rdida de extremidades<\/li>\n<\/ul>\n<\/td>\n<td valign=\"top\" width=\"50%\">\n<ul style=\"font-size: 13px; line-height: 19px;\">\n<li>Lesiones Cerebrales<\/li>\n<li>Par\u00e1lisis<\/li>\n<li>lesiones de columna<\/li>\n<\/ul>\n<\/td>\n<\/tr>\n<\/tbody>\n<\/table>\n<p>Si sufri\u00f3 lesiones graves en un accidente automovil\u00edstico, es posible que tenga derecho a recuperar da\u00f1os. Si perdi\u00f3 a un ser querido en un accidente fatal, podemos ayudarlo a iniciar una acci\u00f3n por homicidio culposo.<\/p>\n<h3>Busque la ayuda de abogados con experiencia en accidentes automovil\u00edsticos en Fresno hoy<\/h3>\n<p>P\u00e9rez, Williams, Medina y Rodr\u00edguez, LLP cuenta con abogados que conocen los casos de accidentes automovil\u00edsticos. Podemos ayudarlo a obtener una compensaci\u00f3n por sus facturas m\u00e9dicas, salarios perdidos y otros da\u00f1os sufridos. Desde nuestra oficina en Fresno, California, tambi\u00e9n atendemos a clientes en todo el Valle Central, incluidos los condados de Fresno, Tulare, Madera, Merced y Kings. Programe su consulta gratuita llam\u00e1ndonos al 559-445-0123.<\/p>\n<\/div><div class=\"fusion-clearfix\"><\/div><\/div><\/div><\/div><\/div><div class=\"fusion-fullwidth fullwidth-box fusion-builder-row-2 nonhundred-percent-fullwidth non-hundred-percent-height-scrolling\" style=\"--awb-border-radius-top-left:0px;--awb-border-radius-top-right:0px;--awb-border-radius-bottom-right:0px;--awb-border-radius-bottom-left:0px;--awb-margin-top:50px;--awb-flex-wrap:wrap;\" ><div class=\"fusion-builder-row fusion-row\"><div class=\"fusion-layout-column fusion_builder_column fusion-builder-column-1 fusion_builder_column_1_1 1_1 fusion-one-full fusion-column-first fusion-column-last\" style=\"--awb-bg-size:cover;--awb-margin-bottom:0px;\"><div class=\"fusion-column-wrapper fusion-flex-column-wrapper-legacy\"><div class=\"fusion-text fusion-text-2\"><h1>Abogados de accidentes de motocicleta en Fresno disponibles para ayudar cuando m\u00e1s lo necesita<\/h1>\n<h2>Defender los derechos de los ciclistas en California<\/h2>\n<p>Si result\u00f3 lesionado por un conductor negligente mientras conduc\u00eda su motocicleta, P\u00e9rez, Williams, Medina y Rodr\u00edguez, LLP est\u00e1 listo para ayudarlo. Sabemos que las leyes de lesiones personales de California pueden ser confusas, pero explicamos completamente sus opciones legales y lo guiamos a trav\u00e9s de cada paso del proceso para buscar compensaci\u00f3n por sus lesiones. Nuestros abogados pueden recuperar da\u00f1os por sus facturas m\u00e9dicas, salarios perdidos, dolor y sufrimiento y otros da\u00f1os, para que pueda volver a su vida.<\/p>\n<h2>Los motociclistas se enfrentan a riesgos especiales<\/h2>\n<p>Los motociclistas se encuentran entre los viajeros m\u00e1s vulnerables de California, porque hay poca protecci\u00f3n entre ellos y la carretera. Los motociclistas son propensos a sufrir lesiones graves y, a menudo, fatales en accidentes de motocicleta que involucran las siguientes condiciones:<\/p>\n<ul>\n<li><strong>No usar casco<\/strong>. Las lesiones catastr\u00f3ficas generalmente ocurren cuando el conductor de una motocicleta no usa casco y otro equipo de protecci\u00f3n. El incumplimiento de estas precauciones de seguridad tambi\u00e9n puede proporcionar a la otra parte el argumento de que usted es parcialmente responsable de sus lesiones.<\/li>\n<li><strong>Los conductores no ven a los motociclistas. <\/strong>Debido al tama\u00f1o m\u00e1s peque\u00f1o de las motocicletas, es m\u00e1s probable que los conductores de otros veh\u00edculos no las vean en la carretera. Como resultado, las colisiones pueden ocurrir cuando un veh\u00edculo retrocede, cambia de carril o gira o no cede el paso o se detiene.<\/li>\n<li><strong>Curvas cerradas. <\/strong>Cualquier desequilibrio en una motocicleta puede provocar un accidente. Cuando los motociclistas dan vueltas cerradas, la motocicleta se inclina. Esto puede ser especialmente peligroso en caminos de grava.<\/li>\n<li><strong>Piezas de motocicleta defectuosas. <\/strong>Una motocicleta consta de miles de partes y piezas. Si alguna pieza est\u00e1 defectuosa, puede contribuir a su accidente.<\/li>\n<li><strong>Carreteras mojadas o heladas. <\/strong>Las condiciones de la carretera pueden desempe\u00f1ar un papel importante en los accidentes de motocicleta. Las carreteras mojadas o heladas pueden afectar la tracci\u00f3n y hacer que la bicicleta patine.<\/li>\n<\/ul>\n<p>Si usted o un ser querido resultan lesionados en un accidente de motocicleta, es importante contratar a un <a title=\"Lesiones Personales\" href=\"https:\/\/pwmrlaw.com\/sp\/wp\/personal-injury\/\">abogado de lesiones<\/a> Para ayudarle. Podemos investigar la causa de su accidente, determinar las partes responsables de sus da\u00f1os y buscar una compensaci\u00f3n completa y justa por sus lesiones.<\/p>\n<h2>Conozca las leyes de motocicletas de California<\/h2>\n<p>Al conducir en California, es importante conocer las leyes de nuestro estado espec\u00edficas para motocicletas. Por ejemplo, todos los conductores de motocicletas deben usar cascos y tener se\u00f1ales de giro y al menos un espejo en la bicicleta. Hay muchas otras leyes aplicables, as\u00ed que aseg\u00farese de informarse antes de salir en su motocicleta por las carreteras de California.<\/p>\n<h2>\u00bfC\u00f3mo se determina la responsabilidad en un accidente de motocicleta?<\/h2>\n<p>Determinar la responsabilidad en un accidente de motocicleta puede ser m\u00e1s dif\u00edcil que en un <a title=\"Accidente Automovil\u00edstico\" href=\"https:\/\/pwmrlaw.com\/sp\/wp\/personal-injury\/auto-accident\/\">accidente automovil\u00edstico<\/a>. Como motociclista, es importante tratar de recordar tantos detalles sobre el accidente como sea posible. Por ejemplo, la hora del d\u00eda, las condiciones del camino, qui\u00e9n presenci\u00f3 el accidente y otros factores relevantes pueden ser cr\u00edticos para su caso. Debido a la naturaleza grave de las lesiones sufridas a menudo en accidentes de motocicleta, esto puede ser dif\u00edcil. Por lo tanto, siempre debe asegurarse de que se presente un informe policial. Incluso si no puede recordar nada sobre su accidente, podemos ayudarlo. Nuestros abogados pueden trabajar con un especialista en reconstrucci\u00f3n de accidentes y otros expertos para establecer la responsabilidad por su accidente y sus lesiones.<\/p>\n<h3>Llame a nuestros abogados de accidentes de motocicleta en Fresno para una consulta gratuita sobre sus lesiones<\/h3>\n<p>Si result\u00f3 lesionado en un accidente de motocicleta, necesita un abogado especializado y dedicado a su lado. Con m\u00e1s de 40 a\u00f1os de experiencia combinada, los abogados de lesiones personales de P\u00e9rez, Williams, Medina y Rodr\u00edguez, LLP trabajar\u00e1n arduamente para ayudarlo a obtener una compensaci\u00f3n completa y justa. Desde nuestras oficinas en Fresno, California, tambi\u00e9n atendemos a clientes en los condados de Fresno, Tulare, Madera, Merced y Kings.\u00a0<a title=\"Cont\u00e1ctenos\" href=\"https:\/\/pwmrlaw.com\/sp\/wp\/contact-us\/\">P\u00f3ngase en contacto con nuestra oficina<\/a> hoy al 559-445-0123 para programar una consulta inicial gratuita.<\/p>\n<\/div><div class=\"fusion-clearfix\"><\/div><\/div><\/div><\/div><\/div><\/p>","protected":false},"excerpt":{"rendered":"","protected":false},"author":2,"featured_media":0,"parent":14,"menu_order":1,"comment_status":"closed","ping_status":"closed","template":"","meta":{"footnotes":""},"class_list":["post-1680","page","type-page","status-publish","hentry"],"yoast_head":"<!-- This site is optimized with the Yoast SEO plugin v26.8 - https:\/\/yoast.com\/product\/yoast-seo-wordpress\/ -->\n<title>Automobile\/Motorcycle Accidents - Perez, Williams, Medina and Rodriguez<\/title>\n<meta name=\"robots\" content=\"index, follow, max-snippet:-1, max-image-preview:large, max-video-preview:-1\" \/>\n<link rel=\"canonical\" href=\"https:\/\/pwmrlaw.com\/sp\/personal-injury\/automobile-motorcycle-accidents\/\" \/>\n<meta property=\"og:locale\" content=\"es_MX\" \/>\n<meta property=\"og:type\" content=\"article\" \/>\n<meta property=\"og:title\" content=\"Automobile\/Motorcycle Accidents - Perez, Williams, Medina and Rodriguez\" \/>\n<meta property=\"og:url\" content=\"https:\/\/pwmrlaw.com\/sp\/personal-injury\/automobile-motorcycle-accidents\/\" \/>\n<meta property=\"og:site_name\" content=\"Perez, Williams, Medina and Rodriguez\" \/>\n<meta property=\"article:modified_time\" content=\"2018-11-19T17:24:35+00:00\" \/>\n<meta name=\"twitter:card\" content=\"summary_large_image\" \/>\n<meta name=\"twitter:label1\" content=\"Tiempo de lectura\" \/>\n\t<meta name=\"twitter:data1\" content=\"8 minutos\" \/>\n<script type=\"application\/ld+json\" class=\"yoast-schema-graph\">{\"@context\":\"https:\/\/schema.org\",\"@graph\":[{\"@type\":\"WebPage\",\"@id\":\"https:\/\/pwmrlaw.com\/personal-injury\/automobile-motorcycle-accidents\/\",\"url\":\"https:\/\/pwmrlaw.com\/personal-injury\/automobile-motorcycle-accidents\/\",\"name\":\"Automobile\/Motorcycle Accidents - Perez, Williams, Medina and Rodriguez\",\"isPartOf\":{\"@id\":\"https:\/\/pwmrlaw.com\/#website\"},\"datePublished\":\"2018-11-19T17:23:12+00:00\",\"dateModified\":\"2018-11-19T17:24:35+00:00\",\"breadcrumb\":{\"@id\":\"https:\/\/pwmrlaw.com\/personal-injury\/automobile-motorcycle-accidents\/#breadcrumb\"},\"inLanguage\":\"es\",\"potentialAction\":[{\"@type\":\"ReadAction\",\"target\":[\"https:\/\/pwmrlaw.com\/personal-injury\/automobile-motorcycle-accidents\/\"]}]},{\"@type\":\"BreadcrumbList\",\"@id\":\"https:\/\/pwmrlaw.com\/personal-injury\/automobile-motorcycle-accidents\/#breadcrumb\",\"itemListElement\":[{\"@type\":\"ListItem\",\"position\":1,\"name\":\"Home\",\"item\":\"https:\/\/pwmrlaw.com\/\"},{\"@type\":\"ListItem\",\"position\":2,\"name\":\"Personal Injury\",\"item\":\"https:\/\/pwmrlaw.com\/personal-injury\/\"},{\"@type\":\"ListItem\",\"position\":3,\"name\":\"Automobile\/Motorcycle Accidents\"}]},{\"@type\":\"WebSite\",\"@id\":\"https:\/\/pwmrlaw.com\/#website\",\"url\":\"https:\/\/pwmrlaw.com\/\",\"name\":\"Perez, Williams, Medina and Rodriguez\",\"description\":\"Fresno Personal Injury and Workers&#039; Compensation Attorneys\",\"potentialAction\":[{\"@type\":\"SearchAction\",\"target\":{\"@type\":\"EntryPoint\",\"urlTemplate\":\"https:\/\/pwmrlaw.com\/?s={search_term_string}\"},\"query-input\":{\"@type\":\"PropertyValueSpecification\",\"valueRequired\":true,\"valueName\":\"search_term_string\"}}],\"inLanguage\":\"es\"}]}<\/script>\n<!-- \/ Yoast SEO plugin. -->","yoast_head_json":{"title":"Automobile\/Motorcycle Accidents - Perez, Williams, Medina and Rodriguez","robots":{"index":"index","follow":"follow","max-snippet":"max-snippet:-1","max-image-preview":"max-image-preview:large","max-video-preview":"max-video-preview:-1"},"canonical":"https:\/\/pwmrlaw.com\/sp\/personal-injury\/automobile-motorcycle-accidents\/","og_locale":"es_MX","og_type":"article","og_title":"Automobile\/Motorcycle Accidents - Perez, Williams, Medina and Rodriguez","og_url":"https:\/\/pwmrlaw.com\/sp\/personal-injury\/automobile-motorcycle-accidents\/","og_site_name":"Perez, Williams, Medina and Rodriguez","article_modified_time":"2018-11-19T17:24:35+00:00","twitter_card":"summary_large_image","twitter_misc":{"Tiempo de lectura":"8 minutos"},"schema":{"@context":"https:\/\/schema.org","@graph":[{"@type":"WebPage","@id":"https:\/\/pwmrlaw.com\/personal-injury\/automobile-motorcycle-accidents\/","url":"https:\/\/pwmrlaw.com\/personal-injury\/automobile-motorcycle-accidents\/","name":"Automobile\/Motorcycle Accidents - Perez, Williams, Medina and Rodriguez","isPartOf":{"@id":"https:\/\/pwmrlaw.com\/#website"},"datePublished":"2018-11-19T17:23:12+00:00","dateModified":"2018-11-19T17:24:35+00:00","breadcrumb":{"@id":"https:\/\/pwmrlaw.com\/personal-injury\/automobile-motorcycle-accidents\/#breadcrumb"},"inLanguage":"es","potentialAction":[{"@type":"ReadAction","target":["https:\/\/pwmrlaw.com\/personal-injury\/automobile-motorcycle-accidents\/"]}]},{"@type":"BreadcrumbList","@id":"https:\/\/pwmrlaw.com\/personal-injury\/automobile-motorcycle-accidents\/#breadcrumb","itemListElement":[{"@type":"ListItem","position":1,"name":"Home","item":"https:\/\/pwmrlaw.com\/"},{"@type":"ListItem","position":2,"name":"Personal Injury","item":"https:\/\/pwmrlaw.com\/personal-injury\/"},{"@type":"ListItem","position":3,"name":"Automobile\/Motorcycle Accidents"}]},{"@type":"WebSite","@id":"https:\/\/pwmrlaw.com\/#website","url":"https:\/\/pwmrlaw.com\/","name":"P\u00e9rez, Williams, Medina y Rodr\u00edguez","description":"Fresno Lesiones Personales y Trabajadores&#039; Abogados de compensaci\u00f3n","potentialAction":[{"@type":"SearchAction","target":{"@type":"EntryPoint","urlTemplate":"https:\/\/pwmrlaw.com\/?s={search_term_string}"},"query-input":{"@type":"PropertyValueSpecification","valueRequired":true,"valueName":"search_term_string"}}],"inLanguage":"es"}]}},"_links":{"self":[{"href":"https:\/\/pwmrlaw.com\/sp\/wp-json\/wp\/v2\/pages\/1680","targetHints":{"allow":["GET"]}}],"collection":[{"href":"https:\/\/pwmrlaw.com\/sp\/wp-json\/wp\/v2\/pages"}],"about":[{"href":"https:\/\/pwmrlaw.com\/sp\/wp-json\/wp\/v2\/types\/page"}],"author":[{"embeddable":true,"href":"https:\/\/pwmrlaw.com\/sp\/wp-json\/wp\/v2\/users\/2"}],"replies":[{"embeddable":true,"href":"https:\/\/pwmrlaw.com\/sp\/wp-json\/wp\/v2\/comments?post=1680"}],"version-history":[{"count":3,"href":"https:\/\/pwmrlaw.com\/sp\/wp-json\/wp\/v2\/pages\/1680\/revisions"}],"predecessor-version":[{"id":1683,"href":"https:\/\/pwmrlaw.com\/sp\/wp-json\/wp\/v2\/pages\/1680\/revisions\/1683"}],"up":[{"embeddable":true,"href":"https:\/\/pwmrlaw.com\/sp\/wp-json\/wp\/v2\/pages\/14"}],"wp:attachment":[{"href":"https:\/\/pwmrlaw.com\/sp\/wp-json\/wp\/v2\/media?parent=1680"}],"curies":[{"name":"wp","href":"https:\/\/api.w.org\/{rel}","templated":true}]}}