{"id":18,"date":"2011-05-16T17:25:21","date_gmt":"2011-05-16T21:25:21","guid":{"rendered":"http:\/\/perezwilliamsmedinarodriguez.thelawlinks.com\/?page_id=18"},"modified":"2018-11-19T09:45:00","modified_gmt":"2018-11-19T17:45:00","slug":"truck-accident","status":"publish","type":"page","link":"https:\/\/pwmrlaw.com\/sp\/personal-injury\/truck-accident\/","title":{"rendered":"Accidente de cami\u00f3n"},"content":{"rendered":"<div class=\"fusion-fullwidth fullwidth-box fusion-builder-row-1 nonhundred-percent-fullwidth non-hundred-percent-height-scrolling\" style=\"--awb-border-radius-top-left:0px;--awb-border-radius-top-right:0px;--awb-border-radius-bottom-right:0px;--awb-border-radius-bottom-left:0px;--awb-flex-wrap:wrap;\" ><div class=\"fusion-builder-row fusion-row\"><div class=\"fusion-layout-column fusion_builder_column fusion-builder-column-0 fusion_builder_column_1_1 1_1 fusion-one-full fusion-column-first fusion-column-last\" style=\"--awb-bg-size:cover;--awb-margin-bottom:0px;\"><div class=\"fusion-column-wrapper fusion-flex-column-wrapper-legacy\"><div class=\"fusion-text fusion-text-1\"><h1>Los Abogados de Accidentes de Camiones en Fresno Son Asertivos en la B\u00fasqueda de Compensaci\u00f3n por Sus Lesiones<\/h1>\n<h2>Perseguir agresivamente a los conductores de camiones y empresas de camiones negligentes<\/h2>\n<p>Los camiones comerciales son especialmente peligrosos debido a su gran tama\u00f1o y enorme peso. Cuando ocurren accidentes de camiones, las lesiones resultantes pueden ser devastadoras. En Perez, Williams, Medina &amp; Rodriguez, LLP, entendemos cu\u00e1n traum\u00e1tica puede ser la carga emocional y financiera para las v\u00edctimas y sus familias. Nuestros dedicados abogados de lesiones eval\u00faan minuciosamente los hechos que rodean su caso, explican todas sus opciones legales y buscan agresivamente la compensaci\u00f3n que merece.<\/p>\n<h2>Las estad\u00edsticas de accidentes de camiones son alarmantes<\/h2>\n<p>Un cami\u00f3n con remolque puede pesar m\u00e1s de 80,000 libras, y la mayor\u00eda de los camiones comerciales suelen tener m\u00e1s de 60 pies de largo. Debido a su tama\u00f1o, los veh\u00edculos de 18 ruedas son m\u00e1s dif\u00edciles de maniobrar, tardan m\u00e1s en detenerse, tienen grandes puntos ciegos y requieren un amplio radio de giro. Como resultado, incluso los errores m\u00e1s peque\u00f1os en la carretera pueden tener graves consecuencias cuando se trata de camiones grandes.<\/p>\n<p>El Departamento de Transporte de los Estados Unidos proporciona las siguientes estad\u00edsticas:<\/p>\n<ul>\n<li>Las colisiones de camiones representan una de cada ocho muertes de tr\u00e1fico.<\/li>\n<li>De los aproximadamente 500,000 accidentes de camiones cada a\u00f1o, aproximadamente 5,000 resultan en muerte.<\/li>\n<li>Las personas en veh\u00edculos de pasajeros y los no ocupantes comprenden aproximadamente el 98 por ciento de las muertes por accidentes de camiones.<\/li>\n<\/ul>\n<h2>\u00bfPor qu\u00e9 son tan frecuentes los accidentes de camiones?<\/h2>\n<p>Numerosos factores pueden causar o contribuir a un semi choque. Experimentado <a title=\"Perfiles de abogados\" href=\"https:\/\/pwmrlaw.com\/sp\/wp\/attorney-profiles\/\">abogado de lesiones personales<\/a> ha tratado con la mayor\u00eda de ellos, incluyendo:<\/p>\n<ul>\n<li><strong>Camiones con sobrepeso. <\/strong>La naturaleza competitiva del negocio del transporte por carretera hace que las empresas de transporte ignoren las normas de peso. Al transportar una carga pesada, pueden obtener una mayor ganancia. Sin embargo, los camiones con sobrepeso pueden impedir que el conductor pueda detenerse correctamente, y las cargas mal aseguradas pueden moverse y provocar un accidente.<\/li>\n<li><strong>Conductores fatigados. <\/strong>Los conductores de camiones grandes operan bajo plazos estrictos, lo que significa que los conductores de camiones a menudo conducen cuando est\u00e1n fatigados o enfermos. Un conductor que sufra problemas de salud podr\u00eda estar distra\u00eddo y tener tiempos de reacci\u00f3n m\u00e1s lentos.<\/li>\n<li><strong>Errores del conductor. <\/strong>Un conductor de cami\u00f3n puede acelerar, conducir de manera agresiva o incluso abusar de las drogas para mantenerse despierto a fin de conducir m\u00e1s horas y cumplir con los plazos.<\/li>\n<li><strong>Equipo defectuoso. <\/strong>Las plataformas grandes soportan mucho desgaste. Si un cami\u00f3n comercial tiene equipo defectuoso o mal mantenimiento, los frenos, las llantas, las luces u otras partes pueden fallar y causar un accidente.<\/li>\n<li><strong>Malas condiciones clim\u00e1ticas. <\/strong>La nieve, la lluvia, el hielo, el viento y otras condiciones clim\u00e1ticas pueden hacer que el conductor pierda el control del cami\u00f3n.<\/li>\n<\/ul>\n<p>Debido a su tama\u00f1o y sus importantes puntos ciegos, los camiones comerciales son propensos a sufrir accidentes de todo tipo, incluidas colisiones laterales y traseras, choques frontales, navajas y vuelcos. Si result\u00f3 lesionado en un accidente que involucr\u00f3 a un cami\u00f3n de 18 ruedas, tiene derecho a demandar a la parte o entidad responsable por los da\u00f1os que sufri\u00f3.<\/p>\n<h3>Programe una consulta inicial gratuita con destacados abogados locales de accidentes de camiones en Fresno<\/h3>\n<p>En Perez, Williams, Medina &amp; Rodriguez, LLP, entendemos que un accidente de cami\u00f3n puede ser abrumador para usted y su familia. <a title=\"Cont\u00e1ctenos\" href=\"https:\/\/pwmrlaw.com\/sp\/wp\/contact-us\/\">Cont\u00e1ctenos<\/a> al 559-445-0123 para discutir su caso en una consulta gratuita. Estamos enfocados en obtener resultados para usted.<\/p>\n<\/div><div class=\"fusion-clearfix\"><\/div><\/div><\/div><\/div><\/div>","protected":false},"excerpt":{"rendered":"","protected":false},"author":21,"featured_media":0,"parent":14,"menu_order":2,"comment_status":"open","ping_status":"closed","template":"","meta":{"footnotes":""},"class_list":["post-18","page","type-page","status-publish","hentry"],"yoast_head":"<!-- This site is optimized with the Yoast SEO plugin v26.8 - https:\/\/yoast.com\/product\/yoast-seo-wordpress\/ -->\n<title>Truck Accident - Perez, Williams, Medina and Rodriguez<\/title>\n<meta name=\"robots\" content=\"index, follow, max-snippet:-1, max-image-preview:large, max-video-preview:-1\" \/>\n<link rel=\"canonical\" href=\"https:\/\/pwmrlaw.com\/sp\/personal-injury\/truck-accident\/\" \/>\n<meta property=\"og:locale\" content=\"es_MX\" \/>\n<meta property=\"og:type\" content=\"article\" \/>\n<meta property=\"og:title\" content=\"Truck Accident - Perez, Williams, Medina and Rodriguez\" \/>\n<meta property=\"og:url\" content=\"https:\/\/pwmrlaw.com\/sp\/personal-injury\/truck-accident\/\" \/>\n<meta property=\"og:site_name\" content=\"Perez, Williams, Medina and Rodriguez\" \/>\n<meta property=\"article:modified_time\" content=\"2018-11-19T17:45:00+00:00\" \/>\n<meta name=\"twitter:card\" content=\"summary_large_image\" \/>\n<meta name=\"twitter:label1\" content=\"Tiempo de lectura\" \/>\n\t<meta name=\"twitter:data1\" content=\"3 minutos\" \/>\n<script type=\"application\/ld+json\" class=\"yoast-schema-graph\">{\"@context\":\"https:\/\/schema.org\",\"@graph\":[{\"@type\":\"WebPage\",\"@id\":\"https:\/\/pwmrlaw.com\/personal-injury\/truck-accident\/\",\"url\":\"https:\/\/pwmrlaw.com\/personal-injury\/truck-accident\/\",\"name\":\"Truck Accident - Perez, Williams, Medina and Rodriguez\",\"isPartOf\":{\"@id\":\"https:\/\/pwmrlaw.com\/#website\"},\"datePublished\":\"2011-05-16T21:25:21+00:00\",\"dateModified\":\"2018-11-19T17:45:00+00:00\",\"breadcrumb\":{\"@id\":\"https:\/\/pwmrlaw.com\/personal-injury\/truck-accident\/#breadcrumb\"},\"inLanguage\":\"es\",\"potentialAction\":[{\"@type\":\"ReadAction\",\"target\":[\"https:\/\/pwmrlaw.com\/personal-injury\/truck-accident\/\"]}]},{\"@type\":\"BreadcrumbList\",\"@id\":\"https:\/\/pwmrlaw.com\/personal-injury\/truck-accident\/#breadcrumb\",\"itemListElement\":[{\"@type\":\"ListItem\",\"position\":1,\"name\":\"Home\",\"item\":\"https:\/\/pwmrlaw.com\/\"},{\"@type\":\"ListItem\",\"position\":2,\"name\":\"Personal Injury\",\"item\":\"https:\/\/pwmrlaw.com\/personal-injury\/\"},{\"@type\":\"ListItem\",\"position\":3,\"name\":\"Truck Accident\"}]},{\"@type\":\"WebSite\",\"@id\":\"https:\/\/pwmrlaw.com\/#website\",\"url\":\"https:\/\/pwmrlaw.com\/\",\"name\":\"Perez, Williams, Medina and Rodriguez\",\"description\":\"Fresno Personal Injury and Workers&#039; Compensation Attorneys\",\"potentialAction\":[{\"@type\":\"SearchAction\",\"target\":{\"@type\":\"EntryPoint\",\"urlTemplate\":\"https:\/\/pwmrlaw.com\/?s={search_term_string}\"},\"query-input\":{\"@type\":\"PropertyValueSpecification\",\"valueRequired\":true,\"valueName\":\"search_term_string\"}}],\"inLanguage\":\"es\"}]}<\/script>\n<!-- \/ Yoast SEO plugin. -->","yoast_head_json":{"title":"Truck Accident - Perez, Williams, Medina and Rodriguez","robots":{"index":"index","follow":"follow","max-snippet":"max-snippet:-1","max-image-preview":"max-image-preview:large","max-video-preview":"max-video-preview:-1"},"canonical":"https:\/\/pwmrlaw.com\/sp\/personal-injury\/truck-accident\/","og_locale":"es_MX","og_type":"article","og_title":"Truck Accident - Perez, Williams, Medina and Rodriguez","og_url":"https:\/\/pwmrlaw.com\/sp\/personal-injury\/truck-accident\/","og_site_name":"Perez, Williams, Medina and Rodriguez","article_modified_time":"2018-11-19T17:45:00+00:00","twitter_card":"summary_large_image","twitter_misc":{"Tiempo de lectura":"3 minutos"},"schema":{"@context":"https:\/\/schema.org","@graph":[{"@type":"WebPage","@id":"https:\/\/pwmrlaw.com\/personal-injury\/truck-accident\/","url":"https:\/\/pwmrlaw.com\/personal-injury\/truck-accident\/","name":"Truck Accident - Perez, Williams, Medina and Rodriguez","isPartOf":{"@id":"https:\/\/pwmrlaw.com\/#website"},"datePublished":"2011-05-16T21:25:21+00:00","dateModified":"2018-11-19T17:45:00+00:00","breadcrumb":{"@id":"https:\/\/pwmrlaw.com\/personal-injury\/truck-accident\/#breadcrumb"},"inLanguage":"es","potentialAction":[{"@type":"ReadAction","target":["https:\/\/pwmrlaw.com\/personal-injury\/truck-accident\/"]}]},{"@type":"BreadcrumbList","@id":"https:\/\/pwmrlaw.com\/personal-injury\/truck-accident\/#breadcrumb","itemListElement":[{"@type":"ListItem","position":1,"name":"Home","item":"https:\/\/pwmrlaw.com\/"},{"@type":"ListItem","position":2,"name":"Personal Injury","item":"https:\/\/pwmrlaw.com\/personal-injury\/"},{"@type":"ListItem","position":3,"name":"Truck Accident"}]},{"@type":"WebSite","@id":"https:\/\/pwmrlaw.com\/#website","url":"https:\/\/pwmrlaw.com\/","name":"P\u00e9rez, Williams, Medina y Rodr\u00edguez","description":"Fresno Lesiones Personales y Trabajadores&#039; Abogados de compensaci\u00f3n","potentialAction":[{"@type":"SearchAction","target":{"@type":"EntryPoint","urlTemplate":"https:\/\/pwmrlaw.com\/?s={search_term_string}"},"query-input":{"@type":"PropertyValueSpecification","valueRequired":true,"valueName":"search_term_string"}}],"inLanguage":"es"}]}},"_links":{"self":[{"href":"https:\/\/pwmrlaw.com\/sp\/wp-json\/wp\/v2\/pages\/18","targetHints":{"allow":["GET"]}}],"collection":[{"href":"https:\/\/pwmrlaw.com\/sp\/wp-json\/wp\/v2\/pages"}],"about":[{"href":"https:\/\/pwmrlaw.com\/sp\/wp-json\/wp\/v2\/types\/page"}],"author":[{"embeddable":true,"href":"https:\/\/pwmrlaw.com\/sp\/wp-json\/wp\/v2\/users\/21"}],"replies":[{"embeddable":true,"href":"https:\/\/pwmrlaw.com\/sp\/wp-json\/wp\/v2\/comments?post=18"}],"version-history":[{"count":8,"href":"https:\/\/pwmrlaw.com\/sp\/wp-json\/wp\/v2\/pages\/18\/revisions"}],"predecessor-version":[{"id":1693,"href":"https:\/\/pwmrlaw.com\/sp\/wp-json\/wp\/v2\/pages\/18\/revisions\/1693"}],"up":[{"embeddable":true,"href":"https:\/\/pwmrlaw.com\/sp\/wp-json\/wp\/v2\/pages\/14"}],"wp:attachment":[{"href":"https:\/\/pwmrlaw.com\/sp\/wp-json\/wp\/v2\/media?parent=18"}],"curies":[{"name":"wp","href":"https:\/\/api.w.org\/{rel}","templated":true}]}}