{"id":20,"date":"2011-05-16T17:25:34","date_gmt":"2011-05-16T21:25:34","guid":{"rendered":"http:\/\/perezwilliamsmedinarodriguez.thelawlinks.com\/?page_id=20"},"modified":"2017-08-04T18:20:06","modified_gmt":"2017-08-04T18:20:06","slug":"motorcycle-accident","status":"publish","type":"page","link":"https:\/\/pwmrlaw.com\/sp\/personal-injury\/motorcycle-accident\/","title":{"rendered":"Accidente de motocicleta"},"content":{"rendered":"<h1>Abogados de accidentes de motocicleta en Fresno disponibles para ayudar cuando m\u00e1s lo necesita<\/h1>\n<h2>Defender los derechos de los ciclistas en California<\/h2>\n<p>Si result\u00f3 lesionado por un conductor negligente mientras conduc\u00eda su motocicleta, P\u00e9rez, Williams, Medina y Rodr\u00edguez, LLP est\u00e1 listo para ayudarlo. Sabemos que las leyes de lesiones personales de California pueden ser confusas, pero explicamos completamente sus opciones legales y lo guiamos a trav\u00e9s de cada paso del proceso para buscar compensaci\u00f3n por sus lesiones. Nuestros abogados pueden recuperar da\u00f1os por sus facturas m\u00e9dicas, salarios perdidos, dolor y sufrimiento y otros da\u00f1os, para que pueda volver a su vida.<\/p>\n<h2>Los motociclistas se enfrentan a riesgos especiales<\/h2>\n<p>Los motociclistas se encuentran entre los viajeros m\u00e1s vulnerables de California, porque hay poca protecci\u00f3n entre ellos y la carretera. Los motociclistas son propensos a sufrir lesiones graves y, a menudo, fatales en accidentes de motocicleta que involucran las siguientes condiciones:<\/p>\n<ul>\n<li><strong>No usar casco<\/strong>. Las lesiones catastr\u00f3ficas generalmente ocurren cuando el conductor de una motocicleta no usa casco y otro equipo de protecci\u00f3n. El incumplimiento de estas precauciones de seguridad tambi\u00e9n puede proporcionar a la otra parte el argumento de que usted es parcialmente responsable de sus lesiones.<\/li>\n<li><strong>Los conductores no ven a los motociclistas. <\/strong>Debido al tama\u00f1o m\u00e1s peque\u00f1o de las motocicletas, es m\u00e1s probable que los conductores de otros veh\u00edculos no las vean en la carretera. Como resultado, las colisiones pueden ocurrir cuando un veh\u00edculo retrocede, cambia de carril o gira o no cede el paso o se detiene.<\/li>\n<li><strong>Curvas cerradas. <\/strong>Cualquier desequilibrio en una motocicleta puede provocar un accidente. Cuando los motociclistas dan vueltas cerradas, la motocicleta se inclina. Esto puede ser especialmente peligroso en caminos de grava.<\/li>\n<li><strong>Piezas de motocicleta defectuosas. <\/strong>Una motocicleta consta de miles de partes y piezas. Si alguna pieza est\u00e1 defectuosa, puede contribuir a su accidente.<\/li>\n<li><strong>Carreteras mojadas o heladas. <\/strong>Las condiciones de la carretera pueden desempe\u00f1ar un papel importante en los accidentes de motocicleta. Las carreteras mojadas o heladas pueden afectar la tracci\u00f3n y hacer que la bicicleta patine.<\/li>\n<\/ul>\n<p>Si usted o un ser querido resultan lesionados en un accidente de motocicleta, es importante contratar a un <a title=\"Lesiones Personales\" href=\"https:\/\/pwmrlaw.com\/sp\/wp\/personal-injury\/\">abogado de lesiones<\/a> Para ayudarle. Podemos investigar la causa de su accidente, determinar las partes responsables de sus da\u00f1os y buscar una compensaci\u00f3n completa y justa por sus lesiones.<\/p>\n<h2>Conozca las leyes de motocicletas de California<\/h2>\n<p>Al conducir en California, es importante conocer las leyes de nuestro estado espec\u00edficas para motocicletas. Por ejemplo, todos los conductores de motocicletas deben usar cascos y tener se\u00f1ales de giro y al menos un espejo en la bicicleta. Hay muchas otras leyes aplicables, as\u00ed que aseg\u00farese de informarse antes de salir en su motocicleta por las carreteras de California.<\/p>\n<h2>\u00bfC\u00f3mo se determina la responsabilidad en un accidente de motocicleta?<\/h2>\n<p>Determinar la responsabilidad en un accidente de motocicleta puede ser m\u00e1s dif\u00edcil que en un <a title=\"Accidente Automovil\u00edstico\" href=\"https:\/\/pwmrlaw.com\/sp\/wp\/personal-injury\/auto-accident\/\">accidente automovil\u00edstico<\/a>. Como motociclista, es importante tratar de recordar tantos detalles sobre el accidente como sea posible. Por ejemplo, la hora del d\u00eda, las condiciones del camino, qui\u00e9n presenci\u00f3 el accidente y otros factores relevantes pueden ser cr\u00edticos para su caso. Debido a la naturaleza grave de las lesiones sufridas a menudo en accidentes de motocicleta, esto puede ser dif\u00edcil. Por lo tanto, siempre debe asegurarse de que se presente un informe policial. Incluso si no puede recordar nada sobre su accidente, podemos ayudarlo. Nuestros abogados pueden trabajar con un especialista en reconstrucci\u00f3n de accidentes y otros expertos para establecer la responsabilidad por su accidente y sus lesiones.<\/p>\n<h3>Llame a nuestros abogados de accidentes de motocicleta en Fresno para una consulta gratuita sobre sus lesiones<\/h3>\n<p>Si result\u00f3 lesionado en un accidente de motocicleta, necesita un abogado especializado y dedicado a su lado. Con m\u00e1s de 40 a\u00f1os de experiencia combinada, los abogados de lesiones personales de P\u00e9rez, Williams, Medina y Rodr\u00edguez, LLP trabajar\u00e1n arduamente para ayudarlo a obtener una compensaci\u00f3n completa y justa. Desde nuestras oficinas en Fresno, California, tambi\u00e9n atendemos a clientes en los condados de Fresno, Tulare, Madera, Merced y Kings.\u00a0<a title=\"Cont\u00e1ctenos\" href=\"https:\/\/pwmrlaw.com\/sp\/wp\/contact-us\/\">P\u00f3ngase en contacto con nuestra oficina<\/a> hoy al 559-445-0123 para programar una consulta inicial gratuita.<\/p>","protected":false},"excerpt":{"rendered":"<p>Fresno Motorcycle Accident Attorneys Available to Help When You Need It Most Standing up for the rights of cyclists in California If you were injured by a negligent driver while riding your motorcycle, Perez, Williams, Medina &amp; Rodriguez, LLP is ready to help. We know that California\u2019s personal injury laws can be confusing, but we<\/p>","protected":false},"author":21,"featured_media":0,"parent":14,"menu_order":3,"comment_status":"open","ping_status":"closed","template":"","meta":{"footnotes":""},"class_list":["post-20","page","type-page","status-publish","hentry"],"yoast_head":"<!-- This site is optimized with the Yoast SEO plugin v26.8 - https:\/\/yoast.com\/product\/yoast-seo-wordpress\/ -->\n<title>Motorcycle Accident - Perez, Williams, Medina and Rodriguez<\/title>\n<meta name=\"robots\" content=\"index, follow, max-snippet:-1, max-image-preview:large, max-video-preview:-1\" \/>\n<link rel=\"canonical\" href=\"https:\/\/pwmrlaw.com\/sp\/personal-injury\/motorcycle-accident\/\" \/>\n<meta property=\"og:locale\" content=\"es_MX\" \/>\n<meta property=\"og:type\" content=\"article\" \/>\n<meta property=\"og:title\" content=\"Motorcycle Accident - Perez, Williams, Medina and Rodriguez\" \/>\n<meta property=\"og:description\" content=\"Fresno Motorcycle Accident Attorneys Available to Help When You Need It Most Standing up for the rights of cyclists in California If you were injured by a negligent driver while riding your motorcycle, Perez, Williams, Medina &amp; Rodriguez, LLP is ready to help. We know that California\u2019s personal injury laws can be confusing, but we\" \/>\n<meta property=\"og:url\" content=\"https:\/\/pwmrlaw.com\/sp\/personal-injury\/motorcycle-accident\/\" \/>\n<meta property=\"og:site_name\" content=\"Perez, Williams, Medina and Rodriguez\" \/>\n<meta property=\"article:modified_time\" content=\"2017-08-04T18:20:06+00:00\" \/>\n<meta name=\"twitter:card\" content=\"summary_large_image\" \/>\n<meta name=\"twitter:label1\" content=\"Tiempo de lectura\" \/>\n\t<meta name=\"twitter:data1\" content=\"3 minutos\" \/>\n<script type=\"application\/ld+json\" class=\"yoast-schema-graph\">{\"@context\":\"https:\/\/schema.org\",\"@graph\":[{\"@type\":\"WebPage\",\"@id\":\"https:\/\/pwmrlaw.com\/personal-injury\/motorcycle-accident\/\",\"url\":\"https:\/\/pwmrlaw.com\/personal-injury\/motorcycle-accident\/\",\"name\":\"Motorcycle Accident - Perez, Williams, Medina and Rodriguez\",\"isPartOf\":{\"@id\":\"https:\/\/pwmrlaw.com\/#website\"},\"datePublished\":\"2011-05-16T21:25:34+00:00\",\"dateModified\":\"2017-08-04T18:20:06+00:00\",\"breadcrumb\":{\"@id\":\"https:\/\/pwmrlaw.com\/personal-injury\/motorcycle-accident\/#breadcrumb\"},\"inLanguage\":\"es\",\"potentialAction\":[{\"@type\":\"ReadAction\",\"target\":[\"https:\/\/pwmrlaw.com\/personal-injury\/motorcycle-accident\/\"]}]},{\"@type\":\"BreadcrumbList\",\"@id\":\"https:\/\/pwmrlaw.com\/personal-injury\/motorcycle-accident\/#breadcrumb\",\"itemListElement\":[{\"@type\":\"ListItem\",\"position\":1,\"name\":\"Home\",\"item\":\"https:\/\/pwmrlaw.com\/\"},{\"@type\":\"ListItem\",\"position\":2,\"name\":\"Personal Injury\",\"item\":\"https:\/\/pwmrlaw.com\/personal-injury\/\"},{\"@type\":\"ListItem\",\"position\":3,\"name\":\"Motorcycle Accident\"}]},{\"@type\":\"WebSite\",\"@id\":\"https:\/\/pwmrlaw.com\/#website\",\"url\":\"https:\/\/pwmrlaw.com\/\",\"name\":\"Perez, Williams, Medina and Rodriguez\",\"description\":\"Fresno Personal Injury and Workers&#039; Compensation Attorneys\",\"potentialAction\":[{\"@type\":\"SearchAction\",\"target\":{\"@type\":\"EntryPoint\",\"urlTemplate\":\"https:\/\/pwmrlaw.com\/?s={search_term_string}\"},\"query-input\":{\"@type\":\"PropertyValueSpecification\",\"valueRequired\":true,\"valueName\":\"search_term_string\"}}],\"inLanguage\":\"es\"}]}<\/script>\n<!-- \/ Yoast SEO plugin. -->","yoast_head_json":{"title":"Motorcycle Accident - Perez, Williams, Medina and Rodriguez","robots":{"index":"index","follow":"follow","max-snippet":"max-snippet:-1","max-image-preview":"max-image-preview:large","max-video-preview":"max-video-preview:-1"},"canonical":"https:\/\/pwmrlaw.com\/sp\/personal-injury\/motorcycle-accident\/","og_locale":"es_MX","og_type":"article","og_title":"Motorcycle Accident - Perez, Williams, Medina and Rodriguez","og_description":"Fresno Motorcycle Accident Attorneys Available to Help When You Need It Most Standing up for the rights of cyclists in California If you were injured by a negligent driver while riding your motorcycle, Perez, Williams, Medina &amp; Rodriguez, LLP is ready to help. We know that California\u2019s personal injury laws can be confusing, but we","og_url":"https:\/\/pwmrlaw.com\/sp\/personal-injury\/motorcycle-accident\/","og_site_name":"Perez, Williams, Medina and Rodriguez","article_modified_time":"2017-08-04T18:20:06+00:00","twitter_card":"summary_large_image","twitter_misc":{"Tiempo de lectura":"3 minutos"},"schema":{"@context":"https:\/\/schema.org","@graph":[{"@type":"WebPage","@id":"https:\/\/pwmrlaw.com\/personal-injury\/motorcycle-accident\/","url":"https:\/\/pwmrlaw.com\/personal-injury\/motorcycle-accident\/","name":"Motorcycle Accident - Perez, Williams, Medina and Rodriguez","isPartOf":{"@id":"https:\/\/pwmrlaw.com\/#website"},"datePublished":"2011-05-16T21:25:34+00:00","dateModified":"2017-08-04T18:20:06+00:00","breadcrumb":{"@id":"https:\/\/pwmrlaw.com\/personal-injury\/motorcycle-accident\/#breadcrumb"},"inLanguage":"es","potentialAction":[{"@type":"ReadAction","target":["https:\/\/pwmrlaw.com\/personal-injury\/motorcycle-accident\/"]}]},{"@type":"BreadcrumbList","@id":"https:\/\/pwmrlaw.com\/personal-injury\/motorcycle-accident\/#breadcrumb","itemListElement":[{"@type":"ListItem","position":1,"name":"Home","item":"https:\/\/pwmrlaw.com\/"},{"@type":"ListItem","position":2,"name":"Personal Injury","item":"https:\/\/pwmrlaw.com\/personal-injury\/"},{"@type":"ListItem","position":3,"name":"Motorcycle Accident"}]},{"@type":"WebSite","@id":"https:\/\/pwmrlaw.com\/#website","url":"https:\/\/pwmrlaw.com\/","name":"P\u00e9rez, Williams, Medina y Rodr\u00edguez","description":"Fresno Lesiones Personales y Trabajadores&#039; Abogados de compensaci\u00f3n","potentialAction":[{"@type":"SearchAction","target":{"@type":"EntryPoint","urlTemplate":"https:\/\/pwmrlaw.com\/?s={search_term_string}"},"query-input":{"@type":"PropertyValueSpecification","valueRequired":true,"valueName":"search_term_string"}}],"inLanguage":"es"}]}},"_links":{"self":[{"href":"https:\/\/pwmrlaw.com\/sp\/wp-json\/wp\/v2\/pages\/20","targetHints":{"allow":["GET"]}}],"collection":[{"href":"https:\/\/pwmrlaw.com\/sp\/wp-json\/wp\/v2\/pages"}],"about":[{"href":"https:\/\/pwmrlaw.com\/sp\/wp-json\/wp\/v2\/types\/page"}],"author":[{"embeddable":true,"href":"https:\/\/pwmrlaw.com\/sp\/wp-json\/wp\/v2\/users\/21"}],"replies":[{"embeddable":true,"href":"https:\/\/pwmrlaw.com\/sp\/wp-json\/wp\/v2\/comments?post=20"}],"version-history":[{"count":6,"href":"https:\/\/pwmrlaw.com\/sp\/wp-json\/wp\/v2\/pages\/20\/revisions"}],"predecessor-version":[{"id":1425,"href":"https:\/\/pwmrlaw.com\/sp\/wp-json\/wp\/v2\/pages\/20\/revisions\/1425"}],"up":[{"embeddable":true,"href":"https:\/\/pwmrlaw.com\/sp\/wp-json\/wp\/v2\/pages\/14"}],"wp:attachment":[{"href":"https:\/\/pwmrlaw.com\/sp\/wp-json\/wp\/v2\/media?parent=20"}],"curies":[{"name":"wp","href":"https:\/\/api.w.org\/{rel}","templated":true}]}}