{"id":2163,"date":"2023-01-12T16:28:35","date_gmt":"2023-01-13T00:28:35","guid":{"rendered":"https:\/\/pwmrlaw.com\/?page_id=2163"},"modified":"2025-09-10T10:47:36","modified_gmt":"2025-09-10T17:47:36","slug":"nicolas-mancillas","status":"publish","type":"page","link":"https:\/\/pwmrlaw.com\/sp\/nicolas-mancillas\/","title":{"rendered":"Nicol\u00e1s A. Mancillas"},"content":{"rendered":"<div class=\"fusion-fullwidth fullwidth-box fusion-builder-row-1 hundred-percent-fullwidth non-hundred-percent-height-scrolling\" style=\"--awb-border-radius-top-left:0px;--awb-border-radius-top-right:0px;--awb-border-radius-bottom-right:0px;--awb-border-radius-bottom-left:0px;--awb-overflow:visible;--awb-flex-wrap:wrap;\" ><div class=\"fusion-builder-row fusion-row\"><div class=\"fusion-layout-column fusion_builder_column fusion-builder-column-0 fusion_builder_column_1_1 1_1 fusion-one-full fusion-column-first fusion-column-last\" style=\"--awb-bg-blend:overlay;--awb-bg-size:cover;\"><div class=\"fusion-column-wrapper fusion-flex-column-wrapper-legacy\"><div class=\"fusion-text fusion-text-1\"><h1 class=\"fusion-responsive-typography-calculated\" style=\"--fontsize: 24; line-height: 1.4;\" data-fontsize=\"24\" data-lineheight=\"33.6px\">Nicolas A. Mancillas, Attorney<\/h1>\n<p><img decoding=\"async\" class=\"alignright wp-image-2133\" src=\"https:\/\/pwmrlaw.com\/wp-content\/uploads\/2022\/10\/HL0A0150-Mancillas.Nicolas_300.jpg\" alt=\"Nicolas A. Mancillas\" width=\"196\" height=\"245\" srcset=\"https:\/\/pwmrlaw.com\/wp-content\/uploads\/2022\/10\/HL0A0150-Mancillas.Nicolas_300-10x12.jpg 10w, https:\/\/pwmrlaw.com\/wp-content\/uploads\/2022\/10\/HL0A0150-Mancillas.Nicolas_300-200x250.jpg 200w, https:\/\/pwmrlaw.com\/wp-content\/uploads\/2022\/10\/HL0A0150-Mancillas.Nicolas_300-240x300.jpg 240w, https:\/\/pwmrlaw.com\/wp-content\/uploads\/2022\/10\/HL0A0150-Mancillas.Nicolas_300.jpg 300w\" sizes=\"(max-width: 196px) 100vw, 196px\" \/><\/p>\n<p>El Sr. Mancillas naci\u00f3 en Fresno, California, y es descendiente de inmigrantes mexicanos. Se cri\u00f3 en la peque\u00f1a comunidad agr\u00edcola de Easton, California, donde asisti\u00f3 a la escuela secundaria Washington Union. Luego asisti\u00f3 a la Universidad Estatal de San Diego, donde en 2016 obtuvo su t\u00edtulo de Licenciado en Ciencias en Administraci\u00f3n de Empresas con \u00e9nfasis en Mercadeo. El Sr. Mancillas es el primer graduado universitario de su familia. Poco despu\u00e9s de graduarse, el Sr. Mancillas regres\u00f3 al Valle Central de California y en 2016 se uni\u00f3 al bufete de abogados de P\u00e9rez, Williams, Medina y Rodr\u00edguez, LLP como asistente legal.<\/p>\n<p>El Sr. Mancillas continu\u00f3 trabajando como asistente legal mientras asist\u00eda a la escuela de derecho en la Facultad de Derecho de San Joaqu\u00edn, donde recibi\u00f3 m\u00faltiples becas por su excelencia acad\u00e9mica y liderazgo y fue un miembro activo de la Fraternidad de Leyes Delta Theta Phi. Mientras asist\u00eda a la facultad de derecho, el Sr. Mancillas adquiri\u00f3 una valiosa experiencia en lesiones personales, litigios civiles, sucesiones y reclamos de salarios y horas. Obtuvo su t\u00edtulo de Doctor en Jurisprudencia de la Facultad de Derecho de San Joaqu\u00edn en 2021. El Sr. Mancillas actualmente representa a clientes en casos de lesiones personales, responsabilidad de productos, responsabilidad de locales y otros casos complejos de litigios civiles, as\u00ed como a empleados en reclamos de salarios y horas.<\/p>\n<p>El Sr. Mancillas toma un inter\u00e9s personal en cada caso que maneja y se esfuerza por obtener el mejor resultado posible para sus clientes. Tambi\u00e9n se enorgullece de brindar a sus clientes la atenci\u00f3n que se merecen; manteniendo siempre el inter\u00e9s de sus clientes en el coraz\u00f3n y asegur\u00e1ndose de que sus clientes est\u00e9n bien informados.<\/p>\n<p>El Sr. Mancillas disfruta pasar tiempo con su familia y amigos. Disfruta del aire libre y pasa su tiempo libre viajando y haciendo ejercicio. Tambi\u00e9n es un gran fan\u00e1tico de los deportes y disfruta asistir a eventos deportivos y alentar a los San Francisco Forty-Niners y San Francisco Giants.<\/p>\n<p><strong>Areas de pr\u00e1ctica<\/strong><\/p>\n<ul>\n<li>Lesiones Personales<\/li>\n<li>Juicio civil<\/li>\n<li>Responsabilidad del local<\/li>\n<li>Responsabilidad por productos<\/li>\n<li>Reclamaciones de salarios y horas<\/li>\n<\/ul>\n<p><strong>Admisiones a la barra<\/strong><\/p>\n<ul>\n<li>Colegio de Abogados del Estado de California<\/li>\n<\/ul>\n<p><strong>Educaci\u00f3n<\/strong><\/p>\n<ul>\n<li><a href=\"http:\/\/www.sjcl.edu\/\" target=\"_blank\" rel=\"noopener\">Facultad de Derecho de San Joaqu\u00edn-Clovis,<\/a> JD (2021)<\/li>\n<li><a href=\"https:\/\/www.sdsu.edu\/\">universidad estatal de san diego,<\/a> BS Business Administration- Marketing, (2016)<\/li>\n<\/ul>\n<p><strong>Asociaciones profesionales<\/strong><\/p>\n<ul>\n<li>Colegio de Abogados del Condado de Fresno<\/li>\n<\/ul>\n<\/div><div class=\"fusion-clearfix\"><\/div><\/div><\/div><\/div><\/div>","protected":false},"excerpt":{"rendered":"","protected":false},"author":2,"featured_media":0,"parent":0,"menu_order":0,"comment_status":"closed","ping_status":"closed","template":"","meta":{"footnotes":""},"class_list":["post-2163","page","type-page","status-publish","hentry"],"yoast_head":"<!-- This site is optimized with the Yoast SEO plugin v26.8 - https:\/\/yoast.com\/product\/yoast-seo-wordpress\/ -->\n<title>Nicolas A. Mancillas - Perez, Williams, Medina and Rodriguez<\/title>\n<meta name=\"robots\" content=\"index, follow, max-snippet:-1, max-image-preview:large, max-video-preview:-1\" \/>\n<link rel=\"canonical\" href=\"https:\/\/pwmrlaw.com\/sp\/nicolas-mancillas\/\" \/>\n<meta property=\"og:locale\" content=\"es_MX\" \/>\n<meta property=\"og:type\" content=\"article\" \/>\n<meta property=\"og:title\" content=\"Nicolas A. Mancillas - Perez, Williams, Medina and Rodriguez\" \/>\n<meta property=\"og:url\" content=\"https:\/\/pwmrlaw.com\/sp\/nicolas-mancillas\/\" \/>\n<meta property=\"og:site_name\" content=\"Perez, Williams, Medina and Rodriguez\" \/>\n<meta property=\"article:modified_time\" content=\"2025-09-10T17:47:36+00:00\" \/>\n<meta property=\"og:image\" content=\"https:\/\/pwmrlaw.com\/wp-content\/uploads\/2022\/10\/HL0A0150-Mancillas.Nicolas_300.jpg\" \/>\n\t<meta property=\"og:image:width\" content=\"300\" \/>\n\t<meta property=\"og:image:height\" content=\"375\" \/>\n\t<meta property=\"og:image:type\" content=\"image\/jpeg\" \/>\n<meta name=\"twitter:card\" content=\"summary_large_image\" \/>\n<meta name=\"twitter:label1\" content=\"Tiempo de lectura\" \/>\n\t<meta name=\"twitter:data1\" content=\"2 minutos\" \/>\n<script type=\"application\/ld+json\" class=\"yoast-schema-graph\">{\"@context\":\"https:\/\/schema.org\",\"@graph\":[{\"@type\":\"WebPage\",\"@id\":\"https:\/\/pwmrlaw.com\/nicolas-mancillas\/\",\"url\":\"https:\/\/pwmrlaw.com\/nicolas-mancillas\/\",\"name\":\"Nicolas A. Mancillas - Perez, Williams, Medina and Rodriguez\",\"isPartOf\":{\"@id\":\"https:\/\/pwmrlaw.com\/#website\"},\"primaryImageOfPage\":{\"@id\":\"https:\/\/pwmrlaw.com\/nicolas-mancillas\/#primaryimage\"},\"image\":{\"@id\":\"https:\/\/pwmrlaw.com\/nicolas-mancillas\/#primaryimage\"},\"thumbnailUrl\":\"https:\/\/pwmrlaw.com\/wp-content\/uploads\/2022\/10\/HL0A0150-Mancillas.Nicolas_300.jpg\",\"datePublished\":\"2023-01-13T00:28:35+00:00\",\"dateModified\":\"2025-09-10T17:47:36+00:00\",\"breadcrumb\":{\"@id\":\"https:\/\/pwmrlaw.com\/nicolas-mancillas\/#breadcrumb\"},\"inLanguage\":\"es\",\"potentialAction\":[{\"@type\":\"ReadAction\",\"target\":[\"https:\/\/pwmrlaw.com\/nicolas-mancillas\/\"]}]},{\"@type\":\"ImageObject\",\"inLanguage\":\"es\",\"@id\":\"https:\/\/pwmrlaw.com\/nicolas-mancillas\/#primaryimage\",\"url\":\"https:\/\/pwmrlaw.com\/wp-content\/uploads\/2022\/10\/HL0A0150-Mancillas.Nicolas_300.jpg\",\"contentUrl\":\"https:\/\/pwmrlaw.com\/wp-content\/uploads\/2022\/10\/HL0A0150-Mancillas.Nicolas_300.jpg\"},{\"@type\":\"BreadcrumbList\",\"@id\":\"https:\/\/pwmrlaw.com\/nicolas-mancillas\/#breadcrumb\",\"itemListElement\":[{\"@type\":\"ListItem\",\"position\":1,\"name\":\"Home\",\"item\":\"https:\/\/pwmrlaw.com\/\"},{\"@type\":\"ListItem\",\"position\":2,\"name\":\"Nicolas A. Mancillas\"}]},{\"@type\":\"WebSite\",\"@id\":\"https:\/\/pwmrlaw.com\/#website\",\"url\":\"https:\/\/pwmrlaw.com\/\",\"name\":\"Perez, Williams, Medina and Rodriguez\",\"description\":\"Fresno Personal Injury and Workers&#039; Compensation Attorneys\",\"potentialAction\":[{\"@type\":\"SearchAction\",\"target\":{\"@type\":\"EntryPoint\",\"urlTemplate\":\"https:\/\/pwmrlaw.com\/?s={search_term_string}\"},\"query-input\":{\"@type\":\"PropertyValueSpecification\",\"valueRequired\":true,\"valueName\":\"search_term_string\"}}],\"inLanguage\":\"es\"}]}<\/script>\n<!-- \/ Yoast SEO plugin. -->","yoast_head_json":{"title":"Nicolas A. Mancillas - Perez, Williams, Medina and Rodriguez","robots":{"index":"index","follow":"follow","max-snippet":"max-snippet:-1","max-image-preview":"max-image-preview:large","max-video-preview":"max-video-preview:-1"},"canonical":"https:\/\/pwmrlaw.com\/sp\/nicolas-mancillas\/","og_locale":"es_MX","og_type":"article","og_title":"Nicolas A. Mancillas - Perez, Williams, Medina and Rodriguez","og_url":"https:\/\/pwmrlaw.com\/sp\/nicolas-mancillas\/","og_site_name":"Perez, Williams, Medina and Rodriguez","article_modified_time":"2025-09-10T17:47:36+00:00","og_image":[{"width":300,"height":375,"url":"https:\/\/pwmrlaw.com\/wp-content\/uploads\/2022\/10\/HL0A0150-Mancillas.Nicolas_300.jpg","type":"image\/jpeg"}],"twitter_card":"summary_large_image","twitter_misc":{"Tiempo de lectura":"2 minutos"},"schema":{"@context":"https:\/\/schema.org","@graph":[{"@type":"WebPage","@id":"https:\/\/pwmrlaw.com\/nicolas-mancillas\/","url":"https:\/\/pwmrlaw.com\/nicolas-mancillas\/","name":"Nicolas A. Mancillas - Perez, Williams, Medina and Rodriguez","isPartOf":{"@id":"https:\/\/pwmrlaw.com\/#website"},"primaryImageOfPage":{"@id":"https:\/\/pwmrlaw.com\/nicolas-mancillas\/#primaryimage"},"image":{"@id":"https:\/\/pwmrlaw.com\/nicolas-mancillas\/#primaryimage"},"thumbnailUrl":"https:\/\/pwmrlaw.com\/wp-content\/uploads\/2022\/10\/HL0A0150-Mancillas.Nicolas_300.jpg","datePublished":"2023-01-13T00:28:35+00:00","dateModified":"2025-09-10T17:47:36+00:00","breadcrumb":{"@id":"https:\/\/pwmrlaw.com\/nicolas-mancillas\/#breadcrumb"},"inLanguage":"es","potentialAction":[{"@type":"ReadAction","target":["https:\/\/pwmrlaw.com\/nicolas-mancillas\/"]}]},{"@type":"ImageObject","inLanguage":"es","@id":"https:\/\/pwmrlaw.com\/nicolas-mancillas\/#primaryimage","url":"https:\/\/pwmrlaw.com\/wp-content\/uploads\/2022\/10\/HL0A0150-Mancillas.Nicolas_300.jpg","contentUrl":"https:\/\/pwmrlaw.com\/wp-content\/uploads\/2022\/10\/HL0A0150-Mancillas.Nicolas_300.jpg"},{"@type":"BreadcrumbList","@id":"https:\/\/pwmrlaw.com\/nicolas-mancillas\/#breadcrumb","itemListElement":[{"@type":"ListItem","position":1,"name":"Home","item":"https:\/\/pwmrlaw.com\/"},{"@type":"ListItem","position":2,"name":"Nicolas A. Mancillas"}]},{"@type":"WebSite","@id":"https:\/\/pwmrlaw.com\/#website","url":"https:\/\/pwmrlaw.com\/","name":"P\u00e9rez, Williams, Medina y Rodr\u00edguez","description":"Fresno Lesiones Personales y Trabajadores&#039; Abogados de compensaci\u00f3n","potentialAction":[{"@type":"SearchAction","target":{"@type":"EntryPoint","urlTemplate":"https:\/\/pwmrlaw.com\/?s={search_term_string}"},"query-input":{"@type":"PropertyValueSpecification","valueRequired":true,"valueName":"search_term_string"}}],"inLanguage":"es"}]}},"_links":{"self":[{"href":"https:\/\/pwmrlaw.com\/sp\/wp-json\/wp\/v2\/pages\/2163","targetHints":{"allow":["GET"]}}],"collection":[{"href":"https:\/\/pwmrlaw.com\/sp\/wp-json\/wp\/v2\/pages"}],"about":[{"href":"https:\/\/pwmrlaw.com\/sp\/wp-json\/wp\/v2\/types\/page"}],"author":[{"embeddable":true,"href":"https:\/\/pwmrlaw.com\/sp\/wp-json\/wp\/v2\/users\/2"}],"replies":[{"embeddable":true,"href":"https:\/\/pwmrlaw.com\/sp\/wp-json\/wp\/v2\/comments?post=2163"}],"version-history":[{"count":7,"href":"https:\/\/pwmrlaw.com\/sp\/wp-json\/wp\/v2\/pages\/2163\/revisions"}],"predecessor-version":[{"id":2312,"href":"https:\/\/pwmrlaw.com\/sp\/wp-json\/wp\/v2\/pages\/2163\/revisions\/2312"}],"wp:attachment":[{"href":"https:\/\/pwmrlaw.com\/sp\/wp-json\/wp\/v2\/media?parent=2163"}],"curies":[{"name":"wp","href":"https:\/\/api.w.org\/{rel}","templated":true}]}}