{"id":22,"date":"2011-05-16T17:25:56","date_gmt":"2011-05-16T21:25:56","guid":{"rendered":"http:\/\/perezwilliamsmedinarodriguez.thelawlinks.com\/?page_id=22"},"modified":"2017-08-04T18:20:06","modified_gmt":"2017-08-04T18:20:06","slug":"auto-accident","status":"publish","type":"page","link":"https:\/\/pwmrlaw.com\/sp\/personal-injury\/auto-accident\/","title":{"rendered":"Accidente Automovil\u00edstico"},"content":{"rendered":"<h1>Los abogados de Fresno representan diligentemente a las v\u00edctimas de accidentes automovil\u00edsticos<\/h1>\n<h2>Aportando experiencia cuando m\u00e1s importa<\/h2>\n<p>En P\u00e9rez, Williams, Medina y Rodr\u00edguez, LLP, entendemos cu\u00e1n estresante puede ser un accidente automovil\u00edstico para usted y su familia. Sufrir una lesi\u00f3n personal significativa adem\u00e1s del da\u00f1o extenso a su veh\u00edculo puede ser devastador emocional y financieramente. Como abogados con experiencia en lesiones personales, somos firmes defensores en las negociaciones y en los tribunales. Nuestro objetivo es obtener la compensaci\u00f3n justa que merece como resultado de su lesi\u00f3n relacionada con el accidente.<\/p>\n<h2>Los accidentes automovil\u00edsticos vienen en muchas variedades<\/h2>\n<p>Los conductores negligentes est\u00e1n en las carreteras de California todos los d\u00edas. En nuestros a\u00f1os de experiencia, hemos visto lesiones y <a title=\"Muerte injusta\" href=\"https:\/\/pwmrlaw.com\/sp\/wp\/personal-injury\/wrongful-death\/\">muerte accidental<\/a> como resultado de una amplia gama de accidentes de veh\u00edculos, que incluyen:<\/p>\n<ul>\n<li><strong>Colisiones traseras<\/strong>. Los accidentes a menudo ocurren cuando un autom\u00f3vil choca contra el veh\u00edculo directamente en frente de \u00e9l. Este tipo de colisi\u00f3n generalmente ocurre cuando el auto de adelante frena repentinamente o el auto de atr\u00e1s acelera m\u00e1s r\u00e1pido que el auto de adelante.<\/li>\n<li><strong>Colisiones de impacto lateral<\/strong>. Un choque de impacto lateral, tambi\u00e9n conocido como colisi\u00f3n \u201cT-bone\u201d o \u201cbroadside\u201d, puede causar da\u00f1os importantes a su veh\u00edculo, y es m\u00e1s probable que sus pasajeros sufran lesiones graves en este tipo de accidente.<\/li>\n<li><strong>Colisiones de barrido lateral.<\/strong> Cuando dos veh\u00edculos est\u00e1n paralelos y se golpean o se deslizan, el impacto puede hacer que los conductores pierdan el control y choquen.<\/li>\n<li><strong>Vuelcos de veh\u00edculos.<\/strong> Se pueden producir da\u00f1os y lesiones graves cuando un autom\u00f3vil vuelca sobre un costado o sobre el techo. Los veh\u00edculos utilitarios deportivos (SUV) tienen m\u00e1s probabilidades de volcarse que los autom\u00f3viles debido a su centro de gravedad m\u00e1s alto.<\/li>\n<li><strong>Colisiones frontales. <\/strong>Cuando las partes delanteras de dos veh\u00edculos chocan entre s\u00ed, el resultado suele ser mortal.<\/li>\n<li><strong>Accidentes de un solo coche. <\/strong>Algunos choques ocurren cuando un solo veh\u00edculo choca con autom\u00f3viles estacionados, postes, \u00e1rboles u otros objetos.<\/li>\n<li><strong>Choques de varios veh\u00edculos<\/strong>. Numerosos veh\u00edculos involucrados en un accidente es una escena com\u00fan en las carreteras y autopistas de California. Los pileups son uno de los tipos de accidentes de tr\u00e1fico m\u00e1s mort\u00edferos.<\/li>\n<\/ul>\n<h2>Los accidentes automovil\u00edsticos provienen de una variedad de causas<\/h2>\n<p>No hay dos accidentes de veh\u00edculos iguales. Sin embargo, algunas causas son demasiado comunes:<\/p>\n<table style=\"width: 100%;\" border=\"0\">\n<tbody>\n<tr>\n<td valign=\"top\" width=\"50%\">\n<ul style=\"font-size: 13px; line-height: 19px;\">\n<li>Conducci\u00f3n distra\u00edda (mensajes de texto, hablar por tel\u00e9fono, comer)<\/li>\n<li>Exceso de velocidad<\/li>\n<li>Conducir bajo la influencia del alcohol o las drogas<\/li>\n<\/ul>\n<\/td>\n<td valign=\"top\" width=\"50%\">\n<ul style=\"font-size: 13px; line-height: 19px;\">\n<li>Conducci\u00f3n temeraria<\/li>\n<li>Fatiga<\/li>\n<li>Malas condiciones clim\u00e1ticas<\/li>\n<li>defectos de dise\u00f1o del coche<\/li>\n<\/ul>\n<\/td>\n<\/tr>\n<\/tbody>\n<\/table>\n<p>Cualquiera que sea la causa de su accidente, nuestros abogados pueden ayudarlo. Investigamos a fondo la causa de su accidente, contratamos a los expertos que podr\u00edan beneficiar su caso y utilizamos una variedad de otros recursos a nuestra disposici\u00f3n para avanzar en su reclamo por da\u00f1os y perjuicios.<\/p>\n<h2>Una persona puede sufrir una asombrosa variedad de lesiones<\/h2>\n<p>Cuando se ve involucrado en un accidente de tr\u00e1fico, existe un n\u00famero casi ilimitado de lesiones que pueden ocurrir. Y las personas involucradas en un <a title=\"Accidente de motocicleta\" href=\"https:\/\/pwmrlaw.com\/sp\/wp\/personal-injury\/motorcycle-accident\/\">accidente de motocicleta<\/a> o un <a title=\"Accidente de cami\u00f3n\" href=\"https:\/\/pwmrlaw.com\/sp\/wp\/personal-injury\/truck-accident\/\">accidente de 18 ruedas<\/a> puede experimentar alguna combinaci\u00f3n de lo siguiente:<\/p>\n<table style=\"width: 100%;\" border=\"0\">\n<tbody>\n<tr>\n<td valign=\"top\" width=\"50%\">\n<ul style=\"font-size: 13px; line-height: 19px;\">\n<li>Contusiones, cortes y raspaduras<\/li>\n<li>Latigazo<\/li>\n<li>Huesos rotos<\/li>\n<li>P\u00e9rdida de extremidades<\/li>\n<\/ul>\n<\/td>\n<td valign=\"top\" width=\"50%\">\n<ul style=\"font-size: 13px; line-height: 19px;\">\n<li>Lesiones Cerebrales<\/li>\n<li>Par\u00e1lisis<\/li>\n<li>lesiones de columna<\/li>\n<\/ul>\n<\/td>\n<\/tr>\n<\/tbody>\n<\/table>\n<p>Si sufri\u00f3 lesiones graves en un accidente automovil\u00edstico, es posible que tenga derecho a recuperar da\u00f1os. Si perdi\u00f3 a un ser querido en un accidente fatal, podemos ayudarlo a iniciar una acci\u00f3n por homicidio culposo.<\/p>\n<h3>Busque la ayuda de abogados con experiencia en accidentes automovil\u00edsticos en Fresno hoy<\/h3>\n<p>P\u00e9rez, Williams, Medina y Rodr\u00edguez, LLP cuenta con abogados que conocen los casos de accidentes automovil\u00edsticos. Podemos ayudarlo a obtener una compensaci\u00f3n por sus facturas m\u00e9dicas, salarios perdidos y otros da\u00f1os sufridos. Desde nuestra oficina en Fresno, California, tambi\u00e9n atendemos a clientes en todo el Valle Central, incluidos los condados de Fresno, Tulare, Madera, Merced y Kings. Programe su consulta gratuita llam\u00e1ndonos al 559-445-0123.<\/p>","protected":false},"excerpt":{"rendered":"<p>Fresno Attorneys Diligently Represent Victims of Car Accidents Providing experience when it matters most At Perez, Williams, Medina, &amp; Rodriguez, LLP, we understand how stressful a car accident can be for you and your family. Suffering a significant personal injury in addition to the extensive damage to your vehicle can be devastating emotionally and financially.<\/p>","protected":false},"author":21,"featured_media":0,"parent":14,"menu_order":1,"comment_status":"open","ping_status":"closed","template":"","meta":{"footnotes":""},"class_list":["post-22","page","type-page","status-publish","hentry"],"yoast_head":"<!-- This site is optimized with the Yoast SEO plugin v26.8 - https:\/\/yoast.com\/product\/yoast-seo-wordpress\/ -->\n<title>Auto Accident - Perez, Williams, Medina and Rodriguez<\/title>\n<meta name=\"robots\" content=\"index, follow, max-snippet:-1, max-image-preview:large, max-video-preview:-1\" \/>\n<link rel=\"canonical\" href=\"https:\/\/pwmrlaw.com\/sp\/personal-injury\/auto-accident\/\" \/>\n<meta property=\"og:locale\" content=\"es_MX\" \/>\n<meta property=\"og:type\" content=\"article\" \/>\n<meta property=\"og:title\" content=\"Auto Accident - Perez, Williams, Medina and Rodriguez\" \/>\n<meta property=\"og:description\" content=\"Fresno Attorneys Diligently Represent Victims of Car Accidents Providing experience when it matters most At Perez, Williams, Medina, &amp; Rodriguez, LLP, we understand how stressful a car accident can be for you and your family. Suffering a significant personal injury in addition to the extensive damage to your vehicle can be devastating emotionally and financially.\" \/>\n<meta property=\"og:url\" content=\"https:\/\/pwmrlaw.com\/sp\/personal-injury\/auto-accident\/\" \/>\n<meta property=\"og:site_name\" content=\"Perez, Williams, Medina and Rodriguez\" \/>\n<meta property=\"article:modified_time\" content=\"2017-08-04T18:20:06+00:00\" \/>\n<meta name=\"twitter:card\" content=\"summary_large_image\" \/>\n<meta name=\"twitter:label1\" content=\"Tiempo de lectura\" \/>\n\t<meta name=\"twitter:data1\" content=\"3 minutos\" \/>\n<script type=\"application\/ld+json\" class=\"yoast-schema-graph\">{\"@context\":\"https:\/\/schema.org\",\"@graph\":[{\"@type\":\"WebPage\",\"@id\":\"https:\/\/pwmrlaw.com\/personal-injury\/auto-accident\/\",\"url\":\"https:\/\/pwmrlaw.com\/personal-injury\/auto-accident\/\",\"name\":\"Auto Accident - Perez, Williams, Medina and Rodriguez\",\"isPartOf\":{\"@id\":\"https:\/\/pwmrlaw.com\/#website\"},\"datePublished\":\"2011-05-16T21:25:56+00:00\",\"dateModified\":\"2017-08-04T18:20:06+00:00\",\"breadcrumb\":{\"@id\":\"https:\/\/pwmrlaw.com\/personal-injury\/auto-accident\/#breadcrumb\"},\"inLanguage\":\"es\",\"potentialAction\":[{\"@type\":\"ReadAction\",\"target\":[\"https:\/\/pwmrlaw.com\/personal-injury\/auto-accident\/\"]}]},{\"@type\":\"BreadcrumbList\",\"@id\":\"https:\/\/pwmrlaw.com\/personal-injury\/auto-accident\/#breadcrumb\",\"itemListElement\":[{\"@type\":\"ListItem\",\"position\":1,\"name\":\"Home\",\"item\":\"https:\/\/pwmrlaw.com\/\"},{\"@type\":\"ListItem\",\"position\":2,\"name\":\"Personal Injury\",\"item\":\"https:\/\/pwmrlaw.com\/personal-injury\/\"},{\"@type\":\"ListItem\",\"position\":3,\"name\":\"Auto Accident\"}]},{\"@type\":\"WebSite\",\"@id\":\"https:\/\/pwmrlaw.com\/#website\",\"url\":\"https:\/\/pwmrlaw.com\/\",\"name\":\"Perez, Williams, Medina and Rodriguez\",\"description\":\"Fresno Personal Injury and Workers&#039; Compensation Attorneys\",\"potentialAction\":[{\"@type\":\"SearchAction\",\"target\":{\"@type\":\"EntryPoint\",\"urlTemplate\":\"https:\/\/pwmrlaw.com\/?s={search_term_string}\"},\"query-input\":{\"@type\":\"PropertyValueSpecification\",\"valueRequired\":true,\"valueName\":\"search_term_string\"}}],\"inLanguage\":\"es\"}]}<\/script>\n<!-- \/ Yoast SEO plugin. -->","yoast_head_json":{"title":"Auto Accident - Perez, Williams, Medina and Rodriguez","robots":{"index":"index","follow":"follow","max-snippet":"max-snippet:-1","max-image-preview":"max-image-preview:large","max-video-preview":"max-video-preview:-1"},"canonical":"https:\/\/pwmrlaw.com\/sp\/personal-injury\/auto-accident\/","og_locale":"es_MX","og_type":"article","og_title":"Auto Accident - Perez, Williams, Medina and Rodriguez","og_description":"Fresno Attorneys Diligently Represent Victims of Car Accidents Providing experience when it matters most At Perez, Williams, Medina, &amp; Rodriguez, LLP, we understand how stressful a car accident can be for you and your family. Suffering a significant personal injury in addition to the extensive damage to your vehicle can be devastating emotionally and financially.","og_url":"https:\/\/pwmrlaw.com\/sp\/personal-injury\/auto-accident\/","og_site_name":"Perez, Williams, Medina and Rodriguez","article_modified_time":"2017-08-04T18:20:06+00:00","twitter_card":"summary_large_image","twitter_misc":{"Tiempo de lectura":"3 minutos"},"schema":{"@context":"https:\/\/schema.org","@graph":[{"@type":"WebPage","@id":"https:\/\/pwmrlaw.com\/personal-injury\/auto-accident\/","url":"https:\/\/pwmrlaw.com\/personal-injury\/auto-accident\/","name":"Auto Accident - Perez, Williams, Medina and Rodriguez","isPartOf":{"@id":"https:\/\/pwmrlaw.com\/#website"},"datePublished":"2011-05-16T21:25:56+00:00","dateModified":"2017-08-04T18:20:06+00:00","breadcrumb":{"@id":"https:\/\/pwmrlaw.com\/personal-injury\/auto-accident\/#breadcrumb"},"inLanguage":"es","potentialAction":[{"@type":"ReadAction","target":["https:\/\/pwmrlaw.com\/personal-injury\/auto-accident\/"]}]},{"@type":"BreadcrumbList","@id":"https:\/\/pwmrlaw.com\/personal-injury\/auto-accident\/#breadcrumb","itemListElement":[{"@type":"ListItem","position":1,"name":"Home","item":"https:\/\/pwmrlaw.com\/"},{"@type":"ListItem","position":2,"name":"Personal Injury","item":"https:\/\/pwmrlaw.com\/personal-injury\/"},{"@type":"ListItem","position":3,"name":"Auto Accident"}]},{"@type":"WebSite","@id":"https:\/\/pwmrlaw.com\/#website","url":"https:\/\/pwmrlaw.com\/","name":"P\u00e9rez, Williams, Medina y Rodr\u00edguez","description":"Fresno Lesiones Personales y Trabajadores&#039; Abogados de compensaci\u00f3n","potentialAction":[{"@type":"SearchAction","target":{"@type":"EntryPoint","urlTemplate":"https:\/\/pwmrlaw.com\/?s={search_term_string}"},"query-input":{"@type":"PropertyValueSpecification","valueRequired":true,"valueName":"search_term_string"}}],"inLanguage":"es"}]}},"_links":{"self":[{"href":"https:\/\/pwmrlaw.com\/sp\/wp-json\/wp\/v2\/pages\/22","targetHints":{"allow":["GET"]}}],"collection":[{"href":"https:\/\/pwmrlaw.com\/sp\/wp-json\/wp\/v2\/pages"}],"about":[{"href":"https:\/\/pwmrlaw.com\/sp\/wp-json\/wp\/v2\/types\/page"}],"author":[{"embeddable":true,"href":"https:\/\/pwmrlaw.com\/sp\/wp-json\/wp\/v2\/users\/21"}],"replies":[{"embeddable":true,"href":"https:\/\/pwmrlaw.com\/sp\/wp-json\/wp\/v2\/comments?post=22"}],"version-history":[{"count":7,"href":"https:\/\/pwmrlaw.com\/sp\/wp-json\/wp\/v2\/pages\/22\/revisions"}],"predecessor-version":[{"id":1423,"href":"https:\/\/pwmrlaw.com\/sp\/wp-json\/wp\/v2\/pages\/22\/revisions\/1423"}],"up":[{"embeddable":true,"href":"https:\/\/pwmrlaw.com\/sp\/wp-json\/wp\/v2\/pages\/14"}],"wp:attachment":[{"href":"https:\/\/pwmrlaw.com\/sp\/wp-json\/wp\/v2\/media?parent=22"}],"curies":[{"name":"wp","href":"https:\/\/api.w.org\/{rel}","templated":true}]}}