{"id":24,"date":"2011-05-16T17:26:07","date_gmt":"2011-05-16T21:26:07","guid":{"rendered":"http:\/\/perezwilliamsmedinarodriguez.thelawlinks.com\/?page_id=24"},"modified":"2018-11-20T14:03:08","modified_gmt":"2018-11-20T22:03:08","slug":"premises-liability","status":"publish","type":"page","link":"https:\/\/pwmrlaw.com\/sp\/personal-injury\/premises-liability\/","title":{"rendered":"Responsabilidad de los locales"},"content":{"rendered":"<div class=\"fusion-fullwidth fullwidth-box fusion-builder-row-1 nonhundred-percent-fullwidth non-hundred-percent-height-scrolling\" style=\"--awb-border-radius-top-left:0px;--awb-border-radius-top-right:0px;--awb-border-radius-bottom-right:0px;--awb-border-radius-bottom-left:0px;--awb-flex-wrap:wrap;\" ><div class=\"fusion-builder-row fusion-row\"><div class=\"fusion-layout-column fusion_builder_column fusion-builder-column-0 fusion_builder_column_1_1 1_1 fusion-one-full fusion-column-first fusion-column-last\" style=\"--awb-bg-size:cover;--awb-margin-bottom:0px;\"><div class=\"fusion-column-wrapper fusion-flex-column-wrapper-legacy\"><div class=\"fusion-text fusion-text-1\"><h1>Abogados de responsabilidad de locales responsabilizan a propietarios negligentes en el Valle Central<\/h1>\n<h2>Bufete de abogados que brinda representaci\u00f3n legal efectiva cuando est\u00e1 lesionado<\/h2>\n<p>Los due\u00f1os de propiedades en California deben tener un cuidado razonable en el mantenimiento de sus instalaciones. Esto significa que tienen el deber de evitar exponer a otras personas a un riesgo irrazonable de da\u00f1o o de tomar medidas para advertir adecuadamente a los visitantes sobre condiciones peligrosas. En Perez, Williams, Medina &amp; Rodriguez, LLP, trabajamos incansablemente para ayudar a nuestros clientes a obtener una compensaci\u00f3n completa y justa por sus lesiones.<\/p>\n<h2>Los casos de responsabilidad de locales tienen muchos or\u00edgenes<\/h2>\n<p>La responsabilidad de los locales es el \u00e1rea de la ley que establece que una persona o entidad en posesi\u00f3n de un terreno o una estructura es responsable de las lesiones o incluso la muerte sufridas por las personas legalmente presentes en esa propiedad. Los lugares comunes donde se puede originar un reclamo de responsabilidad de locales incluyen:<\/p>\n<table style=\"width: 100%;\" border=\"0\">\n<tbody>\n<tr>\n<td valign=\"top\" width=\"50%\">\n<ul style=\"font-size: 13px; line-height: 19px;\">\n<li>Edificios de oficinas<\/li>\n<li>Tiendas de comestibles<\/li>\n<li>aceras<\/li>\n<li>Centros comerciales<\/li>\n<li>Restaurantes<\/li>\n<li>Escuelas<\/li>\n<\/ul>\n<\/td>\n<td valign=\"top\" width=\"50%\">\n<ul style=\"font-size: 13px; line-height: 19px;\">\n<li>Estacionamientos<\/li>\n<li>Barras<\/li>\n<li>Hoteles<\/li>\n<li>escaleras<\/li>\n<li>Hogares de ancianos<\/li>\n<\/ul>\n<\/td>\n<\/tr>\n<\/tbody>\n<\/table>\n<p>El equipo jur\u00eddico de <a title=\"Casa\" href=\"https:\/\/pwmrlaw.com\/sp\/\">P\u00e9rez, Williams, Medina y Rodr\u00edguez, LLP<\/a> tiene una amplia experiencia en el manejo de casos de resbalones y ca\u00eddas y muchos otros tipos de demandas de responsabilidad de locales. Nuestros abogados escuchan los hechos que conducen a su <a title=\"Lesiones Personales\" href=\"https:\/\/pwmrlaw.com\/sp\/personal-injury\/\">lesi\u00f3n<\/a> y determinar los posibles responsables. Perseguimos agresivamente la compensaci\u00f3n por los da\u00f1os que sufri\u00f3.<\/p>\n<h2>Una sorprendente variedad de condiciones puede conducir a un caso de responsabilidad de locales<\/h2>\n<p>Cualquier acci\u00f3n o inacci\u00f3n negligente por parte del due\u00f1o de una propiedad puede ser causa de un reclamo de responsabilidad del local. En nuestros a\u00f1os de experiencia, hemos visto lesiones causadas por:<\/p>\n<table style=\"width: 100%;\" border=\"0\">\n<tbody>\n<tr>\n<td valign=\"top\" width=\"50%\">\n<ul style=\"font-size: 13px; line-height: 19px;\">\n<li>Iluminaci\u00f3n inadecuada<\/li>\n<li>Concreto mal mantenido<\/li>\n<li>Manchas de hielo o nieve<\/li>\n<li>Asfalto u hormig\u00f3n desmoronado<\/li>\n<\/ul>\n<\/td>\n<td valign=\"top\" width=\"50%\">\n<ul style=\"font-size: 13px; line-height: 19px;\">\n<li>Falta de seguridad o protecci\u00f3n de un elemento criminal<\/li>\n<li>barandillas defectuosas<\/li>\n<li>Cableado mal mantenido<\/li>\n<li>No proporcionar material antideslizante en las escaleras.<\/li>\n<\/ul>\n<\/td>\n<\/tr>\n<\/tbody>\n<\/table>\n<h2>Lesiones de responsabilidad de locales comunes<\/h2>\n<p>Sabemos que no hay dos lesiones id\u00e9nticas, por lo que brindamos representaci\u00f3n legal individualizada y un enfoque minucioso de su caso. Los tipos de lesiones que com\u00fanmente se derivan de la negligencia del due\u00f1o de una propiedad incluyen:<\/p>\n<table style=\"width: 100%;\" border=\"0\">\n<tbody>\n<tr>\n<td valign=\"top\" width=\"50%\">\n<ul style=\"font-size: 13px; line-height: 19px;\">\n<li>Lesiones Cerebrales<\/li>\n<li>Traumatismos por fuerza contundente<\/li>\n<li>Huesos rotos<\/li>\n<li>quemaduras<\/li>\n<\/ul>\n<\/td>\n<td valign=\"top\" width=\"50%\">\n<ul style=\"font-size: 13px; line-height: 19px;\">\n<li>Mordidas de perro<\/li>\n<li>Electrocuci\u00f3n<\/li>\n<li>Heridas de cuchillo y de arma de fuego<\/li>\n<li>Violaci\u00f3n<\/li>\n<\/ul>\n<\/td>\n<\/tr>\n<\/tbody>\n<\/table>\n<p>Tenemos experiencia en el manejo de todo tipo de lesiones, por lo que estamos totalmente equipados para ayudarlo a recuperarse de sus da\u00f1os. Los casos de responsabilidad de locales pueden ser complejos y puede ser dif\u00edcil determinar qui\u00e9n tiene la culpa. Un abogado con experiencia en lesiones personales que conozca las leyes de responsabilidad de las instalaciones de California puede determinar la culpa y buscar una compensaci\u00f3n monetaria por sus lesiones.<\/p>\n<h3>Busque el asesoramiento de abogados con experiencia en responsabilidad de locales en Fresno en su consulta inicial gratuita<\/h3>\n<p>Si result\u00f3 lesionado debido a la negligencia del due\u00f1o de una propiedad en el Valle Central, <a title=\"Cont\u00e1ctenos\" href=\"https:\/\/pwmrlaw.com\/sp\/contact-us\/\">contacto<\/a> Perez, Williams, Medina &amp; Rodriguez, LLP al 559-445-0123 para una consulta gratuita con un abogado experto en responsabilidad de locales. Atendemos a clientes en los condados de Fresno, Tulare, Madera, Merced y Kings. Hablamos ingl\u00e9s y espa\u00f1ol.<\/p>\n<\/div><div class=\"fusion-clearfix\"><\/div><\/div><\/div><\/div><\/div>","protected":false},"excerpt":{"rendered":"","protected":false},"author":21,"featured_media":0,"parent":14,"menu_order":4,"comment_status":"open","ping_status":"closed","template":"","meta":{"footnotes":""},"class_list":["post-24","page","type-page","status-publish","hentry"],"yoast_head":"<!-- This site is optimized with the Yoast SEO plugin v26.8 - https:\/\/yoast.com\/product\/yoast-seo-wordpress\/ -->\n<title>Premises Liability - Perez, Williams, Medina and Rodriguez<\/title>\n<meta name=\"robots\" content=\"index, follow, max-snippet:-1, max-image-preview:large, max-video-preview:-1\" \/>\n<link rel=\"canonical\" href=\"https:\/\/pwmrlaw.com\/sp\/personal-injury\/premises-liability\/\" \/>\n<meta property=\"og:locale\" content=\"es_MX\" \/>\n<meta property=\"og:type\" content=\"article\" \/>\n<meta property=\"og:title\" content=\"Premises Liability - Perez, Williams, Medina and Rodriguez\" \/>\n<meta property=\"og:url\" content=\"https:\/\/pwmrlaw.com\/sp\/personal-injury\/premises-liability\/\" \/>\n<meta property=\"og:site_name\" content=\"Perez, Williams, Medina and Rodriguez\" \/>\n<meta property=\"article:modified_time\" content=\"2018-11-20T22:03:08+00:00\" \/>\n<meta name=\"twitter:card\" content=\"summary_large_image\" \/>\n<meta name=\"twitter:label1\" content=\"Tiempo de lectura\" \/>\n\t<meta name=\"twitter:data1\" content=\"3 minutos\" \/>\n<script type=\"application\/ld+json\" class=\"yoast-schema-graph\">{\"@context\":\"https:\/\/schema.org\",\"@graph\":[{\"@type\":\"WebPage\",\"@id\":\"https:\/\/pwmrlaw.com\/personal-injury\/premises-liability\/\",\"url\":\"https:\/\/pwmrlaw.com\/personal-injury\/premises-liability\/\",\"name\":\"Premises Liability - Perez, Williams, Medina and Rodriguez\",\"isPartOf\":{\"@id\":\"https:\/\/pwmrlaw.com\/#website\"},\"datePublished\":\"2011-05-16T21:26:07+00:00\",\"dateModified\":\"2018-11-20T22:03:08+00:00\",\"breadcrumb\":{\"@id\":\"https:\/\/pwmrlaw.com\/personal-injury\/premises-liability\/#breadcrumb\"},\"inLanguage\":\"es\",\"potentialAction\":[{\"@type\":\"ReadAction\",\"target\":[\"https:\/\/pwmrlaw.com\/personal-injury\/premises-liability\/\"]}]},{\"@type\":\"BreadcrumbList\",\"@id\":\"https:\/\/pwmrlaw.com\/personal-injury\/premises-liability\/#breadcrumb\",\"itemListElement\":[{\"@type\":\"ListItem\",\"position\":1,\"name\":\"Home\",\"item\":\"https:\/\/pwmrlaw.com\/\"},{\"@type\":\"ListItem\",\"position\":2,\"name\":\"Personal Injury\",\"item\":\"https:\/\/pwmrlaw.com\/personal-injury\/\"},{\"@type\":\"ListItem\",\"position\":3,\"name\":\"Premises Liability\"}]},{\"@type\":\"WebSite\",\"@id\":\"https:\/\/pwmrlaw.com\/#website\",\"url\":\"https:\/\/pwmrlaw.com\/\",\"name\":\"Perez, Williams, Medina and Rodriguez\",\"description\":\"Fresno Personal Injury and Workers&#039; Compensation Attorneys\",\"potentialAction\":[{\"@type\":\"SearchAction\",\"target\":{\"@type\":\"EntryPoint\",\"urlTemplate\":\"https:\/\/pwmrlaw.com\/?s={search_term_string}\"},\"query-input\":{\"@type\":\"PropertyValueSpecification\",\"valueRequired\":true,\"valueName\":\"search_term_string\"}}],\"inLanguage\":\"es\"}]}<\/script>\n<!-- \/ Yoast SEO plugin. -->","yoast_head_json":{"title":"Premises Liability - Perez, Williams, Medina and Rodriguez","robots":{"index":"index","follow":"follow","max-snippet":"max-snippet:-1","max-image-preview":"max-image-preview:large","max-video-preview":"max-video-preview:-1"},"canonical":"https:\/\/pwmrlaw.com\/sp\/personal-injury\/premises-liability\/","og_locale":"es_MX","og_type":"article","og_title":"Premises Liability - Perez, Williams, Medina and Rodriguez","og_url":"https:\/\/pwmrlaw.com\/sp\/personal-injury\/premises-liability\/","og_site_name":"Perez, Williams, Medina and Rodriguez","article_modified_time":"2018-11-20T22:03:08+00:00","twitter_card":"summary_large_image","twitter_misc":{"Tiempo de lectura":"3 minutos"},"schema":{"@context":"https:\/\/schema.org","@graph":[{"@type":"WebPage","@id":"https:\/\/pwmrlaw.com\/personal-injury\/premises-liability\/","url":"https:\/\/pwmrlaw.com\/personal-injury\/premises-liability\/","name":"Premises Liability - Perez, Williams, Medina and Rodriguez","isPartOf":{"@id":"https:\/\/pwmrlaw.com\/#website"},"datePublished":"2011-05-16T21:26:07+00:00","dateModified":"2018-11-20T22:03:08+00:00","breadcrumb":{"@id":"https:\/\/pwmrlaw.com\/personal-injury\/premises-liability\/#breadcrumb"},"inLanguage":"es","potentialAction":[{"@type":"ReadAction","target":["https:\/\/pwmrlaw.com\/personal-injury\/premises-liability\/"]}]},{"@type":"BreadcrumbList","@id":"https:\/\/pwmrlaw.com\/personal-injury\/premises-liability\/#breadcrumb","itemListElement":[{"@type":"ListItem","position":1,"name":"Home","item":"https:\/\/pwmrlaw.com\/"},{"@type":"ListItem","position":2,"name":"Personal Injury","item":"https:\/\/pwmrlaw.com\/personal-injury\/"},{"@type":"ListItem","position":3,"name":"Premises Liability"}]},{"@type":"WebSite","@id":"https:\/\/pwmrlaw.com\/#website","url":"https:\/\/pwmrlaw.com\/","name":"P\u00e9rez, Williams, Medina y Rodr\u00edguez","description":"Fresno Lesiones Personales y Trabajadores&#039; Abogados de compensaci\u00f3n","potentialAction":[{"@type":"SearchAction","target":{"@type":"EntryPoint","urlTemplate":"https:\/\/pwmrlaw.com\/?s={search_term_string}"},"query-input":{"@type":"PropertyValueSpecification","valueRequired":true,"valueName":"search_term_string"}}],"inLanguage":"es"}]}},"_links":{"self":[{"href":"https:\/\/pwmrlaw.com\/sp\/wp-json\/wp\/v2\/pages\/24","targetHints":{"allow":["GET"]}}],"collection":[{"href":"https:\/\/pwmrlaw.com\/sp\/wp-json\/wp\/v2\/pages"}],"about":[{"href":"https:\/\/pwmrlaw.com\/sp\/wp-json\/wp\/v2\/types\/page"}],"author":[{"embeddable":true,"href":"https:\/\/pwmrlaw.com\/sp\/wp-json\/wp\/v2\/users\/21"}],"replies":[{"embeddable":true,"href":"https:\/\/pwmrlaw.com\/sp\/wp-json\/wp\/v2\/comments?post=24"}],"version-history":[{"count":7,"href":"https:\/\/pwmrlaw.com\/sp\/wp-json\/wp\/v2\/pages\/24\/revisions"}],"predecessor-version":[{"id":1426,"href":"https:\/\/pwmrlaw.com\/sp\/wp-json\/wp\/v2\/pages\/24\/revisions\/1426"}],"up":[{"embeddable":true,"href":"https:\/\/pwmrlaw.com\/sp\/wp-json\/wp\/v2\/pages\/14"}],"wp:attachment":[{"href":"https:\/\/pwmrlaw.com\/sp\/wp-json\/wp\/v2\/media?parent=24"}],"curies":[{"name":"wp","href":"https:\/\/api.w.org\/{rel}","templated":true}]}}