{"id":26,"date":"2011-05-16T17:26:19","date_gmt":"2011-05-16T21:26:19","guid":{"rendered":"http:\/\/perezwilliamsmedinarodriguez.thelawlinks.com\/?page_id=26"},"modified":"2017-08-04T18:20:05","modified_gmt":"2017-08-04T18:20:05","slug":"product-liability","status":"publish","type":"page","link":"https:\/\/pwmrlaw.com\/sp\/personal-injury\/product-liability\/","title":{"rendered":"Responsabilidad del producto"},"content":{"rendered":"<h1>Abogados de responsabilidad por productos defectuosos de Fresno que buscan una compensaci\u00f3n total por sus lesiones<\/h1>\n<h2>Ayudar a las personas lesionadas por productos irrazonablemente peligrosos<\/h2>\n<p>Todos los a\u00f1os se venden productos peligrosos o defectuosos que causan lesiones graves a los consumidores de California. Si usted o un ser querido result\u00f3 lesionado por un producto de consumo, los abogados expertos de Perez, Williams, Medina &amp; Rodriguez, LLP pueden representarlo de manera efectiva en una demanda de responsabilidad por productos defectuosos. Cuando un art\u00edculo se vende al p\u00fablico, debe ser seguro y adecuado para el uso previsto. Adem\u00e1s, se debe advertir a los consumidores de cualquier peligro relacionado con el uso del producto seg\u00fan lo previsto y de los peligros que no son evidentes. Luchamos por su derecho a recuperar da\u00f1os por sus lesiones causadas por un producto de consumo defectuoso.<\/p>\n<h2>\u00bfQu\u00e9 tipo de defectos pueden dar lugar a una reclamaci\u00f3n de responsabilidad de productos?<\/h2>\n<p>Millones de productos est\u00e1n disponibles para los consumidores. Los defectos del producto pueden ocurrir durante cualquier etapa de la creaci\u00f3n de un producto. El dise\u00f1o deficiente, los materiales inseguros, el etiquetado inexacto, la publicidad falsa o enga\u00f1osa y las instrucciones confusas se consideran defectos. Los reclamos de responsabilidad de productos comunes incluyen lo siguiente:<\/p>\n<ul>\n<li><strong>Partes de veh\u00edculo<\/strong>. Los autom\u00f3viles, camiones y otros veh\u00edculos pueden tener numerosas piezas defectuosas, como frenos, bolsas de aire, cinturones de seguridad, llantas y motores. Los asientos de seguridad para ni\u00f1os tambi\u00e9n pueden presentar peligros irrazonables.<\/li>\n<li><strong>Dispositivos m\u00e9dicos o medicamentos<\/strong>. Los implantes y dispositivos quir\u00fargicos pueden tener fallas que causen lesiones. Los productos farmac\u00e9uticos y los medicamentos pueden crear efectos secundarios graves. Cualquier cosa que ingiera o se frote en la piel puede ser motivo potencial para un reclamo de responsabilidad por productos defectuosos.<\/li>\n<li><strong>incendios. <\/strong>Muchos incendios residenciales son causados por calentadores, incluidos los calentadores port\u00e1tiles y los calentadores de espacio. Las quemaduras tambi\u00e9n son comunes para las personas <a title=\"Compensaci\u00f3n de trabajadores\" href=\"https:\/\/pwmrlaw.com\/sp\/wp\/workers-compensation\/\">lesionado en el trabajo<\/a>, especialmente en plantas de fabricaci\u00f3n y f\u00e1bricas.<\/li>\n<li><strong>Envenenamiento por plomo. <\/strong>Si bien la mayor\u00eda de las personas son conscientes de los peligros de la pintura con plomo, el envenenamiento por plomo a\u00fan causa problemas m\u00e9dicos, especialmente en los ni\u00f1os.<\/li>\n<\/ul>\n<p>Estos son solo algunos ejemplos de defectos que pueden ser la base para un reclamo de responsabilidad por productos defectuosos. Un defecto puede ser un defecto de dise\u00f1o, un defecto de fabricaci\u00f3n o una falta de advertencia adecuada de los peligros. Tenemos experiencia en el manejo de cada tipo de siniestro. Si cree que sus lesiones son el resultado de un producto de consumo defectuoso, perm\u00edtanos revisar su caso y ayudarlo a determinar una estrategia viable para recuperar da\u00f1os por sus lesiones.<\/p>\n<h2>Probar un caso de responsabilidad de productos<\/h2>\n<p>Cuando el producto que caus\u00f3 su lesi\u00f3n ya no est\u00e1 disponible porque lo ingiri\u00f3 o lo tir\u00f3, puede ser dif\u00edcil probar su caso. En este escenario, nos asociamos con expertos que pueden probar que las lesiones o <a title=\"Lesiones catastr\u00f3ficas\" href=\"https:\/\/pwmrlaw.com\/sp\/wp\/personal-injury\/catastrophic\/\">accidente fatal<\/a> fueron causados por un producto defectuoso. En un caso de responsabilidad por productos defectuosos, su abogado debe demostrar que:<\/p>\n<ul>\n<li>Su lesi\u00f3n fue causada por el producto.<\/li>\n<li>El peligro o defecto del producto no era evidente ni esperado.<\/li>\n<li>El demandado (dise\u00f1ador, fabricante, distribuidor, comercializador, etc.) es responsable del defecto.<\/li>\n<li>No fue negligente al usar el producto.<\/li>\n<li>Sufri\u00f3 lesiones personales o da\u00f1os a su propiedad.<\/li>\n<\/ul>\n<p>Estos son los elementos b\u00e1sicos para probar su caso, pero muchos otros factores pueden desempe\u00f1ar un papel importante en la obtenci\u00f3n de un resultado exitoso. Nuestro <a title=\"Lesiones Personales\" href=\"https:\/\/pwmrlaw.com\/sp\/wp\/personal-injury\/\">abogados de lesiones personales<\/a> puede ayudarlo a obtener la compensaci\u00f3n que merece por los da\u00f1os que sufri\u00f3.<\/p>\n<h3>Programe su consulta gratuita para analizar su caso de responsabilidad por productos defectuosos en Fresno<\/h3>\n<p>En Perez, Williams, Medina &amp; Rodriguez, LLP, tenemos m\u00e1s de 100 a\u00f1os de experiencia combinada en el manejo de casos de responsabilidad por productos. <a title=\"Cont\u00e1ctenos\" href=\"https:\/\/pwmrlaw.com\/sp\/wp\/contact-us\/\">Cont\u00e1ctenos<\/a> al 559-445-0123 para programar su consulta inicial gratuita. Estamos convenientemente ubicados en Fresno, California.<\/p>","protected":false},"excerpt":{"rendered":"<p>Fresno Products Liability Lawyers Seeking Full Compensation for Your Injuries Helping people injured by unreasonably dangerous products Dangerous or defective products that cause serious injuries are sold to California consumers each year. If you or a loved one was injured by a consumer product, the knowledgeable attorneys at Perez, Williams, Medina &amp; Rodriguez, LLP can<\/p>","protected":false},"author":21,"featured_media":0,"parent":14,"menu_order":5,"comment_status":"open","ping_status":"closed","template":"","meta":{"footnotes":""},"class_list":["post-26","page","type-page","status-publish","hentry"],"yoast_head":"<!-- This site is optimized with the Yoast SEO plugin v26.8 - https:\/\/yoast.com\/product\/yoast-seo-wordpress\/ -->\n<title>Product Liability - Perez, Williams, Medina and Rodriguez<\/title>\n<meta name=\"robots\" content=\"index, follow, max-snippet:-1, max-image-preview:large, max-video-preview:-1\" \/>\n<link rel=\"canonical\" href=\"https:\/\/pwmrlaw.com\/sp\/personal-injury\/product-liability\/\" \/>\n<meta property=\"og:locale\" content=\"es_MX\" \/>\n<meta property=\"og:type\" content=\"article\" \/>\n<meta property=\"og:title\" content=\"Product Liability - Perez, Williams, Medina and Rodriguez\" \/>\n<meta property=\"og:description\" content=\"Fresno Products Liability Lawyers Seeking Full Compensation for Your Injuries Helping people injured by unreasonably dangerous products Dangerous or defective products that cause serious injuries are sold to California consumers each year. If you or a loved one was injured by a consumer product, the knowledgeable attorneys at Perez, Williams, Medina &amp; Rodriguez, LLP can\" \/>\n<meta property=\"og:url\" content=\"https:\/\/pwmrlaw.com\/sp\/personal-injury\/product-liability\/\" \/>\n<meta property=\"og:site_name\" content=\"Perez, Williams, Medina and Rodriguez\" \/>\n<meta property=\"article:modified_time\" content=\"2017-08-04T18:20:05+00:00\" \/>\n<meta name=\"twitter:card\" content=\"summary_large_image\" \/>\n<meta name=\"twitter:label1\" content=\"Tiempo de lectura\" \/>\n\t<meta name=\"twitter:data1\" content=\"3 minutos\" \/>\n<script type=\"application\/ld+json\" class=\"yoast-schema-graph\">{\"@context\":\"https:\/\/schema.org\",\"@graph\":[{\"@type\":\"WebPage\",\"@id\":\"https:\/\/pwmrlaw.com\/personal-injury\/product-liability\/\",\"url\":\"https:\/\/pwmrlaw.com\/personal-injury\/product-liability\/\",\"name\":\"Product Liability - Perez, Williams, Medina and Rodriguez\",\"isPartOf\":{\"@id\":\"https:\/\/pwmrlaw.com\/#website\"},\"datePublished\":\"2011-05-16T21:26:19+00:00\",\"dateModified\":\"2017-08-04T18:20:05+00:00\",\"breadcrumb\":{\"@id\":\"https:\/\/pwmrlaw.com\/personal-injury\/product-liability\/#breadcrumb\"},\"inLanguage\":\"es\",\"potentialAction\":[{\"@type\":\"ReadAction\",\"target\":[\"https:\/\/pwmrlaw.com\/personal-injury\/product-liability\/\"]}]},{\"@type\":\"BreadcrumbList\",\"@id\":\"https:\/\/pwmrlaw.com\/personal-injury\/product-liability\/#breadcrumb\",\"itemListElement\":[{\"@type\":\"ListItem\",\"position\":1,\"name\":\"Home\",\"item\":\"https:\/\/pwmrlaw.com\/\"},{\"@type\":\"ListItem\",\"position\":2,\"name\":\"Personal Injury\",\"item\":\"https:\/\/pwmrlaw.com\/personal-injury\/\"},{\"@type\":\"ListItem\",\"position\":3,\"name\":\"Product Liability\"}]},{\"@type\":\"WebSite\",\"@id\":\"https:\/\/pwmrlaw.com\/#website\",\"url\":\"https:\/\/pwmrlaw.com\/\",\"name\":\"Perez, Williams, Medina and Rodriguez\",\"description\":\"Fresno Personal Injury and Workers&#039; Compensation Attorneys\",\"potentialAction\":[{\"@type\":\"SearchAction\",\"target\":{\"@type\":\"EntryPoint\",\"urlTemplate\":\"https:\/\/pwmrlaw.com\/?s={search_term_string}\"},\"query-input\":{\"@type\":\"PropertyValueSpecification\",\"valueRequired\":true,\"valueName\":\"search_term_string\"}}],\"inLanguage\":\"es\"}]}<\/script>\n<!-- \/ Yoast SEO plugin. -->","yoast_head_json":{"title":"Product Liability - Perez, Williams, Medina and Rodriguez","robots":{"index":"index","follow":"follow","max-snippet":"max-snippet:-1","max-image-preview":"max-image-preview:large","max-video-preview":"max-video-preview:-1"},"canonical":"https:\/\/pwmrlaw.com\/sp\/personal-injury\/product-liability\/","og_locale":"es_MX","og_type":"article","og_title":"Product Liability - Perez, Williams, Medina and Rodriguez","og_description":"Fresno Products Liability Lawyers Seeking Full Compensation for Your Injuries Helping people injured by unreasonably dangerous products Dangerous or defective products that cause serious injuries are sold to California consumers each year. If you or a loved one was injured by a consumer product, the knowledgeable attorneys at Perez, Williams, Medina &amp; Rodriguez, LLP can","og_url":"https:\/\/pwmrlaw.com\/sp\/personal-injury\/product-liability\/","og_site_name":"Perez, Williams, Medina and Rodriguez","article_modified_time":"2017-08-04T18:20:05+00:00","twitter_card":"summary_large_image","twitter_misc":{"Tiempo de lectura":"3 minutos"},"schema":{"@context":"https:\/\/schema.org","@graph":[{"@type":"WebPage","@id":"https:\/\/pwmrlaw.com\/personal-injury\/product-liability\/","url":"https:\/\/pwmrlaw.com\/personal-injury\/product-liability\/","name":"Product Liability - Perez, Williams, Medina and Rodriguez","isPartOf":{"@id":"https:\/\/pwmrlaw.com\/#website"},"datePublished":"2011-05-16T21:26:19+00:00","dateModified":"2017-08-04T18:20:05+00:00","breadcrumb":{"@id":"https:\/\/pwmrlaw.com\/personal-injury\/product-liability\/#breadcrumb"},"inLanguage":"es","potentialAction":[{"@type":"ReadAction","target":["https:\/\/pwmrlaw.com\/personal-injury\/product-liability\/"]}]},{"@type":"BreadcrumbList","@id":"https:\/\/pwmrlaw.com\/personal-injury\/product-liability\/#breadcrumb","itemListElement":[{"@type":"ListItem","position":1,"name":"Home","item":"https:\/\/pwmrlaw.com\/"},{"@type":"ListItem","position":2,"name":"Personal Injury","item":"https:\/\/pwmrlaw.com\/personal-injury\/"},{"@type":"ListItem","position":3,"name":"Product Liability"}]},{"@type":"WebSite","@id":"https:\/\/pwmrlaw.com\/#website","url":"https:\/\/pwmrlaw.com\/","name":"P\u00e9rez, Williams, Medina y Rodr\u00edguez","description":"Fresno Lesiones Personales y Trabajadores&#039; Abogados de compensaci\u00f3n","potentialAction":[{"@type":"SearchAction","target":{"@type":"EntryPoint","urlTemplate":"https:\/\/pwmrlaw.com\/?s={search_term_string}"},"query-input":{"@type":"PropertyValueSpecification","valueRequired":true,"valueName":"search_term_string"}}],"inLanguage":"es"}]}},"_links":{"self":[{"href":"https:\/\/pwmrlaw.com\/sp\/wp-json\/wp\/v2\/pages\/26","targetHints":{"allow":["GET"]}}],"collection":[{"href":"https:\/\/pwmrlaw.com\/sp\/wp-json\/wp\/v2\/pages"}],"about":[{"href":"https:\/\/pwmrlaw.com\/sp\/wp-json\/wp\/v2\/types\/page"}],"author":[{"embeddable":true,"href":"https:\/\/pwmrlaw.com\/sp\/wp-json\/wp\/v2\/users\/21"}],"replies":[{"embeddable":true,"href":"https:\/\/pwmrlaw.com\/sp\/wp-json\/wp\/v2\/comments?post=26"}],"version-history":[{"count":7,"href":"https:\/\/pwmrlaw.com\/sp\/wp-json\/wp\/v2\/pages\/26\/revisions"}],"predecessor-version":[{"id":1428,"href":"https:\/\/pwmrlaw.com\/sp\/wp-json\/wp\/v2\/pages\/26\/revisions\/1428"}],"up":[{"embeddable":true,"href":"https:\/\/pwmrlaw.com\/sp\/wp-json\/wp\/v2\/pages\/14"}],"wp:attachment":[{"href":"https:\/\/pwmrlaw.com\/sp\/wp-json\/wp\/v2\/media?parent=26"}],"curies":[{"name":"wp","href":"https:\/\/api.w.org\/{rel}","templated":true}]}}