{"id":28,"date":"2011-05-16T17:26:34","date_gmt":"2011-05-16T21:26:34","guid":{"rendered":"http:\/\/perezwilliamsmedinarodriguez.thelawlinks.com\/?page_id=28"},"modified":"2018-11-20T14:05:43","modified_gmt":"2018-11-20T22:05:43","slug":"catastrophic","status":"publish","type":"page","link":"https:\/\/pwmrlaw.com\/sp\/personal-injury\/catastrophic\/","title":{"rendered":"Lesiones catastr\u00f3ficas"},"content":{"rendered":"<div class=\"fusion-fullwidth fullwidth-box fusion-builder-row-1 nonhundred-percent-fullwidth non-hundred-percent-height-scrolling\" style=\"--awb-border-radius-top-left:0px;--awb-border-radius-top-right:0px;--awb-border-radius-bottom-right:0px;--awb-border-radius-bottom-left:0px;--awb-flex-wrap:wrap;\" ><div class=\"fusion-builder-row fusion-row\"><div class=\"fusion-layout-column fusion_builder_column fusion-builder-column-0 fusion_builder_column_1_1 1_1 fusion-one-full fusion-column-first fusion-column-last\" style=\"--awb-bg-size:cover;--awb-margin-bottom:0px;\"><div class=\"fusion-column-wrapper fusion-flex-column-wrapper-legacy\"><div class=\"fusion-text fusion-text-1\"><h1>Abogados de Fresno que recuperan da\u00f1os por lesiones catastr\u00f3ficas<\/h1>\n<h2>Aliviando su dolor y aligerando su carga en California<\/h2>\n<p>Una lesi\u00f3n catastr\u00f3fica, como una quemadura grave o una lesi\u00f3n cerebral, puede cambiar dr\u00e1sticamente las circunstancias de una familia. Si la v\u00edctima requiere atenci\u00f3n a largo plazo y depende totalmente de otros, las consecuencias financieras, f\u00edsicas y emocionales pueden ser abrumadoras. Un abogado con experiencia en Perez, Williams, Medina &amp; Rodriguez, LLP puede aliviar la tremenda carga que siente.<\/p>\n<h2>Tipos de lesiones catastr\u00f3ficas<\/h2>\n<p>No existe una definici\u00f3n \u00fanica de &quot;lesi\u00f3n catastr\u00f3fica&quot;, pero estas lesiones generalmente incluyen cualquier da\u00f1o f\u00edsico que tenga consecuencias significativas a largo plazo. Ninguna <a title=\"Lesiones Personales\" href=\"https:\/\/pwmrlaw.com\/sp\/personal-injury\/\">lesiones personales<\/a> es un evento que altera la vida y exige compensaci\u00f3n, pero una lesi\u00f3n catastr\u00f3fica puede ser infinitamente peor e incluir:<\/p>\n<ul>\n<li><strong>Lesiones de la m\u00e9dula.<\/strong> Una lesi\u00f3n en la m\u00e9dula espinal puede causar par\u00e1lisis total o parcial. Aproximadamente 250.000 personas viven con una lesi\u00f3n de la m\u00e9dula espinal; en aproximadamente la mitad de estos casos, la persona es tetrapl\u00e9jica. Hay muy poca esperanza de recuperaci\u00f3n en muchos casos. Entendemos que las lesiones que dejan a las personas postradas en cama o en sillas de ruedas afectan a todos los que las rodean.<\/li>\n<li>S<strong>Evere arde.<\/strong> Adem\u00e1s del dolor extremo, una lesi\u00f3n por quemadura puede causar una desfiguraci\u00f3n permanente y requerir m\u00faltiples injertos de piel o amputaciones.<\/li>\n<li><strong>Lesiones Cerebrales.<\/strong> Cualquier lesi\u00f3n en el cerebro es grave y tambi\u00e9n puede tener costos de por vida. Muchas veces, a pesar de la intervenci\u00f3n m\u00e9dica, el paciente nunca se recupera total o parcialmente de una lesi\u00f3n cerebral traum\u00e1tica en California.<\/li>\n<li><strong>Amputaciones. <\/strong>La p\u00e9rdida de una extremidad puede ser emocionalmente devastadora y econ\u00f3micamente abrumadora. La v\u00edctima a menudo incurre en costosos gastos m\u00e9dicos y de rehabilitaci\u00f3n.<\/li>\n<\/ul>\n<p>Con este tipo de lesiones, entendemos que es imperativo obtener la m\u00e1xima compensaci\u00f3n posible, y trabajamos diligentemente para hacerlo por usted.<\/p>\n<h2>\u00bfQui\u00e9n es responsable de las lesiones catastr\u00f3ficas?<\/h2>\n<p>A menudo, hay m\u00faltiples partes culpables. El equipo jur\u00eddico de <a title=\"Casa\" href=\"https:\/\/pwmrlaw.com\/sp\/\">P\u00e9rez, Williams, Medina y Rodr\u00edguez, LLP<\/a> busca todas las v\u00edas de recuperaci\u00f3n, especialmente porque los ingresos del seguro de un solo demandado pueden ser insuficientes para compensarle por sus p\u00e9rdidas actuales y futuras. Las partes responsables incluyen conductores negligentes, fabricantes de productos peligrosos, comerciantes que venden o exhiben sus productos sin cuidado y fabricantes de piezas defectuosas en m\u00e1quinas grandes.<\/p>\n<h2>\u00bfQu\u00e9 da\u00f1os puedo esperar recuperar?<\/h2>\n<p>En casos extremos, los jurados a veces otorgan grandes cantidades para compensar a la v\u00edctima por los gastos m\u00e9dicos de por vida y la p\u00e9rdida de salarios. Estos da\u00f1os compensatorios incluyen dinero por el pasado y el futuro: salarios perdidos, dolor y sufrimiento, facturas m\u00e9dicas, gastos de atenci\u00f3n y p\u00e9rdida del consorcio y p\u00e9rdida del disfrute de la vida. Los da\u00f1os punitivos a veces tambi\u00e9n se justifican, particularmente en un caso de responsabilidad por productos defectuosos, para castigar al demandado y disuadir una conducta similar en el futuro.<\/p>\n<h2>Conozca a nuestros abogados de Fresno con un historial de resultados comprobados en casos de responsabilidad por productos defectuosos<\/h2>\n<p>Nadie puede cambiar los eventos que causaron su lesi\u00f3n, pero los abogados experimentados de P\u00e9rez, Williams, Medina y Rodr\u00edguez, LLP, un bufete de abogados con recursos considerables, pueden aliviar el dolor financiero que siente. <a title=\"Cont\u00e1ctenos\" href=\"https:\/\/pwmrlaw.com\/sp\/wp\/contact-us\/\">Contacto<\/a> nuestro bufete de abogados de lesiones personales y compensaci\u00f3n laboral de Fresno al 559-445-0123 para programar una consulta gratuita para analizar su caso. Se habla espa\u00f1ol.<\/p>\n<\/div><div class=\"fusion-clearfix\"><\/div><\/div><\/div><\/div><\/div>","protected":false},"excerpt":{"rendered":"","protected":false},"author":21,"featured_media":0,"parent":14,"menu_order":6,"comment_status":"open","ping_status":"closed","template":"","meta":{"footnotes":""},"class_list":["post-28","page","type-page","status-publish","hentry"],"yoast_head":"<!-- This site is optimized with the Yoast SEO plugin v26.8 - https:\/\/yoast.com\/product\/yoast-seo-wordpress\/ -->\n<title>Catastrophic Injuries - Perez, Williams, Medina and Rodriguez<\/title>\n<meta name=\"robots\" content=\"index, follow, max-snippet:-1, max-image-preview:large, max-video-preview:-1\" \/>\n<link rel=\"canonical\" href=\"https:\/\/pwmrlaw.com\/sp\/personal-injury\/catastrophic\/\" \/>\n<meta property=\"og:locale\" content=\"es_MX\" \/>\n<meta property=\"og:type\" content=\"article\" \/>\n<meta property=\"og:title\" content=\"Catastrophic Injuries - Perez, Williams, Medina and Rodriguez\" \/>\n<meta property=\"og:url\" content=\"https:\/\/pwmrlaw.com\/sp\/personal-injury\/catastrophic\/\" \/>\n<meta property=\"og:site_name\" content=\"Perez, Williams, Medina and Rodriguez\" \/>\n<meta property=\"article:modified_time\" content=\"2018-11-20T22:05:43+00:00\" \/>\n<meta name=\"twitter:card\" content=\"summary_large_image\" \/>\n<meta name=\"twitter:label1\" content=\"Tiempo de lectura\" \/>\n\t<meta name=\"twitter:data1\" content=\"3 minutos\" \/>\n<script type=\"application\/ld+json\" class=\"yoast-schema-graph\">{\"@context\":\"https:\/\/schema.org\",\"@graph\":[{\"@type\":\"WebPage\",\"@id\":\"https:\/\/pwmrlaw.com\/personal-injury\/catastrophic\/\",\"url\":\"https:\/\/pwmrlaw.com\/personal-injury\/catastrophic\/\",\"name\":\"Catastrophic Injuries - Perez, Williams, Medina and Rodriguez\",\"isPartOf\":{\"@id\":\"https:\/\/pwmrlaw.com\/#website\"},\"datePublished\":\"2011-05-16T21:26:34+00:00\",\"dateModified\":\"2018-11-20T22:05:43+00:00\",\"breadcrumb\":{\"@id\":\"https:\/\/pwmrlaw.com\/personal-injury\/catastrophic\/#breadcrumb\"},\"inLanguage\":\"es\",\"potentialAction\":[{\"@type\":\"ReadAction\",\"target\":[\"https:\/\/pwmrlaw.com\/personal-injury\/catastrophic\/\"]}]},{\"@type\":\"BreadcrumbList\",\"@id\":\"https:\/\/pwmrlaw.com\/personal-injury\/catastrophic\/#breadcrumb\",\"itemListElement\":[{\"@type\":\"ListItem\",\"position\":1,\"name\":\"Home\",\"item\":\"https:\/\/pwmrlaw.com\/\"},{\"@type\":\"ListItem\",\"position\":2,\"name\":\"Personal Injury\",\"item\":\"https:\/\/pwmrlaw.com\/personal-injury\/\"},{\"@type\":\"ListItem\",\"position\":3,\"name\":\"Catastrophic Injuries\"}]},{\"@type\":\"WebSite\",\"@id\":\"https:\/\/pwmrlaw.com\/#website\",\"url\":\"https:\/\/pwmrlaw.com\/\",\"name\":\"Perez, Williams, Medina and Rodriguez\",\"description\":\"Fresno Personal Injury and Workers&#039; Compensation Attorneys\",\"potentialAction\":[{\"@type\":\"SearchAction\",\"target\":{\"@type\":\"EntryPoint\",\"urlTemplate\":\"https:\/\/pwmrlaw.com\/?s={search_term_string}\"},\"query-input\":{\"@type\":\"PropertyValueSpecification\",\"valueRequired\":true,\"valueName\":\"search_term_string\"}}],\"inLanguage\":\"es\"}]}<\/script>\n<!-- \/ Yoast SEO plugin. -->","yoast_head_json":{"title":"Catastrophic Injuries - Perez, Williams, Medina and Rodriguez","robots":{"index":"index","follow":"follow","max-snippet":"max-snippet:-1","max-image-preview":"max-image-preview:large","max-video-preview":"max-video-preview:-1"},"canonical":"https:\/\/pwmrlaw.com\/sp\/personal-injury\/catastrophic\/","og_locale":"es_MX","og_type":"article","og_title":"Catastrophic Injuries - Perez, Williams, Medina and Rodriguez","og_url":"https:\/\/pwmrlaw.com\/sp\/personal-injury\/catastrophic\/","og_site_name":"Perez, Williams, Medina and Rodriguez","article_modified_time":"2018-11-20T22:05:43+00:00","twitter_card":"summary_large_image","twitter_misc":{"Tiempo de lectura":"3 minutos"},"schema":{"@context":"https:\/\/schema.org","@graph":[{"@type":"WebPage","@id":"https:\/\/pwmrlaw.com\/personal-injury\/catastrophic\/","url":"https:\/\/pwmrlaw.com\/personal-injury\/catastrophic\/","name":"Catastrophic Injuries - Perez, Williams, Medina and Rodriguez","isPartOf":{"@id":"https:\/\/pwmrlaw.com\/#website"},"datePublished":"2011-05-16T21:26:34+00:00","dateModified":"2018-11-20T22:05:43+00:00","breadcrumb":{"@id":"https:\/\/pwmrlaw.com\/personal-injury\/catastrophic\/#breadcrumb"},"inLanguage":"es","potentialAction":[{"@type":"ReadAction","target":["https:\/\/pwmrlaw.com\/personal-injury\/catastrophic\/"]}]},{"@type":"BreadcrumbList","@id":"https:\/\/pwmrlaw.com\/personal-injury\/catastrophic\/#breadcrumb","itemListElement":[{"@type":"ListItem","position":1,"name":"Home","item":"https:\/\/pwmrlaw.com\/"},{"@type":"ListItem","position":2,"name":"Personal Injury","item":"https:\/\/pwmrlaw.com\/personal-injury\/"},{"@type":"ListItem","position":3,"name":"Catastrophic Injuries"}]},{"@type":"WebSite","@id":"https:\/\/pwmrlaw.com\/#website","url":"https:\/\/pwmrlaw.com\/","name":"P\u00e9rez, Williams, Medina y Rodr\u00edguez","description":"Fresno Lesiones Personales y Trabajadores&#039; Abogados de compensaci\u00f3n","potentialAction":[{"@type":"SearchAction","target":{"@type":"EntryPoint","urlTemplate":"https:\/\/pwmrlaw.com\/?s={search_term_string}"},"query-input":{"@type":"PropertyValueSpecification","valueRequired":true,"valueName":"search_term_string"}}],"inLanguage":"es"}]}},"_links":{"self":[{"href":"https:\/\/pwmrlaw.com\/sp\/wp-json\/wp\/v2\/pages\/28","targetHints":{"allow":["GET"]}}],"collection":[{"href":"https:\/\/pwmrlaw.com\/sp\/wp-json\/wp\/v2\/pages"}],"about":[{"href":"https:\/\/pwmrlaw.com\/sp\/wp-json\/wp\/v2\/types\/page"}],"author":[{"embeddable":true,"href":"https:\/\/pwmrlaw.com\/sp\/wp-json\/wp\/v2\/users\/21"}],"replies":[{"embeddable":true,"href":"https:\/\/pwmrlaw.com\/sp\/wp-json\/wp\/v2\/comments?post=28"}],"version-history":[{"count":9,"href":"https:\/\/pwmrlaw.com\/sp\/wp-json\/wp\/v2\/pages\/28\/revisions"}],"predecessor-version":[{"id":1712,"href":"https:\/\/pwmrlaw.com\/sp\/wp-json\/wp\/v2\/pages\/28\/revisions\/1712"}],"up":[{"embeddable":true,"href":"https:\/\/pwmrlaw.com\/sp\/wp-json\/wp\/v2\/pages\/14"}],"wp:attachment":[{"href":"https:\/\/pwmrlaw.com\/sp\/wp-json\/wp\/v2\/media?parent=28"}],"curies":[{"name":"wp","href":"https:\/\/api.w.org\/{rel}","templated":true}]}}