{"id":31,"date":"2011-05-16T17:27:01","date_gmt":"2011-05-16T21:27:01","guid":{"rendered":"http:\/\/perezwilliamsmedinarodriguez.thelawlinks.com\/?page_id=31"},"modified":"2021-01-25T10:45:22","modified_gmt":"2021-01-25T18:45:22","slug":"workers-compensation","status":"publish","type":"page","link":"https:\/\/pwmrlaw.com\/sp\/workers-compensation\/","title":{"rendered":"Compensaci\u00f3n de trabajadores"},"content":{"rendered":"<div class=\"fusion-fullwidth fullwidth-box fusion-builder-row-1 nonhundred-percent-fullwidth non-hundred-percent-height-scrolling\" style=\"--awb-border-radius-top-left:0px;--awb-border-radius-top-right:0px;--awb-border-radius-bottom-right:0px;--awb-border-radius-bottom-left:0px;--awb-flex-wrap:wrap;\" ><div class=\"fusion-builder-row fusion-row\"><div class=\"fusion-layout-column fusion_builder_column fusion-builder-column-0 fusion_builder_column_1_1 1_1 fusion-one-full fusion-column-first fusion-column-last\" style=\"--awb-bg-size:cover;--awb-margin-bottom:0px;\"><div class=\"fusion-column-wrapper fusion-flex-column-wrapper-legacy\"><div class=\"fusion-text fusion-text-1\"><h1 data-fontsize=\"24\" data-lineheight=\"33px\" class=\"fusion-responsive-typography-calculated\" style=\"--fontSize: 24; line-height: 1.38;\">Abogados de compensaci\u00f3n laboral de Fresno que se preocupan por usted<\/h1>\n<h2 data-fontsize=\"18\" data-lineheight=\"27px\" class=\"fusion-responsive-typography-calculated\" style=\"--fontSize: 18; line-height: 1.5; --minFontSize: 18;\">Ofreciendo los beneficios que necesita cuando los necesita<\/h2>\n<p>En Perez, Williams, Medina &amp; Rodriguez, LLP, ofrecemos representaci\u00f3n completa de compensaci\u00f3n para trabajadores en todas las \u00e1reas de su reclamo. Con m\u00e1s de 100 a\u00f1os de experiencia combinada, nuestros abogados identifican r\u00e1pidamente los beneficios a los que tiene derecho y los persiguen sin descanso en los tribunales.<\/p>\n<h2 data-fontsize=\"18\" data-lineheight=\"27px\" class=\"fusion-responsive-typography-calculated\" style=\"--fontSize: 18; line-height: 1.5; --minFontSize: 18;\">Los abogados de compensaci\u00f3n laboral de California est\u00e1n de su lado<\/h2>\n<p>Nuestro enfoque en los casos de compensaci\u00f3n para trabajadores es escuchar, investigar y abogar. Te escuchamos para entender mejor tu situaci\u00f3n. Trabajamos arduamente para desarrollar su caso y luego presentarlo de manera efectiva en la corte. Lo invitamos a aprender m\u00e1s sobre los muchos aspectos de la compensaci\u00f3n de los trabajadores:<\/p>\n<ul>\n<li><strong>Beneficios<\/strong> Compensaci\u00f3n de sus trabajadores <a title=\"Beneficios de la Compensaci\u00f3n de Trabajadores\" href=\"https:\/\/pwmrlaw.com\/sp\/wp\/workers-compensation\/benefits\/\">beneficios<\/a> incluyen salarios perdidos, facturas m\u00e9dicas y otros gastos relacionados con lesiones.<\/li>\n<li><strong>Casos de muerte.<\/strong> Si su familia se vio afectada por un <a title=\"Casos de muerte por compensaci\u00f3n laboral\" href=\"https:\/\/pwmrlaw.com\/sp\/wp\/workers-compensation\/death-cases\/\">muerte en el lugar de trabajo<\/a>, puede esperar recibir gastos de entierro y pagos por discapacidad para ayudar a aliviar el dolor financiero.<\/li>\n<li><strong>Lesiones<\/strong>. Una lesi\u00f3n en el trabajo puede ser una lesi\u00f3n traum\u00e1tica s\u00fabita, que ocurre instant\u00e1neamente o una <a title=\"Enfermedades Ocupacionales\/Trauma Acumulativo\" href=\"https:\/\/pwmrlaw.com\/sp\/wp\/workers-compensation\/occupational-diseases\/\">enfermedad profesional o trauma acumulativo<\/a>, que aparece con el tiempo. Los tipos comunes de lesiones en el lugar de trabajo incluyen huesos rotos, quemaduras, lesiones cerebrales, lesiones en la columna vertebral y p\u00e9rdida de extremidades.<\/li>\n<li><strong>Ir y venir del trabajo<\/strong>. La ley una vez excluy\u00f3 las lesiones que ocurrieron mientras <a title=\"Lesiones sufridas al ir y venir al trabajo\" href=\"https:\/\/pwmrlaw.com\/sp\/wp\/workers-compensation\/injuries-suffered-while-coming-and-going-to-work\/\">viniendo y yendo al trabajo<\/a>, pero ahora puede recibir beneficios de compensaci\u00f3n para trabajadores en muchas de estas situaciones.<\/li>\n<li><strong>Negaci\u00f3n.<\/strong> Si su reclamo de compensaci\u00f3n para trabajadores es inicialmente <a title=\"Negaci\u00f3n de Compensaci\u00f3n de Trabajadores\" href=\"https:\/\/pwmrlaw.com\/sp\/wp\/workers-compensation\/denial\/\">negado<\/a>, un abogado experto no deja de trabajar para obtener los beneficios que usted merece. Podemos apelar la denegaci\u00f3n y ejercer su derecho a una compensaci\u00f3n.<\/li>\n<li><strong>Derechos de los trabajadores lesionados<\/strong>. Puede que tengas otros <a title=\"Derechos de los trabajadores lesionados\" href=\"https:\/\/pwmrlaw.com\/sp\/wp\/workers-compensation\/rights-of-injured-workers\/\">derechos<\/a> en California adem\u00e1s de sus beneficios de compensaci\u00f3n para trabajadores.<\/li>\n<\/ul>\n<p>Una lesi\u00f3n en el lugar de trabajo es un evento que cambia la vida, pero los abogados de Perez, Williams, Medina &amp; Rodriguez, LLP est\u00e1n comprometidos a hacer las cosas un poco m\u00e1s f\u00e1ciles para usted y su familia.<\/p>\n<h3 data-fontsize=\"16\" data-lineheight=\"19px\" class=\"fusion-responsive-typography-calculated\" style=\"--fontSize: 16; line-height: 1.19; --minFontSize: 16;\">Consulte con abogados de compensaci\u00f3n laboral orientados a resultados en Fresno, CA<\/h3>\n<p>El resultado final de cualquier caso de compensaci\u00f3n laboral son los beneficios que recibe. En Perez, Williams, Medina &amp; Rodriguez, LLP, nos preocupamos por su resultado final; trabajamos arduamente para brindarle los beneficios que necesita de la manera m\u00e1s r\u00e1pida y eficiente posible. Desde nuestras oficinas en Fresno, CA, atendemos a clientes en todo el Valle Central. <a title=\"Cont\u00e1ctenos\" href=\"https:\/\/pwmrlaw.com\/sp\/wp\/contact-us\/\">Cont\u00e1ctenos<\/a> al 559-445-0123 para programar una consulta gratuita* para analizar su caso.<\/p>\n<p style=\"text-align: center;\">DIVULGACI\u00d3N REQUERIDA<\/p>\n<p>AVISO: Hacer un reclamo de compensaci\u00f3n para trabajadores falso o fraudulento es un delito sujeto a hasta 5 a\u00f1os de prisi\u00f3n o una multa de hasta $50,000 o el doble del valor del fraude, lo que sea mayor, o tanto de prisi\u00f3n como de multa.<\/p>\n<\/div><div class=\"fusion-clearfix\"><\/div><\/div><\/div><\/div><\/div>","protected":false},"excerpt":{"rendered":"","protected":false},"author":21,"featured_media":0,"parent":0,"menu_order":6,"comment_status":"open","ping_status":"closed","template":"","meta":{"footnotes":""},"class_list":["post-31","page","type-page","status-publish","hentry"],"yoast_head":"<!-- This site is optimized with the Yoast SEO plugin v26.8 - https:\/\/yoast.com\/product\/yoast-seo-wordpress\/ -->\n<title>Workers&#039; Compensation - Perez, Williams, Medina and Rodriguez<\/title>\n<meta name=\"robots\" content=\"index, follow, max-snippet:-1, max-image-preview:large, max-video-preview:-1\" \/>\n<link rel=\"canonical\" href=\"https:\/\/pwmrlaw.com\/sp\/workers-compensation\/\" \/>\n<meta property=\"og:locale\" content=\"es_MX\" \/>\n<meta property=\"og:type\" content=\"article\" \/>\n<meta property=\"og:title\" content=\"Workers&#039; Compensation - Perez, Williams, Medina and Rodriguez\" \/>\n<meta property=\"og:url\" content=\"https:\/\/pwmrlaw.com\/sp\/workers-compensation\/\" \/>\n<meta property=\"og:site_name\" content=\"Perez, Williams, Medina and Rodriguez\" \/>\n<meta property=\"article:modified_time\" content=\"2021-01-25T18:45:22+00:00\" \/>\n<meta name=\"twitter:card\" content=\"summary_large_image\" \/>\n<meta name=\"twitter:label1\" content=\"Tiempo de lectura\" \/>\n\t<meta name=\"twitter:data1\" content=\"3 minutos\" \/>\n<script type=\"application\/ld+json\" class=\"yoast-schema-graph\">{\"@context\":\"https:\/\/schema.org\",\"@graph\":[{\"@type\":\"WebPage\",\"@id\":\"https:\/\/pwmrlaw.com\/workers-compensation\/\",\"url\":\"https:\/\/pwmrlaw.com\/workers-compensation\/\",\"name\":\"Workers' Compensation - Perez, Williams, Medina and Rodriguez\",\"isPartOf\":{\"@id\":\"https:\/\/pwmrlaw.com\/#website\"},\"datePublished\":\"2011-05-16T21:27:01+00:00\",\"dateModified\":\"2021-01-25T18:45:22+00:00\",\"breadcrumb\":{\"@id\":\"https:\/\/pwmrlaw.com\/workers-compensation\/#breadcrumb\"},\"inLanguage\":\"es\",\"potentialAction\":[{\"@type\":\"ReadAction\",\"target\":[\"https:\/\/pwmrlaw.com\/workers-compensation\/\"]}]},{\"@type\":\"BreadcrumbList\",\"@id\":\"https:\/\/pwmrlaw.com\/workers-compensation\/#breadcrumb\",\"itemListElement\":[{\"@type\":\"ListItem\",\"position\":1,\"name\":\"Home\",\"item\":\"https:\/\/pwmrlaw.com\/\"},{\"@type\":\"ListItem\",\"position\":2,\"name\":\"Workers&#8217; Compensation\"}]},{\"@type\":\"WebSite\",\"@id\":\"https:\/\/pwmrlaw.com\/#website\",\"url\":\"https:\/\/pwmrlaw.com\/\",\"name\":\"Perez, Williams, Medina and Rodriguez\",\"description\":\"Fresno Personal Injury and Workers&#039; Compensation Attorneys\",\"potentialAction\":[{\"@type\":\"SearchAction\",\"target\":{\"@type\":\"EntryPoint\",\"urlTemplate\":\"https:\/\/pwmrlaw.com\/?s={search_term_string}\"},\"query-input\":{\"@type\":\"PropertyValueSpecification\",\"valueRequired\":true,\"valueName\":\"search_term_string\"}}],\"inLanguage\":\"es\"}]}<\/script>\n<!-- \/ Yoast SEO plugin. -->","yoast_head_json":{"title":"Workers' Compensation - Perez, Williams, Medina and Rodriguez","robots":{"index":"index","follow":"follow","max-snippet":"max-snippet:-1","max-image-preview":"max-image-preview:large","max-video-preview":"max-video-preview:-1"},"canonical":"https:\/\/pwmrlaw.com\/sp\/workers-compensation\/","og_locale":"es_MX","og_type":"article","og_title":"Workers' Compensation - Perez, Williams, Medina and Rodriguez","og_url":"https:\/\/pwmrlaw.com\/sp\/workers-compensation\/","og_site_name":"Perez, Williams, Medina and Rodriguez","article_modified_time":"2021-01-25T18:45:22+00:00","twitter_card":"summary_large_image","twitter_misc":{"Tiempo de lectura":"3 minutos"},"schema":{"@context":"https:\/\/schema.org","@graph":[{"@type":"WebPage","@id":"https:\/\/pwmrlaw.com\/workers-compensation\/","url":"https:\/\/pwmrlaw.com\/workers-compensation\/","name":"Workers' Compensation - Perez, Williams, Medina and Rodriguez","isPartOf":{"@id":"https:\/\/pwmrlaw.com\/#website"},"datePublished":"2011-05-16T21:27:01+00:00","dateModified":"2021-01-25T18:45:22+00:00","breadcrumb":{"@id":"https:\/\/pwmrlaw.com\/workers-compensation\/#breadcrumb"},"inLanguage":"es","potentialAction":[{"@type":"ReadAction","target":["https:\/\/pwmrlaw.com\/workers-compensation\/"]}]},{"@type":"BreadcrumbList","@id":"https:\/\/pwmrlaw.com\/workers-compensation\/#breadcrumb","itemListElement":[{"@type":"ListItem","position":1,"name":"Home","item":"https:\/\/pwmrlaw.com\/"},{"@type":"ListItem","position":2,"name":"Workers&#8217; Compensation"}]},{"@type":"WebSite","@id":"https:\/\/pwmrlaw.com\/#website","url":"https:\/\/pwmrlaw.com\/","name":"P\u00e9rez, Williams, Medina y Rodr\u00edguez","description":"Fresno Lesiones Personales y Trabajadores&#039; Abogados de compensaci\u00f3n","potentialAction":[{"@type":"SearchAction","target":{"@type":"EntryPoint","urlTemplate":"https:\/\/pwmrlaw.com\/?s={search_term_string}"},"query-input":{"@type":"PropertyValueSpecification","valueRequired":true,"valueName":"search_term_string"}}],"inLanguage":"es"}]}},"_links":{"self":[{"href":"https:\/\/pwmrlaw.com\/sp\/wp-json\/wp\/v2\/pages\/31","targetHints":{"allow":["GET"]}}],"collection":[{"href":"https:\/\/pwmrlaw.com\/sp\/wp-json\/wp\/v2\/pages"}],"about":[{"href":"https:\/\/pwmrlaw.com\/sp\/wp-json\/wp\/v2\/types\/page"}],"author":[{"embeddable":true,"href":"https:\/\/pwmrlaw.com\/sp\/wp-json\/wp\/v2\/users\/21"}],"replies":[{"embeddable":true,"href":"https:\/\/pwmrlaw.com\/sp\/wp-json\/wp\/v2\/comments?post=31"}],"version-history":[{"count":10,"href":"https:\/\/pwmrlaw.com\/sp\/wp-json\/wp\/v2\/pages\/31\/revisions"}],"predecessor-version":[{"id":1983,"href":"https:\/\/pwmrlaw.com\/sp\/wp-json\/wp\/v2\/pages\/31\/revisions\/1983"}],"wp:attachment":[{"href":"https:\/\/pwmrlaw.com\/sp\/wp-json\/wp\/v2\/media?parent=31"}],"curies":[{"name":"wp","href":"https:\/\/api.w.org\/{rel}","templated":true}]}}