{"id":33,"date":"2011-05-16T17:27:11","date_gmt":"2011-05-16T21:27:11","guid":{"rendered":"http:\/\/perezwilliamsmedinarodriguez.thelawlinks.com\/?page_id=33"},"modified":"2017-08-04T18:20:05","modified_gmt":"2017-08-04T18:20:05","slug":"denial","status":"publish","type":"page","link":"https:\/\/pwmrlaw.com\/sp\/workers-compensation\/denial\/","title":{"rendered":"Negaci\u00f3n de Compensaci\u00f3n de Trabajadores"},"content":{"rendered":"<h1>Ayud\u00e1ndole a luchar contra la denegaci\u00f3n de compensaci\u00f3n para trabajadores en California<\/h1>\n<h2>Abogados de Fresno que protegen los derechos de los trabajadores lesionados<\/h2>\n<p>Cuando est\u00e1 lesionado y necesita asistencia financiera, puede ser estresante que le nieguen su reclamo de compensaci\u00f3n para trabajadores. Es importante comprender que los empleadores y las compa\u00f1\u00edas de seguros habitualmente luchan contra los reclamos con la esperanza de que usted se d\u00e9 por vencido. Puede encontrar alivio con un abogado con experiencia en compensaci\u00f3n laboral en Perez, Williams, Medina &amp; Rodriguez, LLP. Asociarse con nosotros para continuar con su reclamo demuestra que no retroceder\u00e1 hasta que recupere la compensaci\u00f3n que merece.<\/p>\n<h2>Por qu\u00e9 se niegan sus reclamos<\/h2>\n<p>Los administradores de reclamos niegan <a title=\"Compensaci\u00f3n de trabajadores\" href=\"https:\/\/pwmrlaw.com\/sp\/wp\/workers-compensation\/\">reclamos de compensaci\u00f3n de trabajadores<\/a> bas\u00e1ndose en razones de derecho o en razones de hecho. Pueden alegar que:<\/p>\n<ul>\n<li>No estabas herido.<\/li>\n<li>Que su lesi\u00f3n no ocurri\u00f3 en el trabajo.<\/li>\n<li>Que no es un empleado o que es un contratista independiente.<\/li>\n<li>La lesi\u00f3n es una condici\u00f3n preexistente.<\/li>\n<li>Que usted no es elegible por otras razones.<\/li>\n<\/ul>\n<p>Si el administrador de reclamos aprueba su caso, puede creer que tiene derecho a una compensaci\u00f3n adicional. Si se niega su reclamo, tiene un tiempo limitado para apelar, por lo que es importante buscar de inmediato la asistencia de abogados calificados en compensaci\u00f3n laboral.<\/p>\n<h2>\u00bfQu\u00e9 pasa si no estoy de acuerdo con mi adjudicaci\u00f3n de beneficios?<\/h2>\n<p><a title=\"Derechos de los trabajadores lesionados\" href=\"https:\/\/pwmrlaw.com\/sp\/wp\/workers-compensation\/rights-of-injured-workers\/\">Los trabajadores lesionados tienen derechos<\/a> en California, incluido el derecho a disputar el monto del beneficio que se le otorg\u00f3. Puede ser evaluado por un evaluador m\u00e9dico calificado (QME) que debe cumplir con ciertos requisitos educativos y de licencia. La ley actual requiere que su abogado y el administrador de reclamos designen un evaluador m\u00e9dico acordado (AME), si es posible llegar a un acuerdo. Esta persona realiza una revisi\u00f3n m\u00e9dica independiente en la que el AME o QME revisa toda la evidencia disponible y hace una recomendaci\u00f3n al juez.<\/p>\n<h2>\u00bfC\u00f3mo me opongo a la denegaci\u00f3n de un reclamo?<\/h2>\n<p>Para apelar su reclamo, su caso debe ser escuchado en una de las oficinas de la Divisi\u00f3n de Compensaci\u00f3n para Trabajadores en todo California. Presentamos una solicitud de adjudicaci\u00f3n de reclamo para que su caso sea decidido por un juez sin jurado. Una vez que solicita una audiencia, su caso se remite a mediaci\u00f3n. En una conferencia de conciliaci\u00f3n obligatoria, un juez intenta efectuar una <a title=\"Acuerdos de Compensaci\u00f3n de Trabajadores\" href=\"https:\/\/pwmrlaw.com\/sp\/wp\/workers-compensation\/settlements\/\">asentamiento<\/a> entre usted y el administrador de reclamos. Si la mediaci\u00f3n falla, su caso est\u00e1 listo para juicio.<\/p>\n<p>En el juicio, su caso es escuchado por un juez diferente. En este momento, su abogado ha reunido la mayor cantidad de evidencia posible para respaldar su reclamo y est\u00e1 listo para refutar los argumentos del administrador de reclamos. El juez emite un fallo por escrito, generalmente dentro de los 30 a 90 d\u00edas. Puede presentar una apelaci\u00f3n m\u00e1s, esta vez ante la junta estatal de compensaci\u00f3n para trabajadores, presentando una petici\u00f3n de reconsideraci\u00f3n. En este punto, todo el proceso b\u00e1sicamente comienza de nuevo.<\/p>\n<h3>Comun\u00edquese con un abogado de compensaci\u00f3n de trabajadores de Central Valley que comprenda sus necesidades legales<\/h3>\n<p>En Perez, Williams, Medina &amp; Rodriguez, LLP, nuestros abogados con experiencia se toman el tiempo para escucharlo y comprender los hechos de su caso. Investigamos a fondo los hechos y creamos una estrategia efectiva para probar su caso ante un juez o mediador. <a title=\"Cont\u00e1ctenos\" href=\"https:\/\/pwmrlaw.com\/sp\/wp\/contact-us\/\">Contacto<\/a> nuestro bufete de abogados de lesiones personales y compensaci\u00f3n laboral de Fresno al 559-445-0123 para programar una consulta gratuita para discutir su asunto. Se habla espa\u00f1ol.<\/p>\n<p>AVISO: Hacer un reclamo de compensaci\u00f3n para trabajadores falso o fraudulento es un delito sujeto a hasta 5 a\u00f1os de prisi\u00f3n o una multa de hasta $50,000 o el doble del valor del fraude, lo que sea mayor, o tanto de prisi\u00f3n como de multa.<\/p>","protected":false},"excerpt":{"rendered":"<p>Helping You Fight Workers\u2019 Compensation Denial in California Fresno attorneys protecting the rights of injured workers When you are injured and in need of financial assistance, it can be stressful to have your workers\u2019 compensation claim denied. It is important to understand that employers and insurance companies routinely fight claims in the hopes that you<\/p>","protected":false},"author":21,"featured_media":0,"parent":31,"menu_order":0,"comment_status":"open","ping_status":"closed","template":"","meta":{"footnotes":""},"class_list":["post-33","page","type-page","status-publish","hentry"],"yoast_head":"<!-- This site is optimized with the Yoast SEO plugin v26.8 - https:\/\/yoast.com\/product\/yoast-seo-wordpress\/ -->\n<title>Denial of Workers Compensation - Perez, Williams, Medina and Rodriguez<\/title>\n<meta name=\"robots\" content=\"index, follow, max-snippet:-1, max-image-preview:large, max-video-preview:-1\" \/>\n<link rel=\"canonical\" href=\"https:\/\/pwmrlaw.com\/sp\/workers-compensation\/denial\/\" \/>\n<meta property=\"og:locale\" content=\"es_MX\" \/>\n<meta property=\"og:type\" content=\"article\" \/>\n<meta property=\"og:title\" content=\"Denial of Workers Compensation - Perez, Williams, Medina and Rodriguez\" \/>\n<meta property=\"og:description\" content=\"Helping You Fight Workers\u2019 Compensation Denial in California Fresno attorneys protecting the rights of injured workers When you are injured and in need of financial assistance, it can be stressful to have your workers\u2019 compensation claim denied. It is important to understand that employers and insurance companies routinely fight claims in the hopes that you\" \/>\n<meta property=\"og:url\" content=\"https:\/\/pwmrlaw.com\/sp\/workers-compensation\/denial\/\" \/>\n<meta property=\"og:site_name\" content=\"Perez, Williams, Medina and Rodriguez\" \/>\n<meta property=\"article:modified_time\" content=\"2017-08-04T18:20:05+00:00\" \/>\n<meta name=\"twitter:card\" content=\"summary_large_image\" \/>\n<meta name=\"twitter:label1\" content=\"Tiempo de lectura\" \/>\n\t<meta name=\"twitter:data1\" content=\"3 minutos\" \/>\n<script type=\"application\/ld+json\" class=\"yoast-schema-graph\">{\"@context\":\"https:\/\/schema.org\",\"@graph\":[{\"@type\":\"WebPage\",\"@id\":\"https:\/\/pwmrlaw.com\/workers-compensation\/denial\/\",\"url\":\"https:\/\/pwmrlaw.com\/workers-compensation\/denial\/\",\"name\":\"Denial of Workers Compensation - Perez, Williams, Medina and Rodriguez\",\"isPartOf\":{\"@id\":\"https:\/\/pwmrlaw.com\/#website\"},\"datePublished\":\"2011-05-16T21:27:11+00:00\",\"dateModified\":\"2017-08-04T18:20:05+00:00\",\"breadcrumb\":{\"@id\":\"https:\/\/pwmrlaw.com\/workers-compensation\/denial\/#breadcrumb\"},\"inLanguage\":\"es\",\"potentialAction\":[{\"@type\":\"ReadAction\",\"target\":[\"https:\/\/pwmrlaw.com\/workers-compensation\/denial\/\"]}]},{\"@type\":\"BreadcrumbList\",\"@id\":\"https:\/\/pwmrlaw.com\/workers-compensation\/denial\/#breadcrumb\",\"itemListElement\":[{\"@type\":\"ListItem\",\"position\":1,\"name\":\"Home\",\"item\":\"https:\/\/pwmrlaw.com\/\"},{\"@type\":\"ListItem\",\"position\":2,\"name\":\"Workers&#8217; Compensation\",\"item\":\"https:\/\/pwmrlaw.com\/workers-compensation\/\"},{\"@type\":\"ListItem\",\"position\":3,\"name\":\"Denial of Workers Compensation\"}]},{\"@type\":\"WebSite\",\"@id\":\"https:\/\/pwmrlaw.com\/#website\",\"url\":\"https:\/\/pwmrlaw.com\/\",\"name\":\"Perez, Williams, Medina and Rodriguez\",\"description\":\"Fresno Personal Injury and Workers&#039; Compensation Attorneys\",\"potentialAction\":[{\"@type\":\"SearchAction\",\"target\":{\"@type\":\"EntryPoint\",\"urlTemplate\":\"https:\/\/pwmrlaw.com\/?s={search_term_string}\"},\"query-input\":{\"@type\":\"PropertyValueSpecification\",\"valueRequired\":true,\"valueName\":\"search_term_string\"}}],\"inLanguage\":\"es\"}]}<\/script>\n<!-- \/ Yoast SEO plugin. -->","yoast_head_json":{"title":"Denial of Workers Compensation - Perez, Williams, Medina and Rodriguez","robots":{"index":"index","follow":"follow","max-snippet":"max-snippet:-1","max-image-preview":"max-image-preview:large","max-video-preview":"max-video-preview:-1"},"canonical":"https:\/\/pwmrlaw.com\/sp\/workers-compensation\/denial\/","og_locale":"es_MX","og_type":"article","og_title":"Denial of Workers Compensation - Perez, Williams, Medina and Rodriguez","og_description":"Helping You Fight Workers\u2019 Compensation Denial in California Fresno attorneys protecting the rights of injured workers When you are injured and in need of financial assistance, it can be stressful to have your workers\u2019 compensation claim denied. It is important to understand that employers and insurance companies routinely fight claims in the hopes that you","og_url":"https:\/\/pwmrlaw.com\/sp\/workers-compensation\/denial\/","og_site_name":"Perez, Williams, Medina and Rodriguez","article_modified_time":"2017-08-04T18:20:05+00:00","twitter_card":"summary_large_image","twitter_misc":{"Tiempo de lectura":"3 minutos"},"schema":{"@context":"https:\/\/schema.org","@graph":[{"@type":"WebPage","@id":"https:\/\/pwmrlaw.com\/workers-compensation\/denial\/","url":"https:\/\/pwmrlaw.com\/workers-compensation\/denial\/","name":"Denial of Workers Compensation - Perez, Williams, Medina and Rodriguez","isPartOf":{"@id":"https:\/\/pwmrlaw.com\/#website"},"datePublished":"2011-05-16T21:27:11+00:00","dateModified":"2017-08-04T18:20:05+00:00","breadcrumb":{"@id":"https:\/\/pwmrlaw.com\/workers-compensation\/denial\/#breadcrumb"},"inLanguage":"es","potentialAction":[{"@type":"ReadAction","target":["https:\/\/pwmrlaw.com\/workers-compensation\/denial\/"]}]},{"@type":"BreadcrumbList","@id":"https:\/\/pwmrlaw.com\/workers-compensation\/denial\/#breadcrumb","itemListElement":[{"@type":"ListItem","position":1,"name":"Home","item":"https:\/\/pwmrlaw.com\/"},{"@type":"ListItem","position":2,"name":"Workers&#8217; Compensation","item":"https:\/\/pwmrlaw.com\/workers-compensation\/"},{"@type":"ListItem","position":3,"name":"Denial of Workers Compensation"}]},{"@type":"WebSite","@id":"https:\/\/pwmrlaw.com\/#website","url":"https:\/\/pwmrlaw.com\/","name":"P\u00e9rez, Williams, Medina y Rodr\u00edguez","description":"Fresno Lesiones Personales y Trabajadores&#039; Abogados de compensaci\u00f3n","potentialAction":[{"@type":"SearchAction","target":{"@type":"EntryPoint","urlTemplate":"https:\/\/pwmrlaw.com\/?s={search_term_string}"},"query-input":{"@type":"PropertyValueSpecification","valueRequired":true,"valueName":"search_term_string"}}],"inLanguage":"es"}]}},"_links":{"self":[{"href":"https:\/\/pwmrlaw.com\/sp\/wp-json\/wp\/v2\/pages\/33","targetHints":{"allow":["GET"]}}],"collection":[{"href":"https:\/\/pwmrlaw.com\/sp\/wp-json\/wp\/v2\/pages"}],"about":[{"href":"https:\/\/pwmrlaw.com\/sp\/wp-json\/wp\/v2\/types\/page"}],"author":[{"embeddable":true,"href":"https:\/\/pwmrlaw.com\/sp\/wp-json\/wp\/v2\/users\/21"}],"replies":[{"embeddable":true,"href":"https:\/\/pwmrlaw.com\/sp\/wp-json\/wp\/v2\/comments?post=33"}],"version-history":[{"count":7,"href":"https:\/\/pwmrlaw.com\/sp\/wp-json\/wp\/v2\/pages\/33\/revisions"}],"predecessor-version":[{"id":1430,"href":"https:\/\/pwmrlaw.com\/sp\/wp-json\/wp\/v2\/pages\/33\/revisions\/1430"}],"up":[{"embeddable":true,"href":"https:\/\/pwmrlaw.com\/sp\/wp-json\/wp\/v2\/pages\/31"}],"wp:attachment":[{"href":"https:\/\/pwmrlaw.com\/sp\/wp-json\/wp\/v2\/media?parent=33"}],"curies":[{"name":"wp","href":"https:\/\/api.w.org\/{rel}","templated":true}]}}