{"id":43,"date":"2011-05-16T17:28:30","date_gmt":"2011-05-16T17:28:30","guid":{"rendered":"http:\/\/perezwilliamsmedinarodriguez.thelawlinks.com\/?page_id=43"},"modified":"2020-11-03T15:45:50","modified_gmt":"2020-11-03T23:45:50","slug":"sitemap","status":"publish","type":"page","link":"https:\/\/pwmrlaw.com\/sp\/sitemap\/","title":{"rendered":"Mapa del sitio"},"content":{"rendered":"<div class=\"fusion-fullwidth fullwidth-box fusion-builder-row-1 nonhundred-percent-fullwidth non-hundred-percent-height-scrolling\" style=\"--awb-border-radius-top-left:0px;--awb-border-radius-top-right:0px;--awb-border-radius-bottom-right:0px;--awb-border-radius-bottom-left:0px;--awb-flex-wrap:wrap;\" ><div class=\"fusion-builder-row fusion-row\"><div class=\"fusion-layout-column fusion_builder_column fusion-builder-column-0 fusion_builder_column_1_1 1_1 fusion-one-full fusion-column-first fusion-column-last\" style=\"--awb-bg-size:cover;--awb-margin-bottom:0px;\"><div class=\"fusion-column-wrapper fusion-flex-column-wrapper-legacy\"><div class=\"fusion-text fusion-text-1\"><h1>Mapa del sitio<\/h1>\n<div id=\"stcpDiv\">\n<ul>\n<li class=\"page_item page-item-5\"><a href=\"https:\/\/pwmrlaw.com\/sp\/\">Casa<\/a><\/li>\n<li><a href=\"https:\/\/pwmrlaw.com\/sp\/about-us\/\">Sobre nosotros<\/a><\/li>\n<li class=\"page_item page-item-12\"><a href=\"\/sp\/attorney-profiles\/\">Perfiles de abogados<\/a>\n<ul class=\"children\">\n<li class=\"page_item page-item-812\"><a href=\"https:\/\/pwmrlaw.com\/sp\/wp\/attorney-profiles\/robert-f-perez-senior-partner\/\">Robert F. P\u00e9rez, Socio Principal<\/a><\/li>\n<li class=\"page_item page-item-807\"><a href=\"https:\/\/pwmrlaw.com\/sp\/wp\/attorney-profiles\/robert-gray-williams-partner\/\">Robert Gray Williams, Socio<\/a><\/li>\n<li class=\"page_item page-item-826\"><a href=\"https:\/\/pwmrlaw.com\/sp\/wp\/attorney-profiles\/susan-k-medina\/\">Susana Medina<\/a><\/li>\n<li class=\"page_item page-item-824\"><a href=\"https:\/\/pwmrlaw.com\/sp\/wp\/attorney-profiles\/antonio-rodriguez-jr\/\">Antonio Rodr\u00edguez Jr.<\/a><\/li>\n<li class=\"page_item page-item-814\"><a href=\"https:\/\/pwmrlaw.com\/sp\/wp\/attorney-profiles\/raul-v-uribe\/\">Ra\u00fal V. Uribe<\/a><\/li>\n<li><a href=\"https:\/\/pwmrlaw.com\/sp\/attorney-profiles\/marla-d-garcia\/\">Marla D. Garc\u00eda<\/a><\/li>\n<li class=\"page_item page-item-804\"><a href=\"https:\/\/pwmrlaw.com\/sp\/wp\/attorney-profiles\/holley-h-perez-of-counsel\/\">Holley H. P\u00e9rez, abogada<\/a><\/li>\n<li class=\"page_item page-item-804\"><a href=\"https:\/\/pwmrlaw.com\/sp\/attorney-profiles\/maria-g-cordova\/\">Mar\u00eda G. C\u00f3rdova<\/a><\/li>\n<\/ul>\n<\/li>\n<li class=\"page_item page-item-874\"><a href=\"https:\/\/pwmrlaw.com\/sp\/wp\/aop\/\">Areas de pr\u00e1ctica<\/a>\n<ul>\n<li class=\"page_item page-item-14\"><a href=\"https:\/\/pwmrlaw.com\/sp\/wp\/personal-injury\/\">Lesiones Personales<\/a><\/li>\n<li class=\"page_item page-item-28\"><a href=\"https:\/\/pwmrlaw.com\/sp\/workers-compensation\/\">Compensaci\u00f3n de trabajadores<\/a><\/li>\n<li><a href=\"https:\/\/pwmrlaw.com\/sp\/aop\/employment-law\/\">Ley de Empleo<\/a><\/li>\n<\/ul>\n<\/li>\n<li class=\"page_item page-item-36\"><a href=\"https:\/\/pwmrlaw.com\/sp\/wp\/contact-us\/\">Cont\u00e1ctenos<\/a><\/li>\n<\/ul>\n<\/div>\n<\/div><div class=\"fusion-clearfix\"><\/div><\/div><\/div><\/div><\/div>","protected":false},"excerpt":{"rendered":"","protected":false},"author":21,"featured_media":0,"parent":0,"menu_order":13,"comment_status":"open","ping_status":"closed","template":"","meta":{"footnotes":""},"class_list":["post-43","page","type-page","status-publish","hentry"],"yoast_head":"<!-- This site is optimized with the Yoast SEO plugin v26.8 - https:\/\/yoast.com\/product\/yoast-seo-wordpress\/ -->\n<title>Site Map - Perez, Williams, Medina and Rodriguez<\/title>\n<meta name=\"description\" content=\"Fresno area law firm committed to helping individuals with top qulaity legal representation. Family law, estate, probate, wills, workers compensation, employment law, personal injury, etc\" \/>\n<meta name=\"robots\" content=\"index, follow, max-snippet:-1, max-image-preview:large, max-video-preview:-1\" \/>\n<link rel=\"canonical\" href=\"https:\/\/pwmrlaw.com\/sp\/sitemap\/\" \/>\n<meta property=\"og:locale\" content=\"es_MX\" \/>\n<meta property=\"og:type\" content=\"article\" \/>\n<meta property=\"og:title\" content=\"Site Map - Perez, Williams, Medina and Rodriguez\" \/>\n<meta property=\"og:description\" content=\"Fresno area law firm committed to helping individuals with top qulaity legal representation. Family law, estate, probate, wills, workers compensation, employment law, personal injury, etc\" \/>\n<meta property=\"og:url\" content=\"https:\/\/pwmrlaw.com\/sp\/sitemap\/\" \/>\n<meta property=\"og:site_name\" content=\"Perez, Williams, Medina and Rodriguez\" \/>\n<meta property=\"article:modified_time\" content=\"2020-11-03T23:45:50+00:00\" \/>\n<meta name=\"twitter:card\" content=\"summary_large_image\" \/>\n<meta name=\"twitter:label1\" content=\"Tiempo de lectura\" \/>\n\t<meta name=\"twitter:data1\" content=\"1 minuto\" \/>\n<script type=\"application\/ld+json\" class=\"yoast-schema-graph\">{\"@context\":\"https:\/\/schema.org\",\"@graph\":[{\"@type\":\"WebPage\",\"@id\":\"https:\/\/pwmrlaw.com\/sitemap\/\",\"url\":\"https:\/\/pwmrlaw.com\/sitemap\/\",\"name\":\"Site Map - Perez, Williams, Medina and Rodriguez\",\"isPartOf\":{\"@id\":\"https:\/\/pwmrlaw.com\/#website\"},\"datePublished\":\"2011-05-16T17:28:30+00:00\",\"dateModified\":\"2020-11-03T23:45:50+00:00\",\"description\":\"Fresno area law firm committed to helping individuals with top qulaity legal representation. Family law, estate, probate, wills, workers compensation, employment law, personal injury, etc\",\"breadcrumb\":{\"@id\":\"https:\/\/pwmrlaw.com\/sitemap\/#breadcrumb\"},\"inLanguage\":\"es\",\"potentialAction\":[{\"@type\":\"ReadAction\",\"target\":[\"https:\/\/pwmrlaw.com\/sitemap\/\"]}]},{\"@type\":\"BreadcrumbList\",\"@id\":\"https:\/\/pwmrlaw.com\/sitemap\/#breadcrumb\",\"itemListElement\":[{\"@type\":\"ListItem\",\"position\":1,\"name\":\"Home\",\"item\":\"https:\/\/pwmrlaw.com\/\"},{\"@type\":\"ListItem\",\"position\":2,\"name\":\"Site Map\"}]},{\"@type\":\"WebSite\",\"@id\":\"https:\/\/pwmrlaw.com\/#website\",\"url\":\"https:\/\/pwmrlaw.com\/\",\"name\":\"Perez, Williams, Medina and Rodriguez\",\"description\":\"Fresno Personal Injury and Workers&#039; Compensation Attorneys\",\"potentialAction\":[{\"@type\":\"SearchAction\",\"target\":{\"@type\":\"EntryPoint\",\"urlTemplate\":\"https:\/\/pwmrlaw.com\/?s={search_term_string}\"},\"query-input\":{\"@type\":\"PropertyValueSpecification\",\"valueRequired\":true,\"valueName\":\"search_term_string\"}}],\"inLanguage\":\"es\"}]}<\/script>\n<!-- \/ Yoast SEO plugin. -->","yoast_head_json":{"title":"Site Map - Perez, Williams, Medina and Rodriguez","description":"Fresno area law firm committed to helping individuals with top qulaity legal representation. Family law, estate, probate, wills, workers compensation, employment law, personal injury, etc","robots":{"index":"index","follow":"follow","max-snippet":"max-snippet:-1","max-image-preview":"max-image-preview:large","max-video-preview":"max-video-preview:-1"},"canonical":"https:\/\/pwmrlaw.com\/sp\/sitemap\/","og_locale":"es_MX","og_type":"article","og_title":"Site Map - Perez, Williams, Medina and Rodriguez","og_description":"Fresno area law firm committed to helping individuals with top qulaity legal representation. Family law, estate, probate, wills, workers compensation, employment law, personal injury, etc","og_url":"https:\/\/pwmrlaw.com\/sp\/sitemap\/","og_site_name":"Perez, Williams, Medina and Rodriguez","article_modified_time":"2020-11-03T23:45:50+00:00","twitter_card":"summary_large_image","twitter_misc":{"Tiempo de lectura":"1 minuto"},"schema":{"@context":"https:\/\/schema.org","@graph":[{"@type":"WebPage","@id":"https:\/\/pwmrlaw.com\/sitemap\/","url":"https:\/\/pwmrlaw.com\/sitemap\/","name":"Site Map - Perez, Williams, Medina and Rodriguez","isPartOf":{"@id":"https:\/\/pwmrlaw.com\/#website"},"datePublished":"2011-05-16T17:28:30+00:00","dateModified":"2020-11-03T23:45:50+00:00","description":"Fresno area law firm committed to helping individuals with top qulaity legal representation. Family law, estate, probate, wills, workers compensation, employment law, personal injury, etc","breadcrumb":{"@id":"https:\/\/pwmrlaw.com\/sitemap\/#breadcrumb"},"inLanguage":"es","potentialAction":[{"@type":"ReadAction","target":["https:\/\/pwmrlaw.com\/sitemap\/"]}]},{"@type":"BreadcrumbList","@id":"https:\/\/pwmrlaw.com\/sitemap\/#breadcrumb","itemListElement":[{"@type":"ListItem","position":1,"name":"Home","item":"https:\/\/pwmrlaw.com\/"},{"@type":"ListItem","position":2,"name":"Site Map"}]},{"@type":"WebSite","@id":"https:\/\/pwmrlaw.com\/#website","url":"https:\/\/pwmrlaw.com\/","name":"P\u00e9rez, Williams, Medina y Rodr\u00edguez","description":"Fresno Lesiones Personales y Trabajadores&#039; Abogados de compensaci\u00f3n","potentialAction":[{"@type":"SearchAction","target":{"@type":"EntryPoint","urlTemplate":"https:\/\/pwmrlaw.com\/?s={search_term_string}"},"query-input":{"@type":"PropertyValueSpecification","valueRequired":true,"valueName":"search_term_string"}}],"inLanguage":"es"}]}},"_links":{"self":[{"href":"https:\/\/pwmrlaw.com\/sp\/wp-json\/wp\/v2\/pages\/43","targetHints":{"allow":["GET"]}}],"collection":[{"href":"https:\/\/pwmrlaw.com\/sp\/wp-json\/wp\/v2\/pages"}],"about":[{"href":"https:\/\/pwmrlaw.com\/sp\/wp-json\/wp\/v2\/types\/page"}],"author":[{"embeddable":true,"href":"https:\/\/pwmrlaw.com\/sp\/wp-json\/wp\/v2\/users\/21"}],"replies":[{"embeddable":true,"href":"https:\/\/pwmrlaw.com\/sp\/wp-json\/wp\/v2\/comments?post=43"}],"version-history":[{"count":11,"href":"https:\/\/pwmrlaw.com\/sp\/wp-json\/wp\/v2\/pages\/43\/revisions"}],"predecessor-version":[{"id":1966,"href":"https:\/\/pwmrlaw.com\/sp\/wp-json\/wp\/v2\/pages\/43\/revisions\/1966"}],"wp:attachment":[{"href":"https:\/\/pwmrlaw.com\/sp\/wp-json\/wp\/v2\/media?parent=43"}],"curies":[{"name":"wp","href":"https:\/\/api.w.org\/{rel}","templated":true}]}}