{"id":528,"date":"2013-07-10T14:53:17","date_gmt":"2013-07-10T18:53:17","guid":{"rendered":"http:\/\/perezwilliamsmedinarodriguez.thelawlinks.com\/?page_id=528"},"modified":"2022-04-06T09:53:27","modified_gmt":"2022-04-06T16:53:27","slug":"about-us","status":"publish","type":"page","link":"https:\/\/pwmrlaw.com\/sp\/about-us\/","title":{"rendered":"Sobre nosotros"},"content":{"rendered":"<div class=\"fusion-fullwidth fullwidth-box fusion-builder-row-1 nonhundred-percent-fullwidth non-hundred-percent-height-scrolling\" style=\"--awb-border-radius-top-left:0px;--awb-border-radius-top-right:0px;--awb-border-radius-bottom-right:0px;--awb-border-radius-bottom-left:0px;--awb-flex-wrap:wrap;\" ><div class=\"fusion-builder-row fusion-row\"><div class=\"fusion-layout-column fusion_builder_column fusion-builder-column-0 fusion_builder_column_1_1 1_1 fusion-one-full fusion-column-first fusion-column-last\" style=\"--awb-bg-size:cover;--awb-margin-bottom:0px;\"><div class=\"fusion-column-wrapper fusion-flex-column-wrapper-legacy\"><div class=\"fusion-text fusion-text-1\"><h1 data-fontsize=\"24\" data-lineheight=\"33.6px\" class=\"fusion-responsive-typography-calculated\" style=\"--fontSize:24; line-height: 1.4;\">Firma de abogados comprometida con ayudar a las personas<\/h1>\n<h2 data-fontsize=\"18\" data-lineheight=\"27px\" class=\"fusion-responsive-typography-calculated\" style=\"--fontSize:18; line-height: 1.5; --minFontSize:18;\">Una oficina de abogados con la misi\u00f3n de proporcionar representaci\u00f3n legal de alta calidad<\/h2>\n<p>En Perez, Williams, Medina &amp; Rodriguez, LLP, representamos a muchas personas con una variedad de necesidades. Nuestro objetivo es proporcionar representaci\u00f3n legal compasiva y de alta calidad. Ya sea que haya resultado lesionado en un accidente automovil\u00edstico o necesite asistencia en un asunto de sucesi\u00f3n, nos esforzamos por garantizar que reciba la orientaci\u00f3n y el asesoramiento que necesita para que usted y su familia puedan avanzar en la vida.<\/p>\n<h2 data-fontsize=\"18\" data-lineheight=\"27px\" class=\"fusion-responsive-typography-calculated\" style=\"--fontSize:18; line-height: 1.5; --minFontSize:18;\">Nuestra firma tiene una rica historia.<\/h2>\n<p>Nuestra firma fue fundada en 1980, aunque ha pasado por varios cambios fruct\u00edferos desde entonces. Somos bien conocidos por representar a trabajadores agr\u00edcolas con acceso limitado a la justicia, incluidos varios casos que atrajeron una gran atenci\u00f3n de los medios y publicidad. Nuestra pr\u00e1ctica se ha ampliado para incluir todo tipo de casos de lesiones, as\u00ed como tambi\u00e9n derecho laboral y asuntos de sucesiones. Por lo tanto, tenemos la experiencia para asistirlo de manera competente.<\/p>\n<h2 data-fontsize=\"18\" data-lineheight=\"27px\" class=\"fusion-responsive-typography-calculated\" style=\"--fontSize:18; line-height: 1.5; --minFontSize:18;\">Nuestros abogados brindan una representaci\u00f3n sobresaliente<\/h2>\n<p>Robert F. P\u00e9rez, uno de los socios fundadores de nuestro bufete de abogados, ha manejado numerosos casos de alto perfil. Bajo su liderazgo, nuestros abogados han prosperado y establecido una reputaci\u00f3n respetable en la comunidad de Fresno. Si bien somos amigables y atentos, tambi\u00e9n podemos ser agresivos y obstinados en nuestro enfoque. Con nosotros a su lado, puede estar seguro de que sus derechos e intereses est\u00e1n protegidos.<\/p>\n<h2 data-fontsize=\"18\" data-lineheight=\"27px\" class=\"fusion-responsive-typography-calculated\" style=\"--fontSize:18; line-height: 1.5; --minFontSize:18;\">Obtenga el asesoramiento y la orientaci\u00f3n que necesita para su lesi\u00f3n relacionada con el accidente<\/h2>\n<p>Convenientemente ubicado en Fresno, California, Perez, Williams, Medina &amp; Rodriguez, LLP est\u00e1 listo para brindar una s\u00f3lida defensa y servicio con respecto a su caso. Para programar su consulta inicial gratuita, cont\u00e1ctenos al 559-445-0123.<\/p>\n<\/div><div class=\"fusion-clearfix\"><\/div><\/div><\/div><\/div><\/div>","protected":false},"excerpt":{"rendered":"","protected":false},"author":21,"featured_media":0,"parent":0,"menu_order":2,"comment_status":"open","ping_status":"open","template":"","meta":{"footnotes":""},"class_list":["post-528","page","type-page","status-publish","hentry"],"yoast_head":"<!-- This site is optimized with the Yoast SEO plugin v26.8 - https:\/\/yoast.com\/product\/yoast-seo-wordpress\/ -->\n<title>About Us - Perez, Williams, Medina and Rodriguez<\/title>\n<meta name=\"robots\" content=\"index, follow, max-snippet:-1, max-image-preview:large, max-video-preview:-1\" \/>\n<link rel=\"canonical\" href=\"https:\/\/pwmrlaw.com\/sp\/about-us\/\" \/>\n<meta property=\"og:locale\" content=\"es_MX\" \/>\n<meta property=\"og:type\" content=\"article\" \/>\n<meta property=\"og:title\" content=\"About Us - Perez, Williams, Medina and Rodriguez\" \/>\n<meta property=\"og:url\" content=\"https:\/\/pwmrlaw.com\/sp\/about-us\/\" \/>\n<meta property=\"og:site_name\" content=\"Perez, Williams, Medina and Rodriguez\" \/>\n<meta property=\"article:modified_time\" content=\"2022-04-06T16:53:27+00:00\" \/>\n<meta name=\"twitter:card\" content=\"summary_large_image\" \/>\n<meta name=\"twitter:label1\" content=\"Tiempo de lectura\" \/>\n\t<meta name=\"twitter:data1\" content=\"2 minutos\" \/>\n<script type=\"application\/ld+json\" class=\"yoast-schema-graph\">{\"@context\":\"https:\/\/schema.org\",\"@graph\":[{\"@type\":\"WebPage\",\"@id\":\"https:\/\/pwmrlaw.com\/about-us\/\",\"url\":\"https:\/\/pwmrlaw.com\/about-us\/\",\"name\":\"About Us - Perez, Williams, Medina and Rodriguez\",\"isPartOf\":{\"@id\":\"https:\/\/pwmrlaw.com\/#website\"},\"datePublished\":\"2013-07-10T18:53:17+00:00\",\"dateModified\":\"2022-04-06T16:53:27+00:00\",\"breadcrumb\":{\"@id\":\"https:\/\/pwmrlaw.com\/about-us\/#breadcrumb\"},\"inLanguage\":\"es\",\"potentialAction\":[{\"@type\":\"ReadAction\",\"target\":[\"https:\/\/pwmrlaw.com\/about-us\/\"]}]},{\"@type\":\"BreadcrumbList\",\"@id\":\"https:\/\/pwmrlaw.com\/about-us\/#breadcrumb\",\"itemListElement\":[{\"@type\":\"ListItem\",\"position\":1,\"name\":\"Home\",\"item\":\"https:\/\/pwmrlaw.com\/\"},{\"@type\":\"ListItem\",\"position\":2,\"name\":\"About Us\"}]},{\"@type\":\"WebSite\",\"@id\":\"https:\/\/pwmrlaw.com\/#website\",\"url\":\"https:\/\/pwmrlaw.com\/\",\"name\":\"Perez, Williams, Medina and Rodriguez\",\"description\":\"Fresno Personal Injury and Workers&#039; Compensation Attorneys\",\"potentialAction\":[{\"@type\":\"SearchAction\",\"target\":{\"@type\":\"EntryPoint\",\"urlTemplate\":\"https:\/\/pwmrlaw.com\/?s={search_term_string}\"},\"query-input\":{\"@type\":\"PropertyValueSpecification\",\"valueRequired\":true,\"valueName\":\"search_term_string\"}}],\"inLanguage\":\"es\"}]}<\/script>\n<!-- \/ Yoast SEO plugin. -->","yoast_head_json":{"title":"About Us - Perez, Williams, Medina and Rodriguez","robots":{"index":"index","follow":"follow","max-snippet":"max-snippet:-1","max-image-preview":"max-image-preview:large","max-video-preview":"max-video-preview:-1"},"canonical":"https:\/\/pwmrlaw.com\/sp\/about-us\/","og_locale":"es_MX","og_type":"article","og_title":"About Us - Perez, Williams, Medina and Rodriguez","og_url":"https:\/\/pwmrlaw.com\/sp\/about-us\/","og_site_name":"Perez, Williams, Medina and Rodriguez","article_modified_time":"2022-04-06T16:53:27+00:00","twitter_card":"summary_large_image","twitter_misc":{"Tiempo de lectura":"2 minutos"},"schema":{"@context":"https:\/\/schema.org","@graph":[{"@type":"WebPage","@id":"https:\/\/pwmrlaw.com\/about-us\/","url":"https:\/\/pwmrlaw.com\/about-us\/","name":"About Us - Perez, Williams, Medina and Rodriguez","isPartOf":{"@id":"https:\/\/pwmrlaw.com\/#website"},"datePublished":"2013-07-10T18:53:17+00:00","dateModified":"2022-04-06T16:53:27+00:00","breadcrumb":{"@id":"https:\/\/pwmrlaw.com\/about-us\/#breadcrumb"},"inLanguage":"es","potentialAction":[{"@type":"ReadAction","target":["https:\/\/pwmrlaw.com\/about-us\/"]}]},{"@type":"BreadcrumbList","@id":"https:\/\/pwmrlaw.com\/about-us\/#breadcrumb","itemListElement":[{"@type":"ListItem","position":1,"name":"Home","item":"https:\/\/pwmrlaw.com\/"},{"@type":"ListItem","position":2,"name":"About Us"}]},{"@type":"WebSite","@id":"https:\/\/pwmrlaw.com\/#website","url":"https:\/\/pwmrlaw.com\/","name":"P\u00e9rez, Williams, Medina y Rodr\u00edguez","description":"Fresno Lesiones Personales y Trabajadores&#039; Abogados de compensaci\u00f3n","potentialAction":[{"@type":"SearchAction","target":{"@type":"EntryPoint","urlTemplate":"https:\/\/pwmrlaw.com\/?s={search_term_string}"},"query-input":{"@type":"PropertyValueSpecification","valueRequired":true,"valueName":"search_term_string"}}],"inLanguage":"es"}]}},"_links":{"self":[{"href":"https:\/\/pwmrlaw.com\/sp\/wp-json\/wp\/v2\/pages\/528","targetHints":{"allow":["GET"]}}],"collection":[{"href":"https:\/\/pwmrlaw.com\/sp\/wp-json\/wp\/v2\/pages"}],"about":[{"href":"https:\/\/pwmrlaw.com\/sp\/wp-json\/wp\/v2\/types\/page"}],"author":[{"embeddable":true,"href":"https:\/\/pwmrlaw.com\/sp\/wp-json\/wp\/v2\/users\/21"}],"replies":[{"embeddable":true,"href":"https:\/\/pwmrlaw.com\/sp\/wp-json\/wp\/v2\/comments?post=528"}],"version-history":[{"count":15,"href":"https:\/\/pwmrlaw.com\/sp\/wp-json\/wp\/v2\/pages\/528\/revisions"}],"predecessor-version":[{"id":2122,"href":"https:\/\/pwmrlaw.com\/sp\/wp-json\/wp\/v2\/pages\/528\/revisions\/2122"}],"wp:attachment":[{"href":"https:\/\/pwmrlaw.com\/sp\/wp-json\/wp\/v2\/media?parent=528"}],"curies":[{"name":"wp","href":"https:\/\/api.w.org\/{rel}","templated":true}]}}