{"id":557,"date":"2013-07-10T14:57:53","date_gmt":"2013-07-10T18:57:53","guid":{"rendered":"http:\/\/perezwilliamsmedinarodriguez.thelawlinks.com\/?page_id=557"},"modified":"2025-07-22T09:55:59","modified_gmt":"2025-07-22T16:55:59","slug":"death-cases","status":"publish","type":"page","link":"https:\/\/pwmrlaw.com\/sp\/workers-compensation\/death-cases\/","title":{"rendered":"Casos de muerte por compensaci\u00f3n laboral"},"content":{"rendered":"<div class=\"fusion-fullwidth fullwidth-box fusion-builder-row-1 fusion-flex-container nonhundred-percent-fullwidth non-hundred-percent-height-scrolling\" style=\"--awb-border-radius-top-left:0px;--awb-border-radius-top-right:0px;--awb-border-radius-bottom-right:0px;--awb-border-radius-bottom-left:0px;--awb-flex-wrap:wrap;\" ><div class=\"fusion-builder-row fusion-row fusion-flex-align-items-flex-start fusion-flex-content-wrap\" style=\"max-width:960px;margin-left: calc(-0% \/ 2 );margin-right: calc(-0% \/ 2 );\"><div class=\"fusion-layout-column fusion_builder_column fusion-builder-column-0 fusion_builder_column_1_1 1_1 fusion-flex-column\" style=\"--awb-bg-size:cover;--awb-width-large:100%;--awb-margin-top-large:0px;--awb-spacing-right-large:0%;--awb-margin-bottom-large:0px;--awb-spacing-left-large:0%;--awb-width-medium:100%;--awb-spacing-right-medium:0%;--awb-spacing-left-medium:0%;--awb-width-small:100%;--awb-spacing-right-small:0%;--awb-spacing-left-small:0%;\"><div class=\"fusion-column-wrapper fusion-flex-justify-content-flex-start fusion-content-layout-column\"><div class=\"fusion-text fusion-text-1\"><h1>Proveyendo Compasi\u00f3n y Orientaci\u00f3n Legal en Casos de Muerte de Compensaci\u00f3n de Trabajadores en el Valle Central<\/h1>\n<h2>Buscando una compensaci\u00f3n por la p\u00e9rdida final<\/h2>\n<p>Pocas cosas se comparan con el shock emocional y financiero de una muerte repentina e inesperada. Ninguna cantidad de dinero puede realmente compensarle por la p\u00e9rdida de un familiar cercano. Una recompensa monetaria puede al menos pagar las facturas y brindarle a usted y a su familia un poco de seguridad adicional. Un abogado con experiencia en el Valle Central de Perez, Williams, Medina &amp; Rodriguez, LLP comprende la profundidad de su p\u00e9rdida y trabaja para asegurarse de que usted y su familia reciban los m\u00e1ximos beneficios posibles.<\/p>\n<h2>Beneficios por muerte de compensaci\u00f3n para trabajadores disponibles en California<\/h2>\n<p>En 2009, m\u00e1s de 300 californianos murieron en el trabajo en industrias que van desde el transporte y las mudanzas hasta las ventas. Muchas muertes ocurren despu\u00e9s de lesiones traum\u00e1ticas, mientras que otras son el resultado de <a title=\"Enfermedades Ocupacionales\/Trauma Acumulativo\" href=\"https:\/\/pwmrlaw.com\/sp\/wp\/workers-compensation\/occupational-diseases\/\">enfermedad profesional<\/a> y lesiones por estr\u00e9s repetitivo. estado de muerte <a title=\"Beneficios de la Compensaci\u00f3n de Trabajadores\" href=\"https:\/\/pwmrlaw.com\/sp\/wp\/workers-compensation\/benefits\/\">beneficios<\/a> incluir:<\/p>\n<ul>\n<li><strong>Gastos de funeral y entierro.<\/strong> Los costos asociados con el funeral y el entierro generalmente se pagan como una cantidad fija y predeterminada y, a menudo, se pagan en una suma global. La compensaci\u00f3n para trabajadores no paga m\u00e1s si sus gastos reales fueron m\u00e1s altos.<\/li>\n<li><strong>Beneficios por discapacidad. <\/strong>Dado que su ser querido nunca volver\u00e1 a trabajar, tiene derecho a pagos completos por discapacidad. El monto real depende del n\u00famero de dependientes y del grado de dependencia que ten\u00edan del trabajador fallecido.<\/li>\n<\/ul>\n<h2>Se aplica un estatuto de limitaciones<\/h2>\n<p>Unlike other jurisdictions that may give you up to 12 years to file a claim, in California, the statute of limitations is one year from the date of the incident. As difficult as it may be, you need to speak with an experienced worker\u2019s compensation attorney &nbsp;immediately after a workplace death. Deadlines to file claims and <a title=\"Negaci\u00f3n de Compensaci\u00f3n de Trabajadores\" href=\"https:\/\/pwmrlaw.com\/sp\/wp\/workers-compensation\/denial\/\">apelaci\u00f3n<\/a> una denegaci\u00f3n de una reclamaci\u00f3n se aplican estrictamente.<\/p>\n<h2>\u00bfQui\u00e9n recibe los beneficios si no hay dependientes?<\/h2>\n<p>Si no hay dependientes, los beneficios vuelven al estado para apoyar el fondo de compensaci\u00f3n para trabajadores bajo la teor\u00eda de que solo los dependientes realmente sintieron la p\u00e9rdida y merecen una compensaci\u00f3n. Es imperativo que act\u00fae r\u00e1pidamente para reclamar cualquier beneficio que pueda tener derecho a recibir. Un abogado puede ayudarlo a minimizar sus p\u00e9rdidas al maximizar sus beneficios.<\/p>\n<h3>Programe una cita en Fresno si est\u00e1 lidiando con la muerte de un familiar relacionada con el trabajo<\/h3>\n<p>En Perez, Williams, Medina &amp; Rodriguez, LLP, nuestros abogados compasivos y trabajadores comprenden su situaci\u00f3n y pueden tomar medidas r\u00e1pidas y agresivas para proteger a su familia. Desde nuestra oficina en Fresno, California, atendemos a clientes en todo el Valle Central, incluidos los condados de Fresno, Tulare, Madera, Merced y Kings. <a title=\"Cont\u00e1ctenos\" href=\"https:\/\/pwmrlaw.com\/sp\/wp\/contact-us\/\">Contacto<\/a> nuestros abogados de compensaci\u00f3n laboral al 559-445-0123 para programar una consulta gratuita para analizar su caso.<\/p>\n<p style=\"text-align: left;\">REQUIRED DISCLOSURE NOTICE: Making a false or fraudulent workers&#8217; compensation claim is a felony subject to up to 5 years in prison or a fine of up&nbsp;to $50,000 or double the value of the fraud, whichever is greater, or by both imprisonment and fine.<\/p>\n<\/div><\/div><\/div><\/div><\/div>","protected":false},"excerpt":{"rendered":"","protected":false},"author":21,"featured_media":0,"parent":31,"menu_order":1,"comment_status":"open","ping_status":"closed","template":"","meta":{"footnotes":""},"class_list":["post-557","page","type-page","status-publish","hentry"],"yoast_head":"<!-- This site is optimized with the Yoast SEO plugin v26.8 - https:\/\/yoast.com\/product\/yoast-seo-wordpress\/ -->\n<title>Workers&#039; Compensation Death Cases - Perez, Williams, Medina and Rodriguez<\/title>\n<meta name=\"robots\" content=\"index, follow, max-snippet:-1, max-image-preview:large, max-video-preview:-1\" \/>\n<link rel=\"canonical\" href=\"https:\/\/pwmrlaw.com\/sp\/workers-compensation\/death-cases\/\" \/>\n<meta property=\"og:locale\" content=\"es_MX\" \/>\n<meta property=\"og:type\" content=\"article\" \/>\n<meta property=\"og:title\" content=\"Workers&#039; Compensation Death Cases - Perez, Williams, Medina and Rodriguez\" \/>\n<meta property=\"og:url\" content=\"https:\/\/pwmrlaw.com\/sp\/workers-compensation\/death-cases\/\" \/>\n<meta property=\"og:site_name\" content=\"Perez, Williams, Medina and Rodriguez\" \/>\n<meta property=\"article:modified_time\" content=\"2025-07-22T16:55:59+00:00\" \/>\n<meta name=\"twitter:card\" content=\"summary_large_image\" \/>\n<meta name=\"twitter:label1\" content=\"Tiempo de lectura\" \/>\n\t<meta name=\"twitter:data1\" content=\"3 minutos\" \/>\n<script type=\"application\/ld+json\" class=\"yoast-schema-graph\">{\"@context\":\"https:\/\/schema.org\",\"@graph\":[{\"@type\":\"WebPage\",\"@id\":\"https:\/\/pwmrlaw.com\/workers-compensation\/death-cases\/\",\"url\":\"https:\/\/pwmrlaw.com\/workers-compensation\/death-cases\/\",\"name\":\"Workers' Compensation Death Cases - Perez, Williams, Medina and Rodriguez\",\"isPartOf\":{\"@id\":\"https:\/\/pwmrlaw.com\/#website\"},\"datePublished\":\"2013-07-10T18:57:53+00:00\",\"dateModified\":\"2025-07-22T16:55:59+00:00\",\"breadcrumb\":{\"@id\":\"https:\/\/pwmrlaw.com\/workers-compensation\/death-cases\/#breadcrumb\"},\"inLanguage\":\"es\",\"potentialAction\":[{\"@type\":\"ReadAction\",\"target\":[\"https:\/\/pwmrlaw.com\/workers-compensation\/death-cases\/\"]}]},{\"@type\":\"BreadcrumbList\",\"@id\":\"https:\/\/pwmrlaw.com\/workers-compensation\/death-cases\/#breadcrumb\",\"itemListElement\":[{\"@type\":\"ListItem\",\"position\":1,\"name\":\"Home\",\"item\":\"https:\/\/pwmrlaw.com\/\"},{\"@type\":\"ListItem\",\"position\":2,\"name\":\"Workers&#8217; Compensation\",\"item\":\"https:\/\/pwmrlaw.com\/workers-compensation\/\"},{\"@type\":\"ListItem\",\"position\":3,\"name\":\"Workers&#8217; Compensation Death Cases\"}]},{\"@type\":\"WebSite\",\"@id\":\"https:\/\/pwmrlaw.com\/#website\",\"url\":\"https:\/\/pwmrlaw.com\/\",\"name\":\"Perez, Williams, Medina and Rodriguez\",\"description\":\"Fresno Personal Injury and Workers&#039; Compensation Attorneys\",\"potentialAction\":[{\"@type\":\"SearchAction\",\"target\":{\"@type\":\"EntryPoint\",\"urlTemplate\":\"https:\/\/pwmrlaw.com\/?s={search_term_string}\"},\"query-input\":{\"@type\":\"PropertyValueSpecification\",\"valueRequired\":true,\"valueName\":\"search_term_string\"}}],\"inLanguage\":\"es\"}]}<\/script>\n<!-- \/ Yoast SEO plugin. -->","yoast_head_json":{"title":"Workers' Compensation Death Cases - Perez, Williams, Medina and Rodriguez","robots":{"index":"index","follow":"follow","max-snippet":"max-snippet:-1","max-image-preview":"max-image-preview:large","max-video-preview":"max-video-preview:-1"},"canonical":"https:\/\/pwmrlaw.com\/sp\/workers-compensation\/death-cases\/","og_locale":"es_MX","og_type":"article","og_title":"Workers' Compensation Death Cases - Perez, Williams, Medina and Rodriguez","og_url":"https:\/\/pwmrlaw.com\/sp\/workers-compensation\/death-cases\/","og_site_name":"Perez, Williams, Medina and Rodriguez","article_modified_time":"2025-07-22T16:55:59+00:00","twitter_card":"summary_large_image","twitter_misc":{"Tiempo de lectura":"3 minutos"},"schema":{"@context":"https:\/\/schema.org","@graph":[{"@type":"WebPage","@id":"https:\/\/pwmrlaw.com\/workers-compensation\/death-cases\/","url":"https:\/\/pwmrlaw.com\/workers-compensation\/death-cases\/","name":"Workers' Compensation Death Cases - Perez, Williams, Medina and Rodriguez","isPartOf":{"@id":"https:\/\/pwmrlaw.com\/#website"},"datePublished":"2013-07-10T18:57:53+00:00","dateModified":"2025-07-22T16:55:59+00:00","breadcrumb":{"@id":"https:\/\/pwmrlaw.com\/workers-compensation\/death-cases\/#breadcrumb"},"inLanguage":"es","potentialAction":[{"@type":"ReadAction","target":["https:\/\/pwmrlaw.com\/workers-compensation\/death-cases\/"]}]},{"@type":"BreadcrumbList","@id":"https:\/\/pwmrlaw.com\/workers-compensation\/death-cases\/#breadcrumb","itemListElement":[{"@type":"ListItem","position":1,"name":"Home","item":"https:\/\/pwmrlaw.com\/"},{"@type":"ListItem","position":2,"name":"Workers&#8217; Compensation","item":"https:\/\/pwmrlaw.com\/workers-compensation\/"},{"@type":"ListItem","position":3,"name":"Workers&#8217; Compensation Death Cases"}]},{"@type":"WebSite","@id":"https:\/\/pwmrlaw.com\/#website","url":"https:\/\/pwmrlaw.com\/","name":"P\u00e9rez, Williams, Medina y Rodr\u00edguez","description":"Fresno Lesiones Personales y Trabajadores&#039; Abogados de compensaci\u00f3n","potentialAction":[{"@type":"SearchAction","target":{"@type":"EntryPoint","urlTemplate":"https:\/\/pwmrlaw.com\/?s={search_term_string}"},"query-input":{"@type":"PropertyValueSpecification","valueRequired":true,"valueName":"search_term_string"}}],"inLanguage":"es"}]}},"_links":{"self":[{"href":"https:\/\/pwmrlaw.com\/sp\/wp-json\/wp\/v2\/pages\/557","targetHints":{"allow":["GET"]}}],"collection":[{"href":"https:\/\/pwmrlaw.com\/sp\/wp-json\/wp\/v2\/pages"}],"about":[{"href":"https:\/\/pwmrlaw.com\/sp\/wp-json\/wp\/v2\/types\/page"}],"author":[{"embeddable":true,"href":"https:\/\/pwmrlaw.com\/sp\/wp-json\/wp\/v2\/users\/21"}],"replies":[{"embeddable":true,"href":"https:\/\/pwmrlaw.com\/sp\/wp-json\/wp\/v2\/comments?post=557"}],"version-history":[{"count":9,"href":"https:\/\/pwmrlaw.com\/sp\/wp-json\/wp\/v2\/pages\/557\/revisions"}],"predecessor-version":[{"id":2306,"href":"https:\/\/pwmrlaw.com\/sp\/wp-json\/wp\/v2\/pages\/557\/revisions\/2306"}],"up":[{"embeddable":true,"href":"https:\/\/pwmrlaw.com\/sp\/wp-json\/wp\/v2\/pages\/31"}],"wp:attachment":[{"href":"https:\/\/pwmrlaw.com\/sp\/wp-json\/wp\/v2\/media?parent=557"}],"curies":[{"name":"wp","href":"https:\/\/api.w.org\/{rel}","templated":true}]}}