{"id":561,"date":"2013-07-10T14:58:54","date_gmt":"2013-07-10T18:58:54","guid":{"rendered":"http:\/\/perezwilliamsmedinarodriguez.thelawlinks.com\/?page_id=561"},"modified":"2017-08-04T18:20:05","modified_gmt":"2017-08-04T18:20:05","slug":"occupational-diseases","status":"publish","type":"page","link":"https:\/\/pwmrlaw.com\/sp\/workers-compensation\/occupational-diseases\/","title":{"rendered":"Enfermedades Ocupacionales\/Trauma Acumulativo"},"content":{"rendered":"<h1>Compensaci\u00f3n por Enfermedades Profesionales y Trauma Acumulativo en el Valle Central<\/h1>\n<h2>Un elemento importante de la compensaci\u00f3n de trabajadores en California<\/h2>\n<p>La mayor\u00eda de las lesiones en el lugar de trabajo se clasifican en una de dos categor\u00edas: lesiones por trauma o lesiones por estr\u00e9s repetitivo. Una lesi\u00f3n traum\u00e1tica incluye incidentes repentinos, como accidentes por resbalones y ca\u00eddas y accidentes en andamios. Las lesiones por estr\u00e9s repetitivo incluyen enfermedades ocupacionales y trauma acumulativo. El dolor que siente por cualquier lesi\u00f3n en el lugar de trabajo es real, y todas estas lesiones merecen una compensaci\u00f3n completa y justa. El equipo legal de Perez, Williams, Medina &amp; Rodriguez, LLP puede ayudarlo a obtener la recuperaci\u00f3n que se merece.<\/p>\n<h2>\u00bfQu\u00e9 es un reclamo por enfermedad profesional?<\/h2>\n<p>\u201cEnfermedad ocupacional\u201d describe una condici\u00f3n m\u00e9dica que se presenta durante m\u00e1s de un d\u00eda o un per\u00edodo de tiempo de un turno. El ruido, la radiaci\u00f3n, las toxinas, los humos y las part\u00edculas de una sustancia peligrosa pueden desencadenar una reacci\u00f3n adversa en su cuerpo. Un reclamo por enfermedad ocupacional puede ser dif\u00edcil de probar en el juicio o antes de <a title=\"Acuerdos de Compensaci\u00f3n de Trabajadores\" href=\"https:\/\/pwmrlaw.com\/sp\/wp\/workers-compensation\/settlements\/\">resolver su caso<\/a>, por lo que respaldamos su reclamo con lo siguiente:<\/p>\n<ul>\n<li><strong>Informe del m\u00e9dico.<\/strong> Un informe detallado de su m\u00e9dico le brinda al tribunal todos los detalles relevantes. El informe debe provenir preferiblemente de su m\u00e9dico habitual, incluir su historial de salud anterior, discutir cualquier prueba y resultados de la prueba, y ofrecer un diagn\u00f3stico y un pron\u00f3stico.<\/li>\n<li><strong>Declaraci\u00f3n f\u00e1ctica del empleado.<\/strong> Una declaraci\u00f3n de empleado proporciona al tribunal una buena idea sobre sus deberes laborales diarios y su entorno laboral diario. Sea lo m\u00e1s espec\u00edfico posible e incluya su proximidad a una causa productora, como una planta de energ\u00eda o una refiner\u00eda.<\/li>\n<li><strong>Declaraciones de otros empleados.<\/strong> Los testigos u otros empleados que respalden sus afirmaciones deben proporcionar declaraciones. Si otro empleado sufre de una condici\u00f3n similar, esta declaraci\u00f3n es especialmente valiosa para su caso.<\/li>\n<\/ul>\n<p>Ya sea que padezca c\u00e1ncer de pulm\u00f3n, trastornos de la piel, p\u00e9rdida de la vista o del o\u00eddo, s\u00edndrome del t\u00fanel carpiano u otro problema de salud que resulte de las condiciones de su trabajo, podemos ayudarlo.<\/p>\n<h2>\u00bfQu\u00e9 es un reclamo de trauma acumulativo?<\/h2>\n<p>Muchos trabajadores sufren lesiones por estr\u00e9s repetitivo, como problemas de espalda y s\u00edndrome del t\u00fanel carpiano. Construir un reclamo exitoso basado en un trauma acumulativo es similar a construir un reclamo por enfermedad ocupacional. Su declaraci\u00f3n de hechos debe centrarse en sus actividades diarias, como cu\u00e1ntas cajas levanta cada d\u00eda y el peso de esas cajas, o cu\u00e1ntas horas pasa frente a un teclado cada d\u00eda y una descripci\u00f3n detallada de su \u00e1rea de trabajo. Aunque estas lesiones pueden ser menos evidentes que una pierna rota o un m\u00fasculo desgarrado y es poco probable que den como resultado <a title=\"Casos de Muerte de Compensaci\u00f3n de Trabajadores\" href=\"\/sp\/workers-compensation\/death-cases\/\">muerte<\/a>, su abogado de compensaci\u00f3n laboral de California puede ayudarlo a recibir una compensaci\u00f3n justa por todas sus lesiones en el lugar de trabajo.<\/p>\n<h3>Obtenga un servicio atento al cliente en asuntos de compensaci\u00f3n de trabajadores del Valle Central<\/h3>\n<p>Con m\u00e1s de 100 a\u00f1os de experiencia combinada, los abogados de P\u00e9rez, Williams, Medina y Rodr\u00edguez, LLP brindan la habilidad que requiere su caso y el servicio que usted merece. Desde nuestra oficina en Fresno, California, atendemos a clientes en todo el Valle Central, incluidos los condados de Fresno, Tulare, Madera, Merced y Kings. Se habla espa\u00f1ol. Ll\u00e1menos al 559-445-0123 para programar una consulta gratuita para analizar su caso.<\/p>\n<p>AVISO: Hacer un reclamo de compensaci\u00f3n para trabajadores falso o fraudulento es un delito sujeto a hasta 5 a\u00f1os de prisi\u00f3n o una multa de hasta $50,000 o el doble del valor del fraude, lo que sea mayor, o tanto de prisi\u00f3n como de multa.<\/p>","protected":false},"excerpt":{"rendered":"<p>Compensation for Occupational Diseases and Cumulative Trauma in the Central Valley An important element of workers\u2019 compensation in California Most workplace injuries fall into one of two categories: trauma injuries or repetitive stress injuries. A trauma injury includes sudden incidents, such as slip and fall accidents and scaffolding accidents. Repetitive stress injuries include occupational diseases<\/p>","protected":false},"author":21,"featured_media":0,"parent":31,"menu_order":3,"comment_status":"open","ping_status":"open","template":"","meta":{"footnotes":""},"class_list":["post-561","page","type-page","status-publish","hentry"],"yoast_head":"<!-- This site is optimized with the Yoast SEO plugin v26.8 - https:\/\/yoast.com\/product\/yoast-seo-wordpress\/ -->\n<title>Occupational Diseases\/Cumulative Trauma - Perez, Williams, Medina and Rodriguez<\/title>\n<meta name=\"robots\" content=\"index, follow, max-snippet:-1, max-image-preview:large, max-video-preview:-1\" \/>\n<link rel=\"canonical\" href=\"https:\/\/pwmrlaw.com\/sp\/workers-compensation\/occupational-diseases\/\" \/>\n<meta property=\"og:locale\" content=\"es_MX\" \/>\n<meta property=\"og:type\" content=\"article\" \/>\n<meta property=\"og:title\" content=\"Occupational Diseases\/Cumulative Trauma - Perez, Williams, Medina and Rodriguez\" \/>\n<meta property=\"og:description\" content=\"Compensation for Occupational Diseases and Cumulative Trauma in the Central Valley An important element of workers\u2019 compensation in California Most workplace injuries fall into one of two categories: trauma injuries or repetitive stress injuries. A trauma injury includes sudden incidents, such as slip and fall accidents and scaffolding accidents. Repetitive stress injuries include occupational diseases\" \/>\n<meta property=\"og:url\" content=\"https:\/\/pwmrlaw.com\/sp\/workers-compensation\/occupational-diseases\/\" \/>\n<meta property=\"og:site_name\" content=\"Perez, Williams, Medina and Rodriguez\" \/>\n<meta property=\"article:modified_time\" content=\"2017-08-04T18:20:05+00:00\" \/>\n<meta name=\"twitter:card\" content=\"summary_large_image\" \/>\n<meta name=\"twitter:label1\" content=\"Tiempo de lectura\" \/>\n\t<meta name=\"twitter:data1\" content=\"3 minutos\" \/>\n<script type=\"application\/ld+json\" class=\"yoast-schema-graph\">{\"@context\":\"https:\/\/schema.org\",\"@graph\":[{\"@type\":\"WebPage\",\"@id\":\"https:\/\/pwmrlaw.com\/workers-compensation\/occupational-diseases\/\",\"url\":\"https:\/\/pwmrlaw.com\/workers-compensation\/occupational-diseases\/\",\"name\":\"Occupational Diseases\/Cumulative Trauma - Perez, Williams, Medina and Rodriguez\",\"isPartOf\":{\"@id\":\"https:\/\/pwmrlaw.com\/#website\"},\"datePublished\":\"2013-07-10T18:58:54+00:00\",\"dateModified\":\"2017-08-04T18:20:05+00:00\",\"breadcrumb\":{\"@id\":\"https:\/\/pwmrlaw.com\/workers-compensation\/occupational-diseases\/#breadcrumb\"},\"inLanguage\":\"es\",\"potentialAction\":[{\"@type\":\"ReadAction\",\"target\":[\"https:\/\/pwmrlaw.com\/workers-compensation\/occupational-diseases\/\"]}]},{\"@type\":\"BreadcrumbList\",\"@id\":\"https:\/\/pwmrlaw.com\/workers-compensation\/occupational-diseases\/#breadcrumb\",\"itemListElement\":[{\"@type\":\"ListItem\",\"position\":1,\"name\":\"Home\",\"item\":\"https:\/\/pwmrlaw.com\/\"},{\"@type\":\"ListItem\",\"position\":2,\"name\":\"Workers&#8217; Compensation\",\"item\":\"https:\/\/pwmrlaw.com\/workers-compensation\/\"},{\"@type\":\"ListItem\",\"position\":3,\"name\":\"Occupational Diseases\/Cumulative Trauma\"}]},{\"@type\":\"WebSite\",\"@id\":\"https:\/\/pwmrlaw.com\/#website\",\"url\":\"https:\/\/pwmrlaw.com\/\",\"name\":\"Perez, Williams, Medina and Rodriguez\",\"description\":\"Fresno Personal Injury and Workers&#039; Compensation Attorneys\",\"potentialAction\":[{\"@type\":\"SearchAction\",\"target\":{\"@type\":\"EntryPoint\",\"urlTemplate\":\"https:\/\/pwmrlaw.com\/?s={search_term_string}\"},\"query-input\":{\"@type\":\"PropertyValueSpecification\",\"valueRequired\":true,\"valueName\":\"search_term_string\"}}],\"inLanguage\":\"es\"}]}<\/script>\n<!-- \/ Yoast SEO plugin. -->","yoast_head_json":{"title":"Occupational Diseases\/Cumulative Trauma - Perez, Williams, Medina and Rodriguez","robots":{"index":"index","follow":"follow","max-snippet":"max-snippet:-1","max-image-preview":"max-image-preview:large","max-video-preview":"max-video-preview:-1"},"canonical":"https:\/\/pwmrlaw.com\/sp\/workers-compensation\/occupational-diseases\/","og_locale":"es_MX","og_type":"article","og_title":"Occupational Diseases\/Cumulative Trauma - Perez, Williams, Medina and Rodriguez","og_description":"Compensation for Occupational Diseases and Cumulative Trauma in the Central Valley An important element of workers\u2019 compensation in California Most workplace injuries fall into one of two categories: trauma injuries or repetitive stress injuries. A trauma injury includes sudden incidents, such as slip and fall accidents and scaffolding accidents. Repetitive stress injuries include occupational diseases","og_url":"https:\/\/pwmrlaw.com\/sp\/workers-compensation\/occupational-diseases\/","og_site_name":"Perez, Williams, Medina and Rodriguez","article_modified_time":"2017-08-04T18:20:05+00:00","twitter_card":"summary_large_image","twitter_misc":{"Tiempo de lectura":"3 minutos"},"schema":{"@context":"https:\/\/schema.org","@graph":[{"@type":"WebPage","@id":"https:\/\/pwmrlaw.com\/workers-compensation\/occupational-diseases\/","url":"https:\/\/pwmrlaw.com\/workers-compensation\/occupational-diseases\/","name":"Occupational Diseases\/Cumulative Trauma - Perez, Williams, Medina and Rodriguez","isPartOf":{"@id":"https:\/\/pwmrlaw.com\/#website"},"datePublished":"2013-07-10T18:58:54+00:00","dateModified":"2017-08-04T18:20:05+00:00","breadcrumb":{"@id":"https:\/\/pwmrlaw.com\/workers-compensation\/occupational-diseases\/#breadcrumb"},"inLanguage":"es","potentialAction":[{"@type":"ReadAction","target":["https:\/\/pwmrlaw.com\/workers-compensation\/occupational-diseases\/"]}]},{"@type":"BreadcrumbList","@id":"https:\/\/pwmrlaw.com\/workers-compensation\/occupational-diseases\/#breadcrumb","itemListElement":[{"@type":"ListItem","position":1,"name":"Home","item":"https:\/\/pwmrlaw.com\/"},{"@type":"ListItem","position":2,"name":"Workers&#8217; Compensation","item":"https:\/\/pwmrlaw.com\/workers-compensation\/"},{"@type":"ListItem","position":3,"name":"Occupational Diseases\/Cumulative Trauma"}]},{"@type":"WebSite","@id":"https:\/\/pwmrlaw.com\/#website","url":"https:\/\/pwmrlaw.com\/","name":"P\u00e9rez, Williams, Medina y Rodr\u00edguez","description":"Fresno Lesiones Personales y Trabajadores&#039; Abogados de compensaci\u00f3n","potentialAction":[{"@type":"SearchAction","target":{"@type":"EntryPoint","urlTemplate":"https:\/\/pwmrlaw.com\/?s={search_term_string}"},"query-input":{"@type":"PropertyValueSpecification","valueRequired":true,"valueName":"search_term_string"}}],"inLanguage":"es"}]}},"_links":{"self":[{"href":"https:\/\/pwmrlaw.com\/sp\/wp-json\/wp\/v2\/pages\/561","targetHints":{"allow":["GET"]}}],"collection":[{"href":"https:\/\/pwmrlaw.com\/sp\/wp-json\/wp\/v2\/pages"}],"about":[{"href":"https:\/\/pwmrlaw.com\/sp\/wp-json\/wp\/v2\/types\/page"}],"author":[{"embeddable":true,"href":"https:\/\/pwmrlaw.com\/sp\/wp-json\/wp\/v2\/users\/21"}],"replies":[{"embeddable":true,"href":"https:\/\/pwmrlaw.com\/sp\/wp-json\/wp\/v2\/comments?post=561"}],"version-history":[{"count":6,"href":"https:\/\/pwmrlaw.com\/sp\/wp-json\/wp\/v2\/pages\/561\/revisions"}],"predecessor-version":[{"id":1434,"href":"https:\/\/pwmrlaw.com\/sp\/wp-json\/wp\/v2\/pages\/561\/revisions\/1434"}],"up":[{"embeddable":true,"href":"https:\/\/pwmrlaw.com\/sp\/wp-json\/wp\/v2\/pages\/31"}],"wp:attachment":[{"href":"https:\/\/pwmrlaw.com\/sp\/wp-json\/wp\/v2\/media?parent=561"}],"curies":[{"name":"wp","href":"https:\/\/api.w.org\/{rel}","templated":true}]}}