{"id":563,"date":"2013-07-10T14:59:23","date_gmt":"2013-07-10T18:59:23","guid":{"rendered":"http:\/\/perezwilliamsmedinarodriguez.thelawlinks.com\/?page_id=563"},"modified":"2017-08-04T18:20:05","modified_gmt":"2017-08-04T18:20:05","slug":"settlements","status":"publish","type":"page","link":"https:\/\/pwmrlaw.com\/sp\/workers-compensation\/settlements\/","title":{"rendered":"Acuerdos de Compensaci\u00f3n de Trabajadores"},"content":{"rendered":"<h1>Negociaci\u00f3n de acuerdos de compensaci\u00f3n para trabajadores en California<\/h1>\n<h2>Asegurar sus beneficios de compensaci\u00f3n para trabajadores sin un juicio en el Valle Central<\/h2>\n<p>Al igual que muchos asuntos de litigios civiles, las partes en un caso de compensaci\u00f3n laboral a menudo negocian y llegan a un acuerdo antes del juicio. Es posible que no obtenga todo lo que deseaba, pero su abogado de Perez, Williams, Medina &amp; Rodriguez, LLP se asegura de que el acuerdo sea justo. Tambi\u00e9n comienza a recibir sus beneficios antes y de manera m\u00e1s eficiente. La ley de California alienta la resoluci\u00f3n de casos de compensaci\u00f3n de trabajadores.<\/p>\n<h2>\u00bfC\u00f3mo se determinan los asentamientos?<\/h2>\n<p>Un arreglo es un acuerdo voluntario entre usted y la otra parte que determina el resultado de su caso y la compensaci\u00f3n por su <a title=\"Lesiones sufridas al ir y venir al trabajo\" href=\"https:\/\/pwmrlaw.com\/sp\/wp\/workers-compensation\/injuries-suffered-while-coming-and-going-to-work\/\">lesiones<\/a>. A veces, las partes llegan a un acuerdo sin la intervenci\u00f3n de un tercero y, a veces, un mediador o \u00e1rbitro facilita el acuerdo. Todos los acuerdos deben ser aprobados por el juez y deben ser consistentes con la ley de compensaci\u00f3n de trabajadores de California. A veces, las partes acuerdan un pago semanal por un per\u00edodo de tiempo determinado y, a veces, el acuerdo implica el pago de una suma global.<\/p>\n<h2>\u00bfCu\u00e1les son las reglas del estado de California para los acuerdos de compensaci\u00f3n para trabajadores?<\/h2>\n<p>En California, existen dos tipos de acuerdos previos al juicio en casos de compensaci\u00f3n laboral:<\/p>\n<ul>\n<li><strong>Hallazgo estipulado y adjudicaci\u00f3n (SF&amp;A). <\/strong>Este acuerdo implica las mismas determinaciones que har\u00eda el juez despu\u00e9s de un juicio. En California, la decisi\u00f3n del juez se llama determinaci\u00f3n y adjudicaci\u00f3n. Un SF&amp;A es esencialmente un juicio acordado que las partes redactan y luego el juez aprueba. En un SF&amp;A, las partes acuerdan el n\u00famero de semanas que <a title=\"Beneficios de la Compensaci\u00f3n de Trabajadores\" href=\"https:\/\/pwmrlaw.com\/sp\/wp\/workers-compensation\/benefits\/\">beneficios<\/a> se pagar\u00e1 y al porcentaje de invalidez, que podr\u00e1 ser del 100 por ciento. La SF&amp;A puede declarar que usted tiene derecho a recibir atenci\u00f3n m\u00e9dica en el futuro, y se pueden hacer disposiciones especiales para los honorarios de los abogados.<\/li>\n<li><strong>Compromiso y liberaci\u00f3n<\/strong> <strong>(C&amp;R).<\/strong> Este acuerdo cierra completamente el caso. No hay pagos semanales, y no hay derecho a atenci\u00f3n m\u00e9dica futura. La concesi\u00f3n del beneficio en efectivo suele ser un poco m\u00e1s alta para compensarle por la p\u00e9rdida de reembolsos m\u00e9dicos futuros. Una C&amp;R puede ser lo mejor para usted si el m\u00e9dico dice que su pron\u00f3stico m\u00e9dico futuro es bueno; si el m\u00e9dico dice que es posible que necesite una cirug\u00eda mayor m\u00e1s adelante, es posible que no sea posible realizar una C&amp;R.<\/li>\n<\/ul>\n<p>Un abogado con experiencia en compensaci\u00f3n de trabajadores de Central Valley puede responder cualquier pregunta adicional que pueda tener sobre el proceso de liquidaci\u00f3n en California.<\/p>\n<h3>Obtenga ayuda con un acuerdo de compensaci\u00f3n para trabajadores de un bufete de abogados orientado a resultados en California<\/h3>\n<p>En Perez, Williams, Medina &amp; Rodriguez, LLP, tenemos los recursos para investigar los hechos, contratar expertos y preparar su caso. Con m\u00e1s de 100 a\u00f1os de experiencia combinada, tenemos el conocimiento y la sabidur\u00eda necesarios para impulsar su caso a trav\u00e9s del sistema. <a title=\"Cont\u00e1ctenos\" href=\"https:\/\/pwmrlaw.com\/sp\/wp\/contact-us\/\">Cont\u00e1ctenos<\/a> al 559-445-0123 para programar una consulta gratuita para analizar su caso.<\/p>\n<p>AVISO: Hacer un reclamo de compensaci\u00f3n para trabajadores falso o fraudulento es un delito sujeto a hasta 5 a\u00f1os de prisi\u00f3n o una multa de hasta $50,000 o el doble del valor del fraude, lo que sea mayor, o tanto de prisi\u00f3n como de multa.<\/p>","protected":false},"excerpt":{"rendered":"<p>Negotiating Workers\u2019 Compensation Settlements in California Securing your workers\u2019 compensation benefits without a trial in the Central Valley Like many civil litigation matters, the parties in a workers\u2019 compensation case often negotiate and enter into an agreed settlement before trial. You may not get everything you wanted, but your attorney at Perez, Williams, Medina &amp;<\/p>","protected":false},"author":21,"featured_media":0,"parent":31,"menu_order":5,"comment_status":"open","ping_status":"open","template":"","meta":{"footnotes":""},"class_list":["post-563","page","type-page","status-publish","hentry"],"yoast_head":"<!-- This site is optimized with the Yoast SEO plugin v26.8 - https:\/\/yoast.com\/product\/yoast-seo-wordpress\/ -->\n<title>Workers&#039; Compensation Settlements - Perez, Williams, Medina and Rodriguez<\/title>\n<meta name=\"robots\" content=\"index, follow, max-snippet:-1, max-image-preview:large, max-video-preview:-1\" \/>\n<link rel=\"canonical\" href=\"https:\/\/pwmrlaw.com\/sp\/workers-compensation\/settlements\/\" \/>\n<meta property=\"og:locale\" content=\"es_MX\" \/>\n<meta property=\"og:type\" content=\"article\" \/>\n<meta property=\"og:title\" content=\"Workers&#039; Compensation Settlements - Perez, Williams, Medina and Rodriguez\" \/>\n<meta property=\"og:description\" content=\"Negotiating Workers\u2019 Compensation Settlements in California Securing your workers\u2019 compensation benefits without a trial in the Central Valley Like many civil litigation matters, the parties in a workers\u2019 compensation case often negotiate and enter into an agreed settlement before trial. You may not get everything you wanted, but your attorney at Perez, Williams, Medina &amp;\" \/>\n<meta property=\"og:url\" content=\"https:\/\/pwmrlaw.com\/sp\/workers-compensation\/settlements\/\" \/>\n<meta property=\"og:site_name\" content=\"Perez, Williams, Medina and Rodriguez\" \/>\n<meta property=\"article:modified_time\" content=\"2017-08-04T18:20:05+00:00\" \/>\n<meta name=\"twitter:card\" content=\"summary_large_image\" \/>\n<meta name=\"twitter:label1\" content=\"Tiempo de lectura\" \/>\n\t<meta name=\"twitter:data1\" content=\"3 minutos\" \/>\n<script type=\"application\/ld+json\" class=\"yoast-schema-graph\">{\"@context\":\"https:\/\/schema.org\",\"@graph\":[{\"@type\":\"WebPage\",\"@id\":\"https:\/\/pwmrlaw.com\/workers-compensation\/settlements\/\",\"url\":\"https:\/\/pwmrlaw.com\/workers-compensation\/settlements\/\",\"name\":\"Workers' Compensation Settlements - Perez, Williams, Medina and Rodriguez\",\"isPartOf\":{\"@id\":\"https:\/\/pwmrlaw.com\/#website\"},\"datePublished\":\"2013-07-10T18:59:23+00:00\",\"dateModified\":\"2017-08-04T18:20:05+00:00\",\"breadcrumb\":{\"@id\":\"https:\/\/pwmrlaw.com\/workers-compensation\/settlements\/#breadcrumb\"},\"inLanguage\":\"es\",\"potentialAction\":[{\"@type\":\"ReadAction\",\"target\":[\"https:\/\/pwmrlaw.com\/workers-compensation\/settlements\/\"]}]},{\"@type\":\"BreadcrumbList\",\"@id\":\"https:\/\/pwmrlaw.com\/workers-compensation\/settlements\/#breadcrumb\",\"itemListElement\":[{\"@type\":\"ListItem\",\"position\":1,\"name\":\"Home\",\"item\":\"https:\/\/pwmrlaw.com\/\"},{\"@type\":\"ListItem\",\"position\":2,\"name\":\"Workers&#8217; Compensation\",\"item\":\"https:\/\/pwmrlaw.com\/workers-compensation\/\"},{\"@type\":\"ListItem\",\"position\":3,\"name\":\"Workers&#8217; Compensation Settlements\"}]},{\"@type\":\"WebSite\",\"@id\":\"https:\/\/pwmrlaw.com\/#website\",\"url\":\"https:\/\/pwmrlaw.com\/\",\"name\":\"Perez, Williams, Medina and Rodriguez\",\"description\":\"Fresno Personal Injury and Workers&#039; Compensation Attorneys\",\"potentialAction\":[{\"@type\":\"SearchAction\",\"target\":{\"@type\":\"EntryPoint\",\"urlTemplate\":\"https:\/\/pwmrlaw.com\/?s={search_term_string}\"},\"query-input\":{\"@type\":\"PropertyValueSpecification\",\"valueRequired\":true,\"valueName\":\"search_term_string\"}}],\"inLanguage\":\"es\"}]}<\/script>\n<!-- \/ Yoast SEO plugin. -->","yoast_head_json":{"title":"Workers' Compensation Settlements - Perez, Williams, Medina and Rodriguez","robots":{"index":"index","follow":"follow","max-snippet":"max-snippet:-1","max-image-preview":"max-image-preview:large","max-video-preview":"max-video-preview:-1"},"canonical":"https:\/\/pwmrlaw.com\/sp\/workers-compensation\/settlements\/","og_locale":"es_MX","og_type":"article","og_title":"Workers' Compensation Settlements - Perez, Williams, Medina and Rodriguez","og_description":"Negotiating Workers\u2019 Compensation Settlements in California Securing your workers\u2019 compensation benefits without a trial in the Central Valley Like many civil litigation matters, the parties in a workers\u2019 compensation case often negotiate and enter into an agreed settlement before trial. You may not get everything you wanted, but your attorney at Perez, Williams, Medina &amp;","og_url":"https:\/\/pwmrlaw.com\/sp\/workers-compensation\/settlements\/","og_site_name":"Perez, Williams, Medina and Rodriguez","article_modified_time":"2017-08-04T18:20:05+00:00","twitter_card":"summary_large_image","twitter_misc":{"Tiempo de lectura":"3 minutos"},"schema":{"@context":"https:\/\/schema.org","@graph":[{"@type":"WebPage","@id":"https:\/\/pwmrlaw.com\/workers-compensation\/settlements\/","url":"https:\/\/pwmrlaw.com\/workers-compensation\/settlements\/","name":"Workers' Compensation Settlements - Perez, Williams, Medina and Rodriguez","isPartOf":{"@id":"https:\/\/pwmrlaw.com\/#website"},"datePublished":"2013-07-10T18:59:23+00:00","dateModified":"2017-08-04T18:20:05+00:00","breadcrumb":{"@id":"https:\/\/pwmrlaw.com\/workers-compensation\/settlements\/#breadcrumb"},"inLanguage":"es","potentialAction":[{"@type":"ReadAction","target":["https:\/\/pwmrlaw.com\/workers-compensation\/settlements\/"]}]},{"@type":"BreadcrumbList","@id":"https:\/\/pwmrlaw.com\/workers-compensation\/settlements\/#breadcrumb","itemListElement":[{"@type":"ListItem","position":1,"name":"Home","item":"https:\/\/pwmrlaw.com\/"},{"@type":"ListItem","position":2,"name":"Workers&#8217; Compensation","item":"https:\/\/pwmrlaw.com\/workers-compensation\/"},{"@type":"ListItem","position":3,"name":"Workers&#8217; Compensation Settlements"}]},{"@type":"WebSite","@id":"https:\/\/pwmrlaw.com\/#website","url":"https:\/\/pwmrlaw.com\/","name":"P\u00e9rez, Williams, Medina y Rodr\u00edguez","description":"Fresno Lesiones Personales y Trabajadores&#039; Abogados de compensaci\u00f3n","potentialAction":[{"@type":"SearchAction","target":{"@type":"EntryPoint","urlTemplate":"https:\/\/pwmrlaw.com\/?s={search_term_string}"},"query-input":{"@type":"PropertyValueSpecification","valueRequired":true,"valueName":"search_term_string"}}],"inLanguage":"es"}]}},"_links":{"self":[{"href":"https:\/\/pwmrlaw.com\/sp\/wp-json\/wp\/v2\/pages\/563","targetHints":{"allow":["GET"]}}],"collection":[{"href":"https:\/\/pwmrlaw.com\/sp\/wp-json\/wp\/v2\/pages"}],"about":[{"href":"https:\/\/pwmrlaw.com\/sp\/wp-json\/wp\/v2\/types\/page"}],"author":[{"embeddable":true,"href":"https:\/\/pwmrlaw.com\/sp\/wp-json\/wp\/v2\/users\/21"}],"replies":[{"embeddable":true,"href":"https:\/\/pwmrlaw.com\/sp\/wp-json\/wp\/v2\/comments?post=563"}],"version-history":[{"count":6,"href":"https:\/\/pwmrlaw.com\/sp\/wp-json\/wp\/v2\/pages\/563\/revisions"}],"predecessor-version":[{"id":1436,"href":"https:\/\/pwmrlaw.com\/sp\/wp-json\/wp\/v2\/pages\/563\/revisions\/1436"}],"up":[{"embeddable":true,"href":"https:\/\/pwmrlaw.com\/sp\/wp-json\/wp\/v2\/pages\/31"}],"wp:attachment":[{"href":"https:\/\/pwmrlaw.com\/sp\/wp-json\/wp\/v2\/media?parent=563"}],"curies":[{"name":"wp","href":"https:\/\/api.w.org\/{rel}","templated":true}]}}