{"id":565,"date":"2013-07-10T14:59:49","date_gmt":"2013-07-10T18:59:49","guid":{"rendered":"http:\/\/perezwilliamsmedinarodriguez.thelawlinks.com\/?page_id=565"},"modified":"2019-04-22T10:51:01","modified_gmt":"2019-04-22T17:51:01","slug":"injuries-suffered-while-coming-and-going-to-work","status":"publish","type":"page","link":"https:\/\/pwmrlaw.com\/sp\/workers-compensation\/injuries-suffered-while-coming-and-going-to-work\/","title":{"rendered":"Lesiones sufridas al ir y venir al trabajo"},"content":{"rendered":"<div class=\"fusion-fullwidth fullwidth-box fusion-builder-row-1 nonhundred-percent-fullwidth non-hundred-percent-height-scrolling\" style=\"--awb-border-radius-top-left:0px;--awb-border-radius-top-right:0px;--awb-border-radius-bottom-right:0px;--awb-border-radius-bottom-left:0px;--awb-flex-wrap:wrap;\" ><div class=\"fusion-builder-row fusion-row\"><div class=\"fusion-layout-column fusion_builder_column fusion-builder-column-0 fusion_builder_column_1_1 1_1 fusion-one-full fusion-column-first fusion-column-last\" style=\"--awb-bg-size:cover;--awb-margin-bottom:0px;\"><div class=\"fusion-column-wrapper fusion-flex-column-wrapper-legacy\"><div class=\"fusion-text fusion-text-1\"><p>The great majority of Californians who work, drive to work in their personal vehicles. Since these individuals drive their own personal vehicles to work, they also drive their personal vehicles home from work.<\/p>\n<p>What if a person who drives to work in their personal vehicle and drives home from work in their personal vehicle is involved in a motor vehicle accident while driving either to work or home from work, and sustains injuries in that motor vehicle accident, is that person covered by workers\u2019 compensation?<\/p>\n<p>This question is of great importance because many motor vehicle accidents occur while a worker is commuting to work or home from work. The answer to this question under the GENERAL Rule of California Workers\u2019 Compensation law is quite simple &#8211; NO they are not covered by workers compensation law.<\/p>\n<p>It should be noted, however, that the statement that such a person would not be covered by workers\u2019 compensation is only a &#8220;GENERAL RULE&#8221;, and there are there are many, many &#8220;EXCEPTIONS&#8221;, to this general rule.<\/p>\n<p>The general rule referred to above that denies workers compensation benefits to workers injured while traveling to work and home from work is often referred to as the &#8220;GOING AND COMING RULE&#8221;. This general rule is based upon the premise that an employer derives no benefit during the period of time in which an employee is engaged in an ordinary commute to and from work.<\/p>\n<p>However, as noted above, there are numerous &#8220;EXCEPTIONS&#8221; to this GENERAL RULE. If any one of the MANY EXCEPTIONS to the general rule applies, then an employee who is injured while traveling to or from work is covered by workers compensation and is entitled to workers compensation benefits.<\/p>\n<p>The practical result of any EXCEPTION to the general rule applying to a factual scenario, is that an employee is covered by workers\u2019 compensation from the time they leave home to go to work, until they arrive at home after work.<\/p>\n<p>In reality, the EXCEPTIONS to the general rule apply to more factual situations than does the general rule. Nevertheless, employers and their insurance companies will usually deny any claim arising out of a motor vehicle accident in which an employee sustains injuries while traveling to work or home from work.<\/p>\n<h2>So what are these EXCEPTIONS to the &#8220;Going and Coming Rule&#8221;?<\/h2>\n<p>As mentioned above there are many EXCEPTIONS. The most commonly applied exceptions are discussed below.<\/p>\n<h3>Scenario 1.<\/h3>\n<p>Employee is injured on his way to work [or on his way home from work].\u00a0 The employer has several jobsites.\u00a0 There is a history of this employee working at least once per week at two different jobsites on the same day.\u00a0 The jobsites are more than one-half mile apart from each other and the employer does not provide transportation between these jobsites when the employee moves from one jobsites to the other.<\/p>\n<p>This employee&#8217;s injury is covered by workers compensation because having his personal vehicle available at work is an &#8220;implied condition of employment&#8221;.\u00a0See <u>Hinojosa<\/u>\u00a0v. <u>W.C.A.B.<\/u><u>(1972) 8 C.3d 150, 104 Cal.Rptr. 456, 37 C.C.C. 734<\/u><\/p>\n<h3>Scenario 2.<\/h3>\n<p>Employee is a farm worker who is injured in a motor vehicle accident while riding as a passenger in a van that is taking him to work [or home from work].\u00a0 The foreman at the time that he hired this farm worker was aware that the farm worker did not have transportation to get to the worksite.\u00a0Because of this the foreman, at the time the hired this employee, assigned this employee to ride to work with a particular individual who owned a van.\u00a0 The farm worker then pays the owner of the van $5 dollars per day for being taken to the job site and back to his home at the end of the workday.<\/p>\n<p>This employee&#8217;s injury is covered by workers compensation because the foreman has been directly involved in arranging the transportation of this employee to work.<\/p>\n<p>See <u>Travertine Vineyard Association<\/u>\u00a0v. <u>WCAB<\/u>(<u>1976) 41 Cal. Comp 357<\/u> and <u>Zenith Insurance Company<\/u> v. <u>WCAB (1984) 49 Cal. Comp. 584<\/u><\/p>\n<h3>Scenario 3.<\/h3>\n<p>Employee is injured on his way to work [or on his way home from work].\u00a0 Although there is no express or implied requirement that the employee use their own vehicle to run errands for the employer, a practice has developed where the employee does on a regular basis use his own vehicle in order to run those errands.<\/p>\n<p>This employee&#8217;s injury is covered by workers compensation because using his personal vehicle has become an &#8220;accommodation&#8221; to the employer. See <u>County of Tulare<\/u>\u00a0v. <u>W.C.A.B<\/u>.;Caires <em>\u00a0<\/em>(1985) 170 C.A.3d 1247, 216Cal.Rptr. 885, 50 C.C.C. 435.<\/p>\n<p>Robert F. Perez, the senior partner and founder of PEREZ, WILLIAMS, MEDINA &amp; RODRIGUEZ specializes in litigating the going and coming rule and its exceptions. Mr. Perez in his 46 years of litigating going and coming cases has only lost one case.<\/p>\n<p>Should you, a family member or a friend be involved in the motor vehicle accident while traveling to or from work you should consult Mr. Perez or one of the other experienced attorneys at PEREZ, WILLIAMS MEDINA and RODRIGUEZ for a free analysis of your case.<\/p>\n<p>Do not believe your employer, supervisor or their insurance company when they tell you that your motor vehicle accident is not covered by workers compensation!<\/p>\n<\/div><div class=\"fusion-clearfix\"><\/div><\/div><\/div><\/div><\/div>\n","protected":false},"excerpt":{"rendered":"","protected":false},"author":21,"featured_media":0,"parent":31,"menu_order":4,"comment_status":"open","ping_status":"open","template":"","meta":{"footnotes":""},"class_list":["post-565","page","type-page","status-publish","hentry"],"yoast_head":"<!-- This site is optimized with the Yoast SEO plugin v26.8 - https:\/\/yoast.com\/product\/yoast-seo-wordpress\/ -->\n<title>Injuries Suffered While Coming and Going to Work - Perez, Williams, Medina and Rodriguez<\/title>\n<meta name=\"robots\" content=\"index, follow, max-snippet:-1, max-image-preview:large, max-video-preview:-1\" \/>\n<link rel=\"canonical\" href=\"https:\/\/pwmrlaw.com\/sp\/workers-compensation\/injuries-suffered-while-coming-and-going-to-work\/\" \/>\n<meta property=\"og:locale\" content=\"es_MX\" \/>\n<meta property=\"og:type\" content=\"article\" \/>\n<meta property=\"og:title\" content=\"Injuries Suffered While Coming and Going to Work - Perez, Williams, Medina and Rodriguez\" \/>\n<meta property=\"og:url\" content=\"https:\/\/pwmrlaw.com\/sp\/workers-compensation\/injuries-suffered-while-coming-and-going-to-work\/\" \/>\n<meta property=\"og:site_name\" content=\"Perez, Williams, Medina and Rodriguez\" \/>\n<meta property=\"article:modified_time\" content=\"2019-04-22T17:51:01+00:00\" \/>\n<meta name=\"twitter:card\" content=\"summary_large_image\" \/>\n<meta name=\"twitter:label1\" content=\"Tiempo de lectura\" \/>\n\t<meta name=\"twitter:data1\" content=\"5 minutos\" \/>\n<script type=\"application\/ld+json\" class=\"yoast-schema-graph\">{\"@context\":\"https:\/\/schema.org\",\"@graph\":[{\"@type\":\"WebPage\",\"@id\":\"https:\/\/pwmrlaw.com\/workers-compensation\/injuries-suffered-while-coming-and-going-to-work\/\",\"url\":\"https:\/\/pwmrlaw.com\/workers-compensation\/injuries-suffered-while-coming-and-going-to-work\/\",\"name\":\"Injuries Suffered While Coming and Going to Work - Perez, Williams, Medina and Rodriguez\",\"isPartOf\":{\"@id\":\"https:\/\/pwmrlaw.com\/#website\"},\"datePublished\":\"2013-07-10T18:59:49+00:00\",\"dateModified\":\"2019-04-22T17:51:01+00:00\",\"breadcrumb\":{\"@id\":\"https:\/\/pwmrlaw.com\/workers-compensation\/injuries-suffered-while-coming-and-going-to-work\/#breadcrumb\"},\"inLanguage\":\"es\",\"potentialAction\":[{\"@type\":\"ReadAction\",\"target\":[\"https:\/\/pwmrlaw.com\/workers-compensation\/injuries-suffered-while-coming-and-going-to-work\/\"]}]},{\"@type\":\"BreadcrumbList\",\"@id\":\"https:\/\/pwmrlaw.com\/workers-compensation\/injuries-suffered-while-coming-and-going-to-work\/#breadcrumb\",\"itemListElement\":[{\"@type\":\"ListItem\",\"position\":1,\"name\":\"Home\",\"item\":\"https:\/\/pwmrlaw.com\/\"},{\"@type\":\"ListItem\",\"position\":2,\"name\":\"Workers&#8217; Compensation\",\"item\":\"https:\/\/pwmrlaw.com\/workers-compensation\/\"},{\"@type\":\"ListItem\",\"position\":3,\"name\":\"Injuries Suffered While Coming and Going to Work\"}]},{\"@type\":\"WebSite\",\"@id\":\"https:\/\/pwmrlaw.com\/#website\",\"url\":\"https:\/\/pwmrlaw.com\/\",\"name\":\"Perez, Williams, Medina and Rodriguez\",\"description\":\"Fresno Personal Injury and Workers&#039; Compensation Attorneys\",\"potentialAction\":[{\"@type\":\"SearchAction\",\"target\":{\"@type\":\"EntryPoint\",\"urlTemplate\":\"https:\/\/pwmrlaw.com\/?s={search_term_string}\"},\"query-input\":{\"@type\":\"PropertyValueSpecification\",\"valueRequired\":true,\"valueName\":\"search_term_string\"}}],\"inLanguage\":\"es\"}]}<\/script>\n<!-- \/ Yoast SEO plugin. -->","yoast_head_json":{"title":"Injuries Suffered While Coming and Going to Work - Perez, Williams, Medina and Rodriguez","robots":{"index":"index","follow":"follow","max-snippet":"max-snippet:-1","max-image-preview":"max-image-preview:large","max-video-preview":"max-video-preview:-1"},"canonical":"https:\/\/pwmrlaw.com\/sp\/workers-compensation\/injuries-suffered-while-coming-and-going-to-work\/","og_locale":"es_MX","og_type":"article","og_title":"Injuries Suffered While Coming and Going to Work - Perez, Williams, Medina and Rodriguez","og_url":"https:\/\/pwmrlaw.com\/sp\/workers-compensation\/injuries-suffered-while-coming-and-going-to-work\/","og_site_name":"Perez, Williams, Medina and Rodriguez","article_modified_time":"2019-04-22T17:51:01+00:00","twitter_card":"summary_large_image","twitter_misc":{"Tiempo de lectura":"5 minutos"},"schema":{"@context":"https:\/\/schema.org","@graph":[{"@type":"WebPage","@id":"https:\/\/pwmrlaw.com\/workers-compensation\/injuries-suffered-while-coming-and-going-to-work\/","url":"https:\/\/pwmrlaw.com\/workers-compensation\/injuries-suffered-while-coming-and-going-to-work\/","name":"Injuries Suffered While Coming and Going to Work - Perez, Williams, Medina and Rodriguez","isPartOf":{"@id":"https:\/\/pwmrlaw.com\/#website"},"datePublished":"2013-07-10T18:59:49+00:00","dateModified":"2019-04-22T17:51:01+00:00","breadcrumb":{"@id":"https:\/\/pwmrlaw.com\/workers-compensation\/injuries-suffered-while-coming-and-going-to-work\/#breadcrumb"},"inLanguage":"es","potentialAction":[{"@type":"ReadAction","target":["https:\/\/pwmrlaw.com\/workers-compensation\/injuries-suffered-while-coming-and-going-to-work\/"]}]},{"@type":"BreadcrumbList","@id":"https:\/\/pwmrlaw.com\/workers-compensation\/injuries-suffered-while-coming-and-going-to-work\/#breadcrumb","itemListElement":[{"@type":"ListItem","position":1,"name":"Home","item":"https:\/\/pwmrlaw.com\/"},{"@type":"ListItem","position":2,"name":"Workers&#8217; Compensation","item":"https:\/\/pwmrlaw.com\/workers-compensation\/"},{"@type":"ListItem","position":3,"name":"Injuries Suffered While Coming and Going to Work"}]},{"@type":"WebSite","@id":"https:\/\/pwmrlaw.com\/#website","url":"https:\/\/pwmrlaw.com\/","name":"P\u00e9rez, Williams, Medina y Rodr\u00edguez","description":"Fresno Lesiones Personales y Trabajadores&#039; Abogados de compensaci\u00f3n","potentialAction":[{"@type":"SearchAction","target":{"@type":"EntryPoint","urlTemplate":"https:\/\/pwmrlaw.com\/?s={search_term_string}"},"query-input":{"@type":"PropertyValueSpecification","valueRequired":true,"valueName":"search_term_string"}}],"inLanguage":"es"}]}},"_links":{"self":[{"href":"https:\/\/pwmrlaw.com\/sp\/wp-json\/wp\/v2\/pages\/565","targetHints":{"allow":["GET"]}}],"collection":[{"href":"https:\/\/pwmrlaw.com\/sp\/wp-json\/wp\/v2\/pages"}],"about":[{"href":"https:\/\/pwmrlaw.com\/sp\/wp-json\/wp\/v2\/types\/page"}],"author":[{"embeddable":true,"href":"https:\/\/pwmrlaw.com\/sp\/wp-json\/wp\/v2\/users\/21"}],"replies":[{"embeddable":true,"href":"https:\/\/pwmrlaw.com\/sp\/wp-json\/wp\/v2\/comments?post=565"}],"version-history":[{"count":10,"href":"https:\/\/pwmrlaw.com\/sp\/wp-json\/wp\/v2\/pages\/565\/revisions"}],"predecessor-version":[{"id":1798,"href":"https:\/\/pwmrlaw.com\/sp\/wp-json\/wp\/v2\/pages\/565\/revisions\/1798"}],"up":[{"embeddable":true,"href":"https:\/\/pwmrlaw.com\/sp\/wp-json\/wp\/v2\/pages\/31"}],"wp:attachment":[{"href":"https:\/\/pwmrlaw.com\/sp\/wp-json\/wp\/v2\/media?parent=565"}],"curies":[{"name":"wp","href":"https:\/\/api.w.org\/{rel}","templated":true}]}}