{"id":567,"date":"2013-07-10T15:00:12","date_gmt":"2013-07-10T19:00:12","guid":{"rendered":"http:\/\/perezwilliamsmedinarodriguez.thelawlinks.com\/?page_id=567"},"modified":"2025-07-22T10:02:24","modified_gmt":"2025-07-22T17:02:24","slug":"rights-of-injured-workers","status":"publish","type":"page","link":"https:\/\/pwmrlaw.com\/sp\/workers-compensation\/rights-of-injured-workers\/","title":{"rendered":"Derechos de los trabajadores lesionados"},"content":{"rendered":"<div class=\"fusion-fullwidth fullwidth-box fusion-builder-row-1 fusion-flex-container nonhundred-percent-fullwidth non-hundred-percent-height-scrolling\" style=\"--awb-border-radius-top-left:0px;--awb-border-radius-top-right:0px;--awb-border-radius-bottom-right:0px;--awb-border-radius-bottom-left:0px;--awb-flex-wrap:wrap;\" ><div class=\"fusion-builder-row fusion-row fusion-flex-align-items-flex-start fusion-flex-content-wrap\" style=\"max-width:960px;margin-left: calc(-0% \/ 2 );margin-right: calc(-0% \/ 2 );\"><div class=\"fusion-layout-column fusion_builder_column fusion-builder-column-0 fusion_builder_column_1_1 1_1 fusion-flex-column\" style=\"--awb-bg-size:cover;--awb-width-large:100%;--awb-margin-top-large:0px;--awb-spacing-right-large:0%;--awb-margin-bottom-large:0px;--awb-spacing-left-large:0%;--awb-width-medium:100%;--awb-spacing-right-medium:0%;--awb-spacing-left-medium:0%;--awb-width-small:100%;--awb-spacing-right-small:0%;--awb-spacing-left-small:0%;\"><div class=\"fusion-column-wrapper fusion-flex-justify-content-flex-start fusion-content-layout-column\"><div class=\"fusion-text fusion-text-1\"><h1>Abogados expertos que protegen diligentemente los derechos de los trabajadores lesionados en el Valle Central<\/h1>\n<h2>Proporcionar representaci\u00f3n m\u00e1s all\u00e1 de la compensaci\u00f3n de los trabajadores<\/h2>\n<p>Un trabajador lesionado en California es elegible para recibir compensaci\u00f3n laboral en la mayor\u00eda de los casos. La compensaci\u00f3n para trabajadores generalmente paga las facturas m\u00e9dicas y los salarios perdidos. Adem\u00e1s, los trabajadores lesionados pueden demandar a sus empleadores para recuperar da\u00f1os adicionales. Un abogado con experiencia en Perez, Williams, Medina &amp; Rodriguez, LLP no puede hacer retroceder el reloj y revertir su lesi\u00f3n, pero un abogado puede luchar por usted para ayudarlo a recibir una compensaci\u00f3n justa por todas sus p\u00e9rdidas.<\/p>\n<h2>\u00bfCu\u00e1ndo puedo demandar a mi empleador fuera de la compensaci\u00f3n para trabajadores?<\/h2>\n<p>Desde la primera naci\u00f3n <a href=\"https:\/\/pwmrlaw.com\/sp\/wp\/workers-compensation\/\">compensaci\u00f3n de trabajadores<\/a> ley a principios de 1900, ha habido una compensaci\u00f3n entre el trabajo y la administraci\u00f3n: el trabajador no tiene que probar la responsabilidad y el empleador es inmune a una demanda. En algunos casos, la ley de California a\u00fan puede permitir que un trabajador lesionado del Valle Central presente una demanda si:<\/p>\n<ul>\n<li>Su lesi\u00f3n result\u00f3 de la conducta intencional o atroz del empleador.<\/li>\n<li>Su empleador no tiene seguro de compensaci\u00f3n para trabajadores.<\/li>\n<\/ul>\n<p>El hecho de que su lesi\u00f3n haya ocurrido en el trabajo no significa necesariamente que el empleador sea el \u00fanico responsable. Podemos ayudarlo a identificar a un tercero responsable, como un compa\u00f1ero de trabajo o un conductor. Si se lesion\u00f3 en el Valle Central debido a una sustancia t\u00f3xica, puede presentar un reclamo contra el fabricante de esa sustancia. Del mismo modo, si result\u00f3 lesionado por un producto defectuoso, puede presentar un reclamo contra el fabricante del producto.<\/p>\n<h2>\u00bfQu\u00e9 da\u00f1os podr\u00eda recibir?<\/h2>\n<p>Even if you are limited to workers\u2019 compensation, you may still be eligible for health insurance benefits or other benefits. If you sue your employer in court, you may be able to recover money damages for your pain and suffering, money to compensate you for disfiguring injuries, and damages for loss of consortium and loss of comfort. If the jury finds that your employer\u2019s conduct was intentional or egregious, you may also be awarded punitive damages to punish the employer and deter future wrongful conduct. An experienced <a href=\"https:\/\/pwmrlaw.com\/sp\/wp\/personal-injury\/\">abogado de lesiones personales<\/a>&nbsp;puede evaluar su caso y ofrecer una evaluaci\u00f3n justa de los da\u00f1os que podr\u00eda esperar recuperar.<\/p>\n<h3>Con\u00e9ctese con un bufete de abogados de Fresno con un pasado exitoso que lo ayude con su reclamo<\/h3>\n<p>Perez, Williams, Medina &amp; Rodriguez, LLP es un bufete de abogados con sede en Fresno que cuenta con los recursos para procesar por completo su demanda por lesiones personales. Tenemos un legado de obtener resultados exitosos para clientes satisfechos. <a href=\"https:\/\/pwmrlaw.com\/sp\/wp\/contact-us\/\">Contacto<\/a> our personal injury and workers\u2019 compensation law firm at&nbsp;559-445-0123 to schedule a free consultation to discuss your case.<\/p>\n<\/div><\/div><\/div><\/div><\/div>","protected":false},"excerpt":{"rendered":"","protected":false},"author":21,"featured_media":0,"parent":31,"menu_order":6,"comment_status":"open","ping_status":"open","template":"","meta":{"footnotes":""},"class_list":["post-567","page","type-page","status-publish","hentry"],"yoast_head":"<!-- This site is optimized with the Yoast SEO plugin v26.8 - https:\/\/yoast.com\/product\/yoast-seo-wordpress\/ -->\n<title>Rights of Injured Workers - Perez, Williams, Medina and Rodriguez<\/title>\n<meta name=\"robots\" content=\"index, follow, max-snippet:-1, max-image-preview:large, max-video-preview:-1\" \/>\n<link rel=\"canonical\" href=\"https:\/\/pwmrlaw.com\/sp\/workers-compensation\/rights-of-injured-workers\/\" \/>\n<meta property=\"og:locale\" content=\"es_MX\" \/>\n<meta property=\"og:type\" content=\"article\" \/>\n<meta property=\"og:title\" content=\"Rights of Injured Workers - Perez, Williams, Medina and Rodriguez\" \/>\n<meta property=\"og:url\" content=\"https:\/\/pwmrlaw.com\/sp\/workers-compensation\/rights-of-injured-workers\/\" \/>\n<meta property=\"og:site_name\" content=\"Perez, Williams, Medina and Rodriguez\" \/>\n<meta property=\"article:modified_time\" content=\"2025-07-22T17:02:24+00:00\" \/>\n<meta name=\"twitter:card\" content=\"summary_large_image\" \/>\n<meta name=\"twitter:label1\" content=\"Tiempo de lectura\" \/>\n\t<meta name=\"twitter:data1\" content=\"3 minutos\" \/>\n<script type=\"application\/ld+json\" class=\"yoast-schema-graph\">{\"@context\":\"https:\/\/schema.org\",\"@graph\":[{\"@type\":\"WebPage\",\"@id\":\"https:\/\/pwmrlaw.com\/workers-compensation\/rights-of-injured-workers\/\",\"url\":\"https:\/\/pwmrlaw.com\/workers-compensation\/rights-of-injured-workers\/\",\"name\":\"Rights of Injured Workers - Perez, Williams, Medina and Rodriguez\",\"isPartOf\":{\"@id\":\"https:\/\/pwmrlaw.com\/#website\"},\"datePublished\":\"2013-07-10T19:00:12+00:00\",\"dateModified\":\"2025-07-22T17:02:24+00:00\",\"breadcrumb\":{\"@id\":\"https:\/\/pwmrlaw.com\/workers-compensation\/rights-of-injured-workers\/#breadcrumb\"},\"inLanguage\":\"es\",\"potentialAction\":[{\"@type\":\"ReadAction\",\"target\":[\"https:\/\/pwmrlaw.com\/workers-compensation\/rights-of-injured-workers\/\"]}]},{\"@type\":\"BreadcrumbList\",\"@id\":\"https:\/\/pwmrlaw.com\/workers-compensation\/rights-of-injured-workers\/#breadcrumb\",\"itemListElement\":[{\"@type\":\"ListItem\",\"position\":1,\"name\":\"Home\",\"item\":\"https:\/\/pwmrlaw.com\/\"},{\"@type\":\"ListItem\",\"position\":2,\"name\":\"Workers&#8217; Compensation\",\"item\":\"https:\/\/pwmrlaw.com\/workers-compensation\/\"},{\"@type\":\"ListItem\",\"position\":3,\"name\":\"Rights of Injured Workers\"}]},{\"@type\":\"WebSite\",\"@id\":\"https:\/\/pwmrlaw.com\/#website\",\"url\":\"https:\/\/pwmrlaw.com\/\",\"name\":\"Perez, Williams, Medina and Rodriguez\",\"description\":\"Fresno Personal Injury and Workers&#039; Compensation Attorneys\",\"potentialAction\":[{\"@type\":\"SearchAction\",\"target\":{\"@type\":\"EntryPoint\",\"urlTemplate\":\"https:\/\/pwmrlaw.com\/?s={search_term_string}\"},\"query-input\":{\"@type\":\"PropertyValueSpecification\",\"valueRequired\":true,\"valueName\":\"search_term_string\"}}],\"inLanguage\":\"es\"}]}<\/script>\n<!-- \/ Yoast SEO plugin. -->","yoast_head_json":{"title":"Rights of Injured Workers - Perez, Williams, Medina and Rodriguez","robots":{"index":"index","follow":"follow","max-snippet":"max-snippet:-1","max-image-preview":"max-image-preview:large","max-video-preview":"max-video-preview:-1"},"canonical":"https:\/\/pwmrlaw.com\/sp\/workers-compensation\/rights-of-injured-workers\/","og_locale":"es_MX","og_type":"article","og_title":"Rights of Injured Workers - Perez, Williams, Medina and Rodriguez","og_url":"https:\/\/pwmrlaw.com\/sp\/workers-compensation\/rights-of-injured-workers\/","og_site_name":"Perez, Williams, Medina and Rodriguez","article_modified_time":"2025-07-22T17:02:24+00:00","twitter_card":"summary_large_image","twitter_misc":{"Tiempo de lectura":"3 minutos"},"schema":{"@context":"https:\/\/schema.org","@graph":[{"@type":"WebPage","@id":"https:\/\/pwmrlaw.com\/workers-compensation\/rights-of-injured-workers\/","url":"https:\/\/pwmrlaw.com\/workers-compensation\/rights-of-injured-workers\/","name":"Rights of Injured Workers - Perez, Williams, Medina and Rodriguez","isPartOf":{"@id":"https:\/\/pwmrlaw.com\/#website"},"datePublished":"2013-07-10T19:00:12+00:00","dateModified":"2025-07-22T17:02:24+00:00","breadcrumb":{"@id":"https:\/\/pwmrlaw.com\/workers-compensation\/rights-of-injured-workers\/#breadcrumb"},"inLanguage":"es","potentialAction":[{"@type":"ReadAction","target":["https:\/\/pwmrlaw.com\/workers-compensation\/rights-of-injured-workers\/"]}]},{"@type":"BreadcrumbList","@id":"https:\/\/pwmrlaw.com\/workers-compensation\/rights-of-injured-workers\/#breadcrumb","itemListElement":[{"@type":"ListItem","position":1,"name":"Home","item":"https:\/\/pwmrlaw.com\/"},{"@type":"ListItem","position":2,"name":"Workers&#8217; Compensation","item":"https:\/\/pwmrlaw.com\/workers-compensation\/"},{"@type":"ListItem","position":3,"name":"Rights of Injured Workers"}]},{"@type":"WebSite","@id":"https:\/\/pwmrlaw.com\/#website","url":"https:\/\/pwmrlaw.com\/","name":"P\u00e9rez, Williams, Medina y Rodr\u00edguez","description":"Fresno Lesiones Personales y Trabajadores&#039; Abogados de compensaci\u00f3n","potentialAction":[{"@type":"SearchAction","target":{"@type":"EntryPoint","urlTemplate":"https:\/\/pwmrlaw.com\/?s={search_term_string}"},"query-input":{"@type":"PropertyValueSpecification","valueRequired":true,"valueName":"search_term_string"}}],"inLanguage":"es"}]}},"_links":{"self":[{"href":"https:\/\/pwmrlaw.com\/sp\/wp-json\/wp\/v2\/pages\/567","targetHints":{"allow":["GET"]}}],"collection":[{"href":"https:\/\/pwmrlaw.com\/sp\/wp-json\/wp\/v2\/pages"}],"about":[{"href":"https:\/\/pwmrlaw.com\/sp\/wp-json\/wp\/v2\/types\/page"}],"author":[{"embeddable":true,"href":"https:\/\/pwmrlaw.com\/sp\/wp-json\/wp\/v2\/users\/21"}],"replies":[{"embeddable":true,"href":"https:\/\/pwmrlaw.com\/sp\/wp-json\/wp\/v2\/comments?post=567"}],"version-history":[{"count":7,"href":"https:\/\/pwmrlaw.com\/sp\/wp-json\/wp\/v2\/pages\/567\/revisions"}],"predecessor-version":[{"id":2307,"href":"https:\/\/pwmrlaw.com\/sp\/wp-json\/wp\/v2\/pages\/567\/revisions\/2307"}],"up":[{"embeddable":true,"href":"https:\/\/pwmrlaw.com\/sp\/wp-json\/wp\/v2\/pages\/31"}],"wp:attachment":[{"href":"https:\/\/pwmrlaw.com\/sp\/wp-json\/wp\/v2\/media?parent=567"}],"curies":[{"name":"wp","href":"https:\/\/api.w.org\/{rel}","templated":true}]}}