{"id":807,"date":"2013-08-13T17:11:56","date_gmt":"2013-08-13T21:11:56","guid":{"rendered":"http:\/\/perezwilliamsmedinarodriguez.thelawlinks.com\/?page_id=807"},"modified":"2025-09-10T10:46:25","modified_gmt":"2025-09-10T17:46:25","slug":"robert-gray-williams-partner","status":"publish","type":"page","link":"https:\/\/pwmrlaw.com\/sp\/attorney-profiles\/robert-gray-williams-partner\/","title":{"rendered":"Robert Gray Williams, Socio"},"content":{"rendered":"<div class=\"fusion-fullwidth fullwidth-box fusion-builder-row-1 hundred-percent-fullwidth non-hundred-percent-height-scrolling\" style=\"--awb-border-radius-top-left:0px;--awb-border-radius-top-right:0px;--awb-border-radius-bottom-right:0px;--awb-border-radius-bottom-left:0px;--awb-overflow:visible;--awb-flex-wrap:wrap;\" ><div class=\"fusion-builder-row fusion-row\"><div class=\"fusion-layout-column fusion_builder_column fusion-builder-column-0 fusion_builder_column_1_1 1_1 fusion-one-full fusion-column-first fusion-column-last\" style=\"--awb-bg-size:cover;\"><div class=\"fusion-column-wrapper fusion-flex-column-wrapper-legacy\"><div class=\"fusion-text fusion-text-1\"><h1>Robert Gray Williams, Attorney<\/h1>\n<p><img decoding=\"async\" class=\"alignright wp-image-1073 size-full\" src=\"https:\/\/pwmrlaw.com\/wp-content\/uploads\/2014\/11\/sidebar-robert-gray-williams-partner.jpg\" alt=\"Robert Gray Williams\" width=\"220\" height=\"194\">Robert Gray Williams ha ejercido la abogac\u00eda durante m\u00e1s de 37 a\u00f1os. El Sr. Williams recibi\u00f3 su t\u00edtulo universitario con &quot;Honores&quot; de la Universidad Estatal de California en Fresno, Fresno, California. Se gradu\u00f3 de la Facultad de Derecho de San Joaqu\u00edn, Fresno, California en 1975 con &quot;Altos Honores&quot; como el valedictorian de su clase. Fue admitido en el Colegio de Abogados del Estado de California el mismo a\u00f1o.<\/p>\n<p><strong>Areas de pr\u00e1ctica<\/strong><\/p>\n<ul>\n<li>lesiones personales<\/li>\n<li>Responsabilidad por productos<\/li>\n<li>Reclamaciones de cobertura de seguro<\/li>\n<\/ul>\n<p><strong>Admisiones a la barra<\/strong><\/p>\n<ul>\n<li><a href=\"http:\/\/www.calbar.ca.gov\/\" target=\"_blank\" rel=\"noopener\">Colegio de Abogados del Estado de California<\/a><\/li>\n<li>Tribunal de Distrito de los Estados Unidos para el Distrito Este de California<\/li>\n<li>Tribunal de Distrito de los Estados Unidos para el Distrito Central de California<\/li>\n<li>Tribunal de Apelaciones de Distrito de los Estados Unidos para el 9<sup>el<\/sup> Circuito.<\/li>\n<\/ul>\n<p><strong>Educaci\u00f3n<\/strong><\/p>\n<ul>\n<li>Licenciatura en Administraci\u00f3n de Empresas, <a href=\"http:\/\/www.fresnostate.edu\/\" target=\"_blank\" rel=\"noopener\">Universidad Estatal de Fresno<\/a>, (ahora Universidad Estatal de California en Fresno), 1969\n<ul>\n<li>Con honores<\/li>\n<\/ul>\n<\/li>\n<li>JD, <a href=\"http:\/\/www.sjcl.edu\/\" target=\"_blank\" rel=\"noopener\">Facultad de Derecho de San Joaqu\u00edn<\/a>, 1975\n<ul>\n<li>Valedictorian<\/li>\n<\/ul>\n<\/li>\n<\/ul>\n<p><strong>Asociaciones profesionales<\/strong><\/p>\n<ul>\n<li>Colegio de Abogados del Condado de Fresno<\/li>\n<\/ul>\n<\/div><div class=\"fusion-clearfix\"><\/div><\/div><\/div><\/div><\/div>","protected":false},"excerpt":{"rendered":"","protected":false},"author":21,"featured_media":0,"parent":12,"menu_order":1,"comment_status":"open","ping_status":"open","template":"","meta":{"footnotes":""},"class_list":["post-807","page","type-page","status-publish","hentry"],"yoast_head":"<!-- This site is optimized with the Yoast SEO plugin v26.8 - https:\/\/yoast.com\/product\/yoast-seo-wordpress\/ -->\n<title>Robert Gray Williams, Partner - Perez, Williams, Medina and Rodriguez<\/title>\n<meta name=\"robots\" content=\"index, follow, max-snippet:-1, max-image-preview:large, max-video-preview:-1\" \/>\n<link rel=\"canonical\" href=\"https:\/\/pwmrlaw.com\/sp\/attorney-profiles\/robert-gray-williams-partner\/\" \/>\n<meta property=\"og:locale\" content=\"es_MX\" \/>\n<meta property=\"og:type\" content=\"article\" \/>\n<meta property=\"og:title\" content=\"Robert Gray Williams, Partner - Perez, Williams, Medina and Rodriguez\" \/>\n<meta property=\"og:url\" content=\"https:\/\/pwmrlaw.com\/sp\/attorney-profiles\/robert-gray-williams-partner\/\" \/>\n<meta property=\"og:site_name\" content=\"Perez, Williams, Medina and Rodriguez\" \/>\n<meta property=\"article:modified_time\" content=\"2025-09-10T17:46:25+00:00\" \/>\n<meta property=\"og:image\" content=\"https:\/\/pwmrlaw.com\/wp-content\/uploads\/2014\/11\/sidebar-robert-gray-williams-partner.jpg\" \/>\n\t<meta property=\"og:image:width\" content=\"220\" \/>\n\t<meta property=\"og:image:height\" content=\"194\" \/>\n\t<meta property=\"og:image:type\" content=\"image\/jpeg\" \/>\n<meta name=\"twitter:card\" content=\"summary_large_image\" \/>\n<meta name=\"twitter:label1\" content=\"Tiempo de lectura\" \/>\n\t<meta name=\"twitter:data1\" content=\"1 minuto\" \/>\n<script type=\"application\/ld+json\" class=\"yoast-schema-graph\">{\"@context\":\"https:\/\/schema.org\",\"@graph\":[{\"@type\":\"WebPage\",\"@id\":\"https:\/\/pwmrlaw.com\/attorney-profiles\/robert-gray-williams-partner\/\",\"url\":\"https:\/\/pwmrlaw.com\/attorney-profiles\/robert-gray-williams-partner\/\",\"name\":\"Robert Gray Williams, Partner - Perez, Williams, Medina and Rodriguez\",\"isPartOf\":{\"@id\":\"https:\/\/pwmrlaw.com\/#website\"},\"primaryImageOfPage\":{\"@id\":\"https:\/\/pwmrlaw.com\/attorney-profiles\/robert-gray-williams-partner\/#primaryimage\"},\"image\":{\"@id\":\"https:\/\/pwmrlaw.com\/attorney-profiles\/robert-gray-williams-partner\/#primaryimage\"},\"thumbnailUrl\":\"https:\/\/pwmrlaw.com\/wp-content\/uploads\/2014\/11\/sidebar-robert-gray-williams-partner.jpg\",\"datePublished\":\"2013-08-13T21:11:56+00:00\",\"dateModified\":\"2025-09-10T17:46:25+00:00\",\"breadcrumb\":{\"@id\":\"https:\/\/pwmrlaw.com\/attorney-profiles\/robert-gray-williams-partner\/#breadcrumb\"},\"inLanguage\":\"es\",\"potentialAction\":[{\"@type\":\"ReadAction\",\"target\":[\"https:\/\/pwmrlaw.com\/attorney-profiles\/robert-gray-williams-partner\/\"]}]},{\"@type\":\"ImageObject\",\"inLanguage\":\"es\",\"@id\":\"https:\/\/pwmrlaw.com\/attorney-profiles\/robert-gray-williams-partner\/#primaryimage\",\"url\":\"https:\/\/pwmrlaw.com\/wp-content\/uploads\/2014\/11\/sidebar-robert-gray-williams-partner.jpg\",\"contentUrl\":\"https:\/\/pwmrlaw.com\/wp-content\/uploads\/2014\/11\/sidebar-robert-gray-williams-partner.jpg\"},{\"@type\":\"BreadcrumbList\",\"@id\":\"https:\/\/pwmrlaw.com\/attorney-profiles\/robert-gray-williams-partner\/#breadcrumb\",\"itemListElement\":[{\"@type\":\"ListItem\",\"position\":1,\"name\":\"Home\",\"item\":\"https:\/\/pwmrlaw.com\/\"},{\"@type\":\"ListItem\",\"position\":2,\"name\":\"Attorney Profiles\",\"item\":\"https:\/\/pwmrlaw.com\/attorney-profiles\/\"},{\"@type\":\"ListItem\",\"position\":3,\"name\":\"Robert Gray Williams, Partner\"}]},{\"@type\":\"WebSite\",\"@id\":\"https:\/\/pwmrlaw.com\/#website\",\"url\":\"https:\/\/pwmrlaw.com\/\",\"name\":\"Perez, Williams, Medina and Rodriguez\",\"description\":\"Fresno Personal Injury and Workers&#039; Compensation Attorneys\",\"potentialAction\":[{\"@type\":\"SearchAction\",\"target\":{\"@type\":\"EntryPoint\",\"urlTemplate\":\"https:\/\/pwmrlaw.com\/?s={search_term_string}\"},\"query-input\":{\"@type\":\"PropertyValueSpecification\",\"valueRequired\":true,\"valueName\":\"search_term_string\"}}],\"inLanguage\":\"es\"}]}<\/script>\n<!-- \/ Yoast SEO plugin. -->","yoast_head_json":{"title":"Robert Gray Williams, Partner - Perez, Williams, Medina and Rodriguez","robots":{"index":"index","follow":"follow","max-snippet":"max-snippet:-1","max-image-preview":"max-image-preview:large","max-video-preview":"max-video-preview:-1"},"canonical":"https:\/\/pwmrlaw.com\/sp\/attorney-profiles\/robert-gray-williams-partner\/","og_locale":"es_MX","og_type":"article","og_title":"Robert Gray Williams, Partner - Perez, Williams, Medina and Rodriguez","og_url":"https:\/\/pwmrlaw.com\/sp\/attorney-profiles\/robert-gray-williams-partner\/","og_site_name":"Perez, Williams, Medina and Rodriguez","article_modified_time":"2025-09-10T17:46:25+00:00","og_image":[{"width":220,"height":194,"url":"https:\/\/pwmrlaw.com\/wp-content\/uploads\/2014\/11\/sidebar-robert-gray-williams-partner.jpg","type":"image\/jpeg"}],"twitter_card":"summary_large_image","twitter_misc":{"Tiempo de lectura":"1 minuto"},"schema":{"@context":"https:\/\/schema.org","@graph":[{"@type":"WebPage","@id":"https:\/\/pwmrlaw.com\/attorney-profiles\/robert-gray-williams-partner\/","url":"https:\/\/pwmrlaw.com\/attorney-profiles\/robert-gray-williams-partner\/","name":"Robert Gray Williams, Partner - Perez, Williams, Medina and Rodriguez","isPartOf":{"@id":"https:\/\/pwmrlaw.com\/#website"},"primaryImageOfPage":{"@id":"https:\/\/pwmrlaw.com\/attorney-profiles\/robert-gray-williams-partner\/#primaryimage"},"image":{"@id":"https:\/\/pwmrlaw.com\/attorney-profiles\/robert-gray-williams-partner\/#primaryimage"},"thumbnailUrl":"https:\/\/pwmrlaw.com\/wp-content\/uploads\/2014\/11\/sidebar-robert-gray-williams-partner.jpg","datePublished":"2013-08-13T21:11:56+00:00","dateModified":"2025-09-10T17:46:25+00:00","breadcrumb":{"@id":"https:\/\/pwmrlaw.com\/attorney-profiles\/robert-gray-williams-partner\/#breadcrumb"},"inLanguage":"es","potentialAction":[{"@type":"ReadAction","target":["https:\/\/pwmrlaw.com\/attorney-profiles\/robert-gray-williams-partner\/"]}]},{"@type":"ImageObject","inLanguage":"es","@id":"https:\/\/pwmrlaw.com\/attorney-profiles\/robert-gray-williams-partner\/#primaryimage","url":"https:\/\/pwmrlaw.com\/wp-content\/uploads\/2014\/11\/sidebar-robert-gray-williams-partner.jpg","contentUrl":"https:\/\/pwmrlaw.com\/wp-content\/uploads\/2014\/11\/sidebar-robert-gray-williams-partner.jpg"},{"@type":"BreadcrumbList","@id":"https:\/\/pwmrlaw.com\/attorney-profiles\/robert-gray-williams-partner\/#breadcrumb","itemListElement":[{"@type":"ListItem","position":1,"name":"Home","item":"https:\/\/pwmrlaw.com\/"},{"@type":"ListItem","position":2,"name":"Attorney Profiles","item":"https:\/\/pwmrlaw.com\/attorney-profiles\/"},{"@type":"ListItem","position":3,"name":"Robert Gray Williams, Partner"}]},{"@type":"WebSite","@id":"https:\/\/pwmrlaw.com\/#website","url":"https:\/\/pwmrlaw.com\/","name":"P\u00e9rez, Williams, Medina y Rodr\u00edguez","description":"Fresno Lesiones Personales y Trabajadores&#039; Abogados de compensaci\u00f3n","potentialAction":[{"@type":"SearchAction","target":{"@type":"EntryPoint","urlTemplate":"https:\/\/pwmrlaw.com\/?s={search_term_string}"},"query-input":{"@type":"PropertyValueSpecification","valueRequired":true,"valueName":"search_term_string"}}],"inLanguage":"es"}]}},"_links":{"self":[{"href":"https:\/\/pwmrlaw.com\/sp\/wp-json\/wp\/v2\/pages\/807","targetHints":{"allow":["GET"]}}],"collection":[{"href":"https:\/\/pwmrlaw.com\/sp\/wp-json\/wp\/v2\/pages"}],"about":[{"href":"https:\/\/pwmrlaw.com\/sp\/wp-json\/wp\/v2\/types\/page"}],"author":[{"embeddable":true,"href":"https:\/\/pwmrlaw.com\/sp\/wp-json\/wp\/v2\/users\/21"}],"replies":[{"embeddable":true,"href":"https:\/\/pwmrlaw.com\/sp\/wp-json\/wp\/v2\/comments?post=807"}],"version-history":[{"count":15,"href":"https:\/\/pwmrlaw.com\/sp\/wp-json\/wp\/v2\/pages\/807\/revisions"}],"predecessor-version":[{"id":2311,"href":"https:\/\/pwmrlaw.com\/sp\/wp-json\/wp\/v2\/pages\/807\/revisions\/2311"}],"up":[{"embeddable":true,"href":"https:\/\/pwmrlaw.com\/sp\/wp-json\/wp\/v2\/pages\/12"}],"wp:attachment":[{"href":"https:\/\/pwmrlaw.com\/sp\/wp-json\/wp\/v2\/media?parent=807"}],"curies":[{"name":"wp","href":"https:\/\/api.w.org\/{rel}","templated":true}]}}