{"id":812,"date":"2013-08-13T17:14:24","date_gmt":"2013-08-13T21:14:24","guid":{"rendered":"http:\/\/perezwilliamsmedinarodriguez.thelawlinks.com\/?page_id=812"},"modified":"2025-09-10T10:30:37","modified_gmt":"2025-09-10T17:30:37","slug":"robert-f-perez-senior-partner","status":"publish","type":"page","link":"https:\/\/pwmrlaw.com\/sp\/attorney-profiles\/robert-f-perez-senior-partner\/","title":{"rendered":"Robert F. P\u00e9rez, Socio Principal"},"content":{"rendered":"<div class=\"fusion-fullwidth fullwidth-box fusion-builder-row-1 hundred-percent-fullwidth non-hundred-percent-height-scrolling\" style=\"--awb-border-radius-top-left:0px;--awb-border-radius-top-right:0px;--awb-border-radius-bottom-right:0px;--awb-border-radius-bottom-left:0px;--awb-overflow:visible;--awb-flex-wrap:wrap;\" ><div class=\"fusion-builder-row fusion-row\"><div class=\"fusion-layout-column fusion_builder_column fusion-builder-column-0 fusion_builder_column_1_1 1_1 fusion-one-full fusion-column-first fusion-column-last\" style=\"--awb-bg-size:cover;\"><div class=\"fusion-column-wrapper fusion-flex-column-wrapper-legacy\"><div class=\"fusion-text fusion-text-1\"><h1 class=\"fusion-responsive-typography-calculated\" style=\"--fontsize: 24; line-height: 1.4;\" data-fontsize=\"24\" data-lineheight=\"33.6px\">Robert F. Perez, Of Counsel<\/h1>\n<p><img decoding=\"async\" class=\"alignright wp-image-1072 size-full\" src=\"https:\/\/pwmrlaw.com\/wp-content\/uploads\/2014\/11\/sidebar-robert-f-perez-senior-partner.jpg\" alt=\"Robert F. Perez\" width=\"220\" height=\"194\"><\/p>\n<p>Robert F. P\u00e9rez ha estado practicando leyes desde 1972.<\/p>\n<p>Al crecer, el Sr. P\u00e9rez vio de primera mano c\u00f3mo sus padres, que pod\u00edan hablar ingl\u00e9s y espa\u00f1ol, se convirtieron en defensores de su comunidad al ayudar incansablemente a otros a interpretar para ellos en las citas m\u00e9dicas y, a menudo, en la organizaci\u00f3n del funeral. Si bien esto les quit\u00f3 tiempo de su trabajo y de sus cheques de pago, nunca pidieron nada a cambio, creyendo que era su deber ayudar a sus vecinos. Esta actitud ha seguido al Sr. P\u00e9rez a lo largo de su vida.<\/p>\n<p>mientras asist\u00eda <a href=\"http:\/\/www.csuchico.edu\/\" target=\"_blank\" rel=\"noopener noreferrer\">Universidad Estatal de California, Chico<\/a>, el Sr. P\u00e9rez se dio cuenta de que ten\u00eda un don para la ley despu\u00e9s de tomar varias clases de derecho. Antes de graduarse Cum Laude, el Sr. P\u00e9rez aplic\u00f3 y fue aceptado en la Facultad de Derecho McGeorge. All\u00ed, el Sr. P\u00e9rez se destac\u00f3 en sus estudios y tuvo la suerte de tener al Juez Kennedy de la Corte Suprema de los Estados Unidos como su profesor de Derecho Constitucional (antes de convertirse en Juez).<\/p>\n<p>Al graduarse de la facultad de derecho con Gran Distinci\u00f3n, el Sr. P\u00e9rez se convirti\u00f3 en asociado de las Oficinas Legales de Armando O. Rodr\u00edguez, quien luego se convirti\u00f3 en Juez de la Corte Superior de California para el Condado de Fresno. Adem\u00e1s de ser abogado en ejercicio, desde 1976 hasta 1980, el Sr. P\u00e9rez tambi\u00e9n fue Profesor Asociado de Criminolog\u00eda en <a href=\"http:\/\/www.fresnostate.edu\/\" target=\"_blank\" rel=\"noopener noreferrer\">Universidad Estatal de California, Fresno<\/a>, y se convirti\u00f3 en profesor titular desde 1990 hasta 2008. En mayo de 2008 se convirti\u00f3 en Profesor Em\u00e9rito de Criminolog\u00eda en la Universidad.<\/p>\n<p>El Sr. P\u00e9rez se convirti\u00f3 por primera vez en socio de su propio bufete de abogados en 1975, y aunque su bufete ha pasado por diferentes socios a lo largo de los a\u00f1os, su orientaci\u00f3n y sentido de dedicaci\u00f3n a sus clientes siempre ha permanecido.<\/p>\n<p>Durante su carrera, el Sr. P\u00e9rez ha obtenido m\u00e1s de 30 juicios o acuerdos de 1 mill\u00f3n de d\u00f3lares o m\u00e1s.<\/p>\n<p><strong>Areas de pr\u00e1ctica<\/strong><\/p>\n<ul>\n<li>lesiones personales graves<\/li>\n<li>Muerte injusta<\/li>\n<li>Compensaci\u00f3n de trabajadores<\/li>\n<\/ul>\n<p><strong>Admisiones a la barra<\/strong><\/p>\n<ul>\n<li><a href=\"http:\/\/www.calbar.ca.gov\/\" target=\"_blank\" rel=\"noopener noreferrer\">California<\/a>, 1972<\/li>\n<li>Tribunal de Distrito de EE. UU., Distrito Este de California, 1972<\/li>\n<li>Estados Unidos 9<sup>el<\/sup> Corte de Circuito de Apelaciones, 1972<\/li>\n<\/ul>\n<p><strong>Educaci\u00f3n<\/strong><\/p>\n<ul>\n<li>JD, con Gran Distinci\u00f3n, <a href=\"http:\/\/www.mcgeorge.edu\/\" target=\"_blank\" rel=\"noopener noreferrer\">Facultad de Derecho de McGeorge<\/a>, Universidad del Pac\u00edfico, Sacramento, CA 1972\n<ul>\n<li>Estudiante de derecho destacado del a\u00f1o, 1971-72<\/li>\n<li>Jurisprudencia Americana sobre Bienes Ra\u00edces, Derecho Penal, Procedimiento Penal, Prueba y Derecho Constitucional<\/li>\n<\/ul>\n<ul>\n<li>Sociedad Traynor - Sociedad Acad\u00e9mica de Honor<\/li>\n<\/ul>\n<\/li>\n<\/ul>\n<p><strong>Asociaciones profesionales<\/strong><\/p>\n<ul>\n<li>Colegio de Abogados del Condado de Fresno<\/li>\n<li>Colegio de Abogados de La Raza<\/li>\n<\/ul>\n<p><strong>Seminarios<\/strong><\/p>\n<ul>\n<li>La regla de ir y venir y sus excepciones, Asociaci\u00f3n de Reclamaciones Industriales de Fresno, febrero de 2011<\/li>\n<\/ul>\n<\/div><div class=\"fusion-clearfix\"><\/div><\/div><\/div><\/div><\/div>","protected":false},"excerpt":{"rendered":"","protected":false},"author":21,"featured_media":0,"parent":12,"menu_order":0,"comment_status":"open","ping_status":"open","template":"","meta":{"footnotes":""},"class_list":["post-812","page","type-page","status-publish","hentry"],"yoast_head":"<!-- This site is optimized with the Yoast SEO plugin v26.8 - https:\/\/yoast.com\/product\/yoast-seo-wordpress\/ -->\n<title>Robert F. Perez, Senior Partner - Perez, Williams, Medina and Rodriguez<\/title>\n<meta name=\"robots\" content=\"index, follow, max-snippet:-1, max-image-preview:large, max-video-preview:-1\" \/>\n<link rel=\"canonical\" href=\"https:\/\/pwmrlaw.com\/sp\/attorney-profiles\/robert-f-perez-senior-partner\/\" \/>\n<meta property=\"og:locale\" content=\"es_MX\" \/>\n<meta property=\"og:type\" content=\"article\" \/>\n<meta property=\"og:title\" content=\"Robert F. Perez, Senior Partner - Perez, Williams, Medina and Rodriguez\" \/>\n<meta property=\"og:url\" content=\"https:\/\/pwmrlaw.com\/sp\/attorney-profiles\/robert-f-perez-senior-partner\/\" \/>\n<meta property=\"og:site_name\" content=\"Perez, Williams, Medina and Rodriguez\" \/>\n<meta property=\"article:modified_time\" content=\"2025-09-10T17:30:37+00:00\" \/>\n<meta property=\"og:image\" content=\"https:\/\/pwmrlaw.com\/wp-content\/uploads\/2014\/11\/sidebar-robert-f-perez-senior-partner.jpg\" \/>\n\t<meta property=\"og:image:width\" content=\"220\" \/>\n\t<meta property=\"og:image:height\" content=\"194\" \/>\n\t<meta property=\"og:image:type\" content=\"image\/jpeg\" \/>\n<meta name=\"twitter:card\" content=\"summary_large_image\" \/>\n<meta name=\"twitter:label1\" content=\"Tiempo de lectura\" \/>\n\t<meta name=\"twitter:data1\" content=\"2 minutos\" \/>\n<script type=\"application\/ld+json\" class=\"yoast-schema-graph\">{\"@context\":\"https:\/\/schema.org\",\"@graph\":[{\"@type\":\"WebPage\",\"@id\":\"https:\/\/pwmrlaw.com\/attorney-profiles\/robert-f-perez-senior-partner\/\",\"url\":\"https:\/\/pwmrlaw.com\/attorney-profiles\/robert-f-perez-senior-partner\/\",\"name\":\"Robert F. Perez, Senior Partner - Perez, Williams, Medina and Rodriguez\",\"isPartOf\":{\"@id\":\"https:\/\/pwmrlaw.com\/#website\"},\"primaryImageOfPage\":{\"@id\":\"https:\/\/pwmrlaw.com\/attorney-profiles\/robert-f-perez-senior-partner\/#primaryimage\"},\"image\":{\"@id\":\"https:\/\/pwmrlaw.com\/attorney-profiles\/robert-f-perez-senior-partner\/#primaryimage\"},\"thumbnailUrl\":\"https:\/\/pwmrlaw.com\/wp-content\/uploads\/2014\/11\/sidebar-robert-f-perez-senior-partner.jpg\",\"datePublished\":\"2013-08-13T21:14:24+00:00\",\"dateModified\":\"2025-09-10T17:30:37+00:00\",\"breadcrumb\":{\"@id\":\"https:\/\/pwmrlaw.com\/attorney-profiles\/robert-f-perez-senior-partner\/#breadcrumb\"},\"inLanguage\":\"es\",\"potentialAction\":[{\"@type\":\"ReadAction\",\"target\":[\"https:\/\/pwmrlaw.com\/attorney-profiles\/robert-f-perez-senior-partner\/\"]}]},{\"@type\":\"ImageObject\",\"inLanguage\":\"es\",\"@id\":\"https:\/\/pwmrlaw.com\/attorney-profiles\/robert-f-perez-senior-partner\/#primaryimage\",\"url\":\"https:\/\/pwmrlaw.com\/wp-content\/uploads\/2014\/11\/sidebar-robert-f-perez-senior-partner.jpg\",\"contentUrl\":\"https:\/\/pwmrlaw.com\/wp-content\/uploads\/2014\/11\/sidebar-robert-f-perez-senior-partner.jpg\"},{\"@type\":\"BreadcrumbList\",\"@id\":\"https:\/\/pwmrlaw.com\/attorney-profiles\/robert-f-perez-senior-partner\/#breadcrumb\",\"itemListElement\":[{\"@type\":\"ListItem\",\"position\":1,\"name\":\"Home\",\"item\":\"https:\/\/pwmrlaw.com\/\"},{\"@type\":\"ListItem\",\"position\":2,\"name\":\"Attorney Profiles\",\"item\":\"https:\/\/pwmrlaw.com\/attorney-profiles\/\"},{\"@type\":\"ListItem\",\"position\":3,\"name\":\"Robert F. Perez, Senior Partner\"}]},{\"@type\":\"WebSite\",\"@id\":\"https:\/\/pwmrlaw.com\/#website\",\"url\":\"https:\/\/pwmrlaw.com\/\",\"name\":\"Perez, Williams, Medina and Rodriguez\",\"description\":\"Fresno Personal Injury and Workers&#039; Compensation Attorneys\",\"potentialAction\":[{\"@type\":\"SearchAction\",\"target\":{\"@type\":\"EntryPoint\",\"urlTemplate\":\"https:\/\/pwmrlaw.com\/?s={search_term_string}\"},\"query-input\":{\"@type\":\"PropertyValueSpecification\",\"valueRequired\":true,\"valueName\":\"search_term_string\"}}],\"inLanguage\":\"es\"}]}<\/script>\n<!-- \/ Yoast SEO plugin. -->","yoast_head_json":{"title":"Robert F. Perez, Senior Partner - Perez, Williams, Medina and Rodriguez","robots":{"index":"index","follow":"follow","max-snippet":"max-snippet:-1","max-image-preview":"max-image-preview:large","max-video-preview":"max-video-preview:-1"},"canonical":"https:\/\/pwmrlaw.com\/sp\/attorney-profiles\/robert-f-perez-senior-partner\/","og_locale":"es_MX","og_type":"article","og_title":"Robert F. Perez, Senior Partner - Perez, Williams, Medina and Rodriguez","og_url":"https:\/\/pwmrlaw.com\/sp\/attorney-profiles\/robert-f-perez-senior-partner\/","og_site_name":"Perez, Williams, Medina and Rodriguez","article_modified_time":"2025-09-10T17:30:37+00:00","og_image":[{"width":220,"height":194,"url":"https:\/\/pwmrlaw.com\/wp-content\/uploads\/2014\/11\/sidebar-robert-f-perez-senior-partner.jpg","type":"image\/jpeg"}],"twitter_card":"summary_large_image","twitter_misc":{"Tiempo de lectura":"2 minutos"},"schema":{"@context":"https:\/\/schema.org","@graph":[{"@type":"WebPage","@id":"https:\/\/pwmrlaw.com\/attorney-profiles\/robert-f-perez-senior-partner\/","url":"https:\/\/pwmrlaw.com\/attorney-profiles\/robert-f-perez-senior-partner\/","name":"Robert F. Perez, Senior Partner - Perez, Williams, Medina and Rodriguez","isPartOf":{"@id":"https:\/\/pwmrlaw.com\/#website"},"primaryImageOfPage":{"@id":"https:\/\/pwmrlaw.com\/attorney-profiles\/robert-f-perez-senior-partner\/#primaryimage"},"image":{"@id":"https:\/\/pwmrlaw.com\/attorney-profiles\/robert-f-perez-senior-partner\/#primaryimage"},"thumbnailUrl":"https:\/\/pwmrlaw.com\/wp-content\/uploads\/2014\/11\/sidebar-robert-f-perez-senior-partner.jpg","datePublished":"2013-08-13T21:14:24+00:00","dateModified":"2025-09-10T17:30:37+00:00","breadcrumb":{"@id":"https:\/\/pwmrlaw.com\/attorney-profiles\/robert-f-perez-senior-partner\/#breadcrumb"},"inLanguage":"es","potentialAction":[{"@type":"ReadAction","target":["https:\/\/pwmrlaw.com\/attorney-profiles\/robert-f-perez-senior-partner\/"]}]},{"@type":"ImageObject","inLanguage":"es","@id":"https:\/\/pwmrlaw.com\/attorney-profiles\/robert-f-perez-senior-partner\/#primaryimage","url":"https:\/\/pwmrlaw.com\/wp-content\/uploads\/2014\/11\/sidebar-robert-f-perez-senior-partner.jpg","contentUrl":"https:\/\/pwmrlaw.com\/wp-content\/uploads\/2014\/11\/sidebar-robert-f-perez-senior-partner.jpg"},{"@type":"BreadcrumbList","@id":"https:\/\/pwmrlaw.com\/attorney-profiles\/robert-f-perez-senior-partner\/#breadcrumb","itemListElement":[{"@type":"ListItem","position":1,"name":"Home","item":"https:\/\/pwmrlaw.com\/"},{"@type":"ListItem","position":2,"name":"Attorney Profiles","item":"https:\/\/pwmrlaw.com\/attorney-profiles\/"},{"@type":"ListItem","position":3,"name":"Robert F. Perez, Senior Partner"}]},{"@type":"WebSite","@id":"https:\/\/pwmrlaw.com\/#website","url":"https:\/\/pwmrlaw.com\/","name":"P\u00e9rez, Williams, Medina y Rodr\u00edguez","description":"Fresno Lesiones Personales y Trabajadores&#039; Abogados de compensaci\u00f3n","potentialAction":[{"@type":"SearchAction","target":{"@type":"EntryPoint","urlTemplate":"https:\/\/pwmrlaw.com\/?s={search_term_string}"},"query-input":{"@type":"PropertyValueSpecification","valueRequired":true,"valueName":"search_term_string"}}],"inLanguage":"es"}]}},"_links":{"self":[{"href":"https:\/\/pwmrlaw.com\/sp\/wp-json\/wp\/v2\/pages\/812","targetHints":{"allow":["GET"]}}],"collection":[{"href":"https:\/\/pwmrlaw.com\/sp\/wp-json\/wp\/v2\/pages"}],"about":[{"href":"https:\/\/pwmrlaw.com\/sp\/wp-json\/wp\/v2\/types\/page"}],"author":[{"embeddable":true,"href":"https:\/\/pwmrlaw.com\/sp\/wp-json\/wp\/v2\/users\/21"}],"replies":[{"embeddable":true,"href":"https:\/\/pwmrlaw.com\/sp\/wp-json\/wp\/v2\/comments?post=812"}],"version-history":[{"count":22,"href":"https:\/\/pwmrlaw.com\/sp\/wp-json\/wp\/v2\/pages\/812\/revisions"}],"predecessor-version":[{"id":2310,"href":"https:\/\/pwmrlaw.com\/sp\/wp-json\/wp\/v2\/pages\/812\/revisions\/2310"}],"up":[{"embeddable":true,"href":"https:\/\/pwmrlaw.com\/sp\/wp-json\/wp\/v2\/pages\/12"}],"wp:attachment":[{"href":"https:\/\/pwmrlaw.com\/sp\/wp-json\/wp\/v2\/media?parent=812"}],"curies":[{"name":"wp","href":"https:\/\/api.w.org\/{rel}","templated":true}]}}