{"id":814,"date":"2013-08-13T17:14:59","date_gmt":"2013-08-13T21:14:59","guid":{"rendered":"http:\/\/perezwilliamsmedinarodriguez.thelawlinks.com\/?page_id=814"},"modified":"2025-03-07T15:38:40","modified_gmt":"2025-03-07T23:38:40","slug":"raul-v-uribe","status":"publish","type":"page","link":"https:\/\/pwmrlaw.com\/sp\/attorney-profiles\/raul-v-uribe\/","title":{"rendered":"Ra\u00fal V. Uribe"},"content":{"rendered":"<div class=\"fusion-fullwidth fullwidth-box fusion-builder-row-1 hundred-percent-fullwidth non-hundred-percent-height-scrolling\" style=\"--awb-border-radius-top-left:0px;--awb-border-radius-top-right:0px;--awb-border-radius-bottom-right:0px;--awb-border-radius-bottom-left:0px;--awb-overflow:visible;--awb-flex-wrap:wrap;\" ><div class=\"fusion-builder-row fusion-row\"><div class=\"fusion-layout-column fusion_builder_column fusion-builder-column-0 fusion_builder_column_1_1 1_1 fusion-one-full fusion-column-first fusion-column-last\" style=\"--awb-bg-size:cover;\"><div class=\"fusion-column-wrapper fusion-flex-column-wrapper-legacy\"><div class=\"fusion-text fusion-text-1\"><h1 class=\"fusion-responsive-typography-calculated\" style=\"--fontsize: 24; line-height: 1.4;\" data-fontsize=\"24\" data-lineheight=\"33.6px\">Ra\u00fal V. Uribe, Socio<\/h1>\n<p><img decoding=\"async\" class=\"wp-image-2296 alignright\" src=\"https:\/\/pwmrlaw.com\/wp-content\/uploads\/2025\/03\/RaulUribe-web.jpg\" alt=\"\" width=\"175\" height=\"219\" srcset=\"https:\/\/pwmrlaw.com\/wp-content\/uploads\/2025\/03\/RaulUribe-web-10x12.jpg 10w, https:\/\/pwmrlaw.com\/wp-content\/uploads\/2025\/03\/RaulUribe-web-200x250.jpg 200w, https:\/\/pwmrlaw.com\/wp-content\/uploads\/2025\/03\/RaulUribe-web-240x300.jpg 240w, https:\/\/pwmrlaw.com\/wp-content\/uploads\/2025\/03\/RaulUribe-web-400x500.jpg 400w, https:\/\/pwmrlaw.com\/wp-content\/uploads\/2025\/03\/RaulUribe-web.jpg 500w\" sizes=\"(max-width: 175px) 100vw, 175px\" \/>El Sr. Uribe naci\u00f3 en Jalisco, M\u00e9xico. A la edad de 3 meses, su familia emigr\u00f3 al Valle Central de San Joaqu\u00edn, donde se cri\u00f3 en el pueblo agr\u00edcola rural de Easton, CA. Despu\u00e9s de graduarse de la escuela secundaria, asisti\u00f3 a la Universidad Estatal de California en Fresno, en busca de su t\u00edtulo universitario. El Sr. Uribe tambi\u00e9n comenz\u00f3 a trabajar con la firma de abogados al mismo tiempo que comenz\u00f3 sus estudios. En 2003, despu\u00e9s de obtener su t\u00edtulo, el Sr. Uribe dej\u00f3 la firma para seguir su carrera en ingenier\u00eda.<\/p>\n<p>En 2006, varios de los socios de P\u00e9rez, Williams, Medina y Rodr\u00edguez, LLP se acercaron al Sr. Uribe para ver si estaba interesado en un puesto, creyendo que su experiencia, capacidad y estudios ser\u00edan valiosos en demandante y solicitante. defensa, a la que acept\u00f3 gustosamente. A los pocos meses, decidi\u00f3 inscribirse en la facultad de derecho.<\/p>\n<p>En 2007, el Sr. Uribe comenz\u00f3 a estudiar en la Facultad de Derecho de San Joaqu\u00edn. Mientras estaba en la facultad de derecho, parte de su trabajo requer\u00eda que fuera al Consulado de M\u00e9xico en Fresno y diera conferencias sobre diversos temas legales a las personas que estaban esperando obtener sus pasaportes u otros documentos legales mexicanos. Otra parte de su trabajo le permit\u00eda ser un representante de audiencia para los trabajadores lesionados, lo que le obligaba a ir a la Junta de Apelaciones de Compensaci\u00f3n para Trabajadores y cubrir las declaraciones de los clientes.<\/p>\n<p>En el verano de 2011, se gradu\u00f3 de la facultad de derecho y comenz\u00f3 a ejercer la abogac\u00eda en la firma en diciembre de 2011.<\/p>\n<p>El Sr. Uribe actualmente representa a trabajadores lesionados, demandantes en asuntos de litigios civiles y empleados en reclamos de salarios y horas.<\/p>\n<p><strong>Areas de pr\u00e1ctica<\/strong><\/p>\n<ul>\n<li>lesiones personales<\/li>\n<li>Litigio<\/li>\n<li>Compensaci\u00f3n de trabajadores<\/li>\n<li>Reclamaciones de horas y salarios<\/li>\n<\/ul>\n<p><strong>Admisiones a la barra<\/strong><\/p>\n<ul>\n<li><a href=\"http:\/\/www.calbar.ca.gov\/\" target=\"_blank\" rel=\"noopener noreferrer\">California<\/a>, 2011<\/li>\n<li>Tribunal de Distrito de EE. UU., Distrito Este de California, 2011<\/li>\n<\/ul>\n<p><strong>Educaci\u00f3n<\/strong><\/p>\n<ul>\n<li>JD, <a href=\"http:\/\/www.sjcl.edu\/\" target=\"_blank\" rel=\"noopener noreferrer\">Facultad de Derecho de San Joaqu\u00edn<\/a>-Clovis, California, 2011<\/li>\n<li>licenciatura, <a href=\"http:\/\/www.fresnostate.edu\/\" target=\"_blank\" rel=\"noopener noreferrer\">Universidad Estatal de California, Fresno<\/a>, Ingenier\u00eda El\u00e9ctrica \u2013 menores en Matem\u00e1ticas, 2002<\/li>\n<\/ul>\n<p><strong>Asociaciones profesionales<\/strong><\/p>\n<ul>\n<li>Colegio de Abogados del Condado de Fresno<\/li>\n<li>Asociaci\u00f3n de Abogados de Solicitantes de California<\/li>\n<\/ul>\n<\/div><div class=\"fusion-clearfix\"><\/div><\/div><\/div><\/div><\/div>","protected":false},"excerpt":{"rendered":"","protected":false},"author":21,"featured_media":0,"parent":12,"menu_order":5,"comment_status":"open","ping_status":"open","template":"","meta":{"footnotes":""},"class_list":["post-814","page","type-page","status-publish","hentry"],"yoast_head":"<!-- This site is optimized with the Yoast SEO plugin v26.8 - https:\/\/yoast.com\/product\/yoast-seo-wordpress\/ -->\n<title>Raul V. Uribe - Perez, Williams, Medina and Rodriguez<\/title>\n<meta name=\"robots\" content=\"index, follow, max-snippet:-1, max-image-preview:large, max-video-preview:-1\" \/>\n<link rel=\"canonical\" href=\"https:\/\/pwmrlaw.com\/sp\/attorney-profiles\/raul-v-uribe\/\" \/>\n<meta property=\"og:locale\" content=\"es_MX\" \/>\n<meta property=\"og:type\" content=\"article\" \/>\n<meta property=\"og:title\" content=\"Raul V. Uribe - Perez, Williams, Medina and Rodriguez\" \/>\n<meta property=\"og:url\" content=\"https:\/\/pwmrlaw.com\/sp\/attorney-profiles\/raul-v-uribe\/\" \/>\n<meta property=\"og:site_name\" content=\"Perez, Williams, Medina and Rodriguez\" \/>\n<meta property=\"article:modified_time\" content=\"2025-03-07T23:38:40+00:00\" \/>\n<meta property=\"og:image\" content=\"https:\/\/pwmrlaw.com\/wp-content\/uploads\/2025\/03\/RaulUribe-web.jpg\" \/>\n\t<meta property=\"og:image:width\" content=\"500\" \/>\n\t<meta property=\"og:image:height\" content=\"625\" \/>\n\t<meta property=\"og:image:type\" content=\"image\/jpeg\" \/>\n<meta name=\"twitter:card\" content=\"summary_large_image\" \/>\n<meta name=\"twitter:label1\" content=\"Tiempo de lectura\" \/>\n\t<meta name=\"twitter:data1\" content=\"2 minutos\" \/>\n<script type=\"application\/ld+json\" class=\"yoast-schema-graph\">{\"@context\":\"https:\/\/schema.org\",\"@graph\":[{\"@type\":\"WebPage\",\"@id\":\"https:\/\/pwmrlaw.com\/attorney-profiles\/raul-v-uribe\/\",\"url\":\"https:\/\/pwmrlaw.com\/attorney-profiles\/raul-v-uribe\/\",\"name\":\"Raul V. Uribe - Perez, Williams, Medina and Rodriguez\",\"isPartOf\":{\"@id\":\"https:\/\/pwmrlaw.com\/#website\"},\"primaryImageOfPage\":{\"@id\":\"https:\/\/pwmrlaw.com\/attorney-profiles\/raul-v-uribe\/#primaryimage\"},\"image\":{\"@id\":\"https:\/\/pwmrlaw.com\/attorney-profiles\/raul-v-uribe\/#primaryimage\"},\"thumbnailUrl\":\"https:\/\/pwmrlaw.com\/wp-content\/uploads\/2025\/03\/RaulUribe-web.jpg\",\"datePublished\":\"2013-08-13T21:14:59+00:00\",\"dateModified\":\"2025-03-07T23:38:40+00:00\",\"breadcrumb\":{\"@id\":\"https:\/\/pwmrlaw.com\/attorney-profiles\/raul-v-uribe\/#breadcrumb\"},\"inLanguage\":\"es\",\"potentialAction\":[{\"@type\":\"ReadAction\",\"target\":[\"https:\/\/pwmrlaw.com\/attorney-profiles\/raul-v-uribe\/\"]}]},{\"@type\":\"ImageObject\",\"inLanguage\":\"es\",\"@id\":\"https:\/\/pwmrlaw.com\/attorney-profiles\/raul-v-uribe\/#primaryimage\",\"url\":\"https:\/\/pwmrlaw.com\/wp-content\/uploads\/2025\/03\/RaulUribe-web.jpg\",\"contentUrl\":\"https:\/\/pwmrlaw.com\/wp-content\/uploads\/2025\/03\/RaulUribe-web.jpg\"},{\"@type\":\"BreadcrumbList\",\"@id\":\"https:\/\/pwmrlaw.com\/attorney-profiles\/raul-v-uribe\/#breadcrumb\",\"itemListElement\":[{\"@type\":\"ListItem\",\"position\":1,\"name\":\"Home\",\"item\":\"https:\/\/pwmrlaw.com\/\"},{\"@type\":\"ListItem\",\"position\":2,\"name\":\"Attorney Profiles\",\"item\":\"https:\/\/pwmrlaw.com\/attorney-profiles\/\"},{\"@type\":\"ListItem\",\"position\":3,\"name\":\"Raul V. Uribe\"}]},{\"@type\":\"WebSite\",\"@id\":\"https:\/\/pwmrlaw.com\/#website\",\"url\":\"https:\/\/pwmrlaw.com\/\",\"name\":\"Perez, Williams, Medina and Rodriguez\",\"description\":\"Fresno Personal Injury and Workers&#039; Compensation Attorneys\",\"potentialAction\":[{\"@type\":\"SearchAction\",\"target\":{\"@type\":\"EntryPoint\",\"urlTemplate\":\"https:\/\/pwmrlaw.com\/?s={search_term_string}\"},\"query-input\":{\"@type\":\"PropertyValueSpecification\",\"valueRequired\":true,\"valueName\":\"search_term_string\"}}],\"inLanguage\":\"es\"}]}<\/script>\n<!-- \/ Yoast SEO plugin. -->","yoast_head_json":{"title":"Raul V. Uribe - Perez, Williams, Medina and Rodriguez","robots":{"index":"index","follow":"follow","max-snippet":"max-snippet:-1","max-image-preview":"max-image-preview:large","max-video-preview":"max-video-preview:-1"},"canonical":"https:\/\/pwmrlaw.com\/sp\/attorney-profiles\/raul-v-uribe\/","og_locale":"es_MX","og_type":"article","og_title":"Raul V. Uribe - Perez, Williams, Medina and Rodriguez","og_url":"https:\/\/pwmrlaw.com\/sp\/attorney-profiles\/raul-v-uribe\/","og_site_name":"Perez, Williams, Medina and Rodriguez","article_modified_time":"2025-03-07T23:38:40+00:00","og_image":[{"width":500,"height":625,"url":"https:\/\/pwmrlaw.com\/wp-content\/uploads\/2025\/03\/RaulUribe-web.jpg","type":"image\/jpeg"}],"twitter_card":"summary_large_image","twitter_misc":{"Tiempo de lectura":"2 minutos"},"schema":{"@context":"https:\/\/schema.org","@graph":[{"@type":"WebPage","@id":"https:\/\/pwmrlaw.com\/attorney-profiles\/raul-v-uribe\/","url":"https:\/\/pwmrlaw.com\/attorney-profiles\/raul-v-uribe\/","name":"Raul V. Uribe - Perez, Williams, Medina and Rodriguez","isPartOf":{"@id":"https:\/\/pwmrlaw.com\/#website"},"primaryImageOfPage":{"@id":"https:\/\/pwmrlaw.com\/attorney-profiles\/raul-v-uribe\/#primaryimage"},"image":{"@id":"https:\/\/pwmrlaw.com\/attorney-profiles\/raul-v-uribe\/#primaryimage"},"thumbnailUrl":"https:\/\/pwmrlaw.com\/wp-content\/uploads\/2025\/03\/RaulUribe-web.jpg","datePublished":"2013-08-13T21:14:59+00:00","dateModified":"2025-03-07T23:38:40+00:00","breadcrumb":{"@id":"https:\/\/pwmrlaw.com\/attorney-profiles\/raul-v-uribe\/#breadcrumb"},"inLanguage":"es","potentialAction":[{"@type":"ReadAction","target":["https:\/\/pwmrlaw.com\/attorney-profiles\/raul-v-uribe\/"]}]},{"@type":"ImageObject","inLanguage":"es","@id":"https:\/\/pwmrlaw.com\/attorney-profiles\/raul-v-uribe\/#primaryimage","url":"https:\/\/pwmrlaw.com\/wp-content\/uploads\/2025\/03\/RaulUribe-web.jpg","contentUrl":"https:\/\/pwmrlaw.com\/wp-content\/uploads\/2025\/03\/RaulUribe-web.jpg"},{"@type":"BreadcrumbList","@id":"https:\/\/pwmrlaw.com\/attorney-profiles\/raul-v-uribe\/#breadcrumb","itemListElement":[{"@type":"ListItem","position":1,"name":"Home","item":"https:\/\/pwmrlaw.com\/"},{"@type":"ListItem","position":2,"name":"Attorney Profiles","item":"https:\/\/pwmrlaw.com\/attorney-profiles\/"},{"@type":"ListItem","position":3,"name":"Raul V. Uribe"}]},{"@type":"WebSite","@id":"https:\/\/pwmrlaw.com\/#website","url":"https:\/\/pwmrlaw.com\/","name":"P\u00e9rez, Williams, Medina y Rodr\u00edguez","description":"Fresno Lesiones Personales y Trabajadores&#039; Abogados de compensaci\u00f3n","potentialAction":[{"@type":"SearchAction","target":{"@type":"EntryPoint","urlTemplate":"https:\/\/pwmrlaw.com\/?s={search_term_string}"},"query-input":{"@type":"PropertyValueSpecification","valueRequired":true,"valueName":"search_term_string"}}],"inLanguage":"es"}]}},"_links":{"self":[{"href":"https:\/\/pwmrlaw.com\/sp\/wp-json\/wp\/v2\/pages\/814","targetHints":{"allow":["GET"]}}],"collection":[{"href":"https:\/\/pwmrlaw.com\/sp\/wp-json\/wp\/v2\/pages"}],"about":[{"href":"https:\/\/pwmrlaw.com\/sp\/wp-json\/wp\/v2\/types\/page"}],"author":[{"embeddable":true,"href":"https:\/\/pwmrlaw.com\/sp\/wp-json\/wp\/v2\/users\/21"}],"replies":[{"embeddable":true,"href":"https:\/\/pwmrlaw.com\/sp\/wp-json\/wp\/v2\/comments?post=814"}],"version-history":[{"count":17,"href":"https:\/\/pwmrlaw.com\/sp\/wp-json\/wp\/v2\/pages\/814\/revisions"}],"predecessor-version":[{"id":2301,"href":"https:\/\/pwmrlaw.com\/sp\/wp-json\/wp\/v2\/pages\/814\/revisions\/2301"}],"up":[{"embeddable":true,"href":"https:\/\/pwmrlaw.com\/sp\/wp-json\/wp\/v2\/pages\/12"}],"wp:attachment":[{"href":"https:\/\/pwmrlaw.com\/sp\/wp-json\/wp\/v2\/media?parent=814"}],"curies":[{"name":"wp","href":"https:\/\/api.w.org\/{rel}","templated":true}]}}