{"id":824,"date":"2013-08-22T10:09:37","date_gmt":"2013-08-22T14:09:37","guid":{"rendered":"http:\/\/perezwilliamsmedinarodriguez.thelawlinks.com\/?page_id=824"},"modified":"2023-10-31T14:57:43","modified_gmt":"2023-10-31T21:57:43","slug":"antonio-rodriguez-jr","status":"publish","type":"page","link":"https:\/\/pwmrlaw.com\/sp\/attorney-profiles\/antonio-rodriguez-jr\/","title":{"rendered":"Antonio Rodr\u00edguez Jr."},"content":{"rendered":"<div class=\"fusion-fullwidth fullwidth-box fusion-builder-row-1 hundred-percent-fullwidth non-hundred-percent-height-scrolling\" style=\"--awb-border-radius-top-left:0px;--awb-border-radius-top-right:0px;--awb-border-radius-bottom-right:0px;--awb-border-radius-bottom-left:0px;--awb-overflow:visible;--awb-flex-wrap:wrap;\" ><div class=\"fusion-builder-row fusion-row\"><div class=\"fusion-layout-column fusion_builder_column fusion-builder-column-0 fusion_builder_column_1_1 1_1 fusion-one-full fusion-column-first fusion-column-last\" style=\"--awb-bg-size:cover;\"><div class=\"fusion-column-wrapper fusion-flex-column-wrapper-legacy\"><div class=\"fusion-text fusion-text-1\"><h1 class=\"fusion-responsive-typography-calculated\" style=\"--fontsize: 24; line-height: 1.4;\" data-fontsize=\"24\" data-lineheight=\"33.6px\">Antonio \u201cTony\u201d Rodr\u00edguez, Jr., Socio<\/h1>\n<p><img decoding=\"async\" class=\"alignright wp-image-1062 size-full\" src=\"https:\/\/pwmrlaw.com\/wp-content\/uploads\/2014\/11\/sidebar-antonio-rodriguez-jr.jpg\" alt=\"Antonio \u201cTony\u201d Rodriguez, Jr.\" width=\"220\" height=\"194\">Antonio Rodr\u00edguez, Jr. es un residente de la cuarta generaci\u00f3n y de toda la vida del Valle Central. Tony se especializ\u00f3 en Criminolog\u00eda en la Universidad Estatal de California, Fresno, donde se desempe\u00f1\u00f3 como miembro activo en la Asociaci\u00f3n de Justicia Criminal Lambda Alpha Epsilon, Cap\u00edtulo Phi Omega Alpha. A partir de entonces, eligi\u00f3 continuar con su educaci\u00f3n legal localmente en la Facultad de Derecho de San Joaqu\u00edn. Durante su tiempo en la Facultad de Derecho de San Joaqu\u00edn, desarroll\u00f3 un inter\u00e9s en los litigios civiles. Rodr\u00edguez fue contratado como asistente legal en el entonces bufete de abogados Perez, Williams &amp; Medina en 2005. Obtuvo la licencia del estado de California en 2006 y permaneci\u00f3 con Perez, Williams &amp; Medina como abogado asociado, mientras simult\u00e1neamente co-instru\u00eda un abogado avanzado. Curso de Derecho Penal en la Universidad Estatal de California, Fresno.<\/p>\n<p>En 2010, a Rodr\u00edguez se le ofreci\u00f3 una sociedad plena y la empresa pas\u00f3 a llamarse P\u00e9rez, Williams, Medina &amp; Rodr\u00edguez, LLP. Desde entonces, ha estado atendiendo las necesidades legales de aquellos que han resultado gravemente heridos en todo el centro de California.<\/p>\n<p><strong>Areas de pr\u00e1ctica:<\/strong><\/p>\n<ul>\n<li>Lesiones catastr\u00f3ficas<\/li>\n<li>Muerte injusta<\/li>\n<li>Lesiones por quemaduras<\/li>\n<li>Productos defectuosos<\/li>\n<li>Instalaciones peligrosas<\/li>\n<\/ul>\n<p><strong>Entrada a la barra:<\/strong><\/p>\n<ul>\n<li><a href=\"http:\/\/www.calbar.ca.gov\/\" target=\"_blank\" rel=\"noopener noreferrer\">California<\/a>, 2006<\/li>\n<li><a href=\"http:\/\/www.supremecourt.gov\/\" target=\"_blank\" rel=\"noopener noreferrer\">Corte Suprema de EE. UU.<\/a>, septiembre de 2006<\/li>\n<li>Tribunal de Distrito de EE. UU., Distrito Este de California, 2009<\/li>\n<\/ul>\n<p><strong>Educaci\u00f3n:<\/strong><\/p>\n<ul>\n<li>JD <a href=\"http:\/\/www.sjcl.edu\/\" target=\"_blank\" rel=\"noopener noreferrer\">Facultad de Derecho de San Joaqu\u00edn<\/a>, 2005<\/li>\n<li>licenciatura <a href=\"http:\/\/www.fresnostate.edu\/\" target=\"_blank\" rel=\"noopener noreferrer\">Universidad Estatal de California, Fresno<\/a> 1999<\/li>\n<\/ul>\n<p><strong>Asociaciones profesionales:<\/strong><\/p>\n<ul>\n<li>Colegio de Abogados del Condado de Fresno<\/li>\n<li><a href=\"http:\/\/www.americanbar.org\/aba.html\" target=\"_blank\" rel=\"noopener noreferrer\">Colegio de Abogados de los Estados Unidos<\/a><\/li>\n<li>Abogados del Consumidor de California<\/li>\n<li>Asociaci\u00f3n de Abogados Litigantes del Valle Central<\/li>\n<\/ul>\n<p><strong>Participaci\u00f3n de la comunidad:<\/strong><\/p>\n<ul>\n<li>Miembro de la Junta Escolar elegido p\u00fablicamente durante dos per\u00edodos del distrito escolar local de un solo campus<\/li>\n<li>Miembro de la Junta Escolar elegido p\u00fablicamente y en servicio activo del Distrito Escolar Unificado local<\/li>\n<\/ul>\n<\/div><div class=\"fusion-clearfix\"><\/div><\/div><\/div><\/div><\/div>","protected":false},"excerpt":{"rendered":"","protected":false},"author":21,"featured_media":0,"parent":12,"menu_order":3,"comment_status":"open","ping_status":"closed","template":"","meta":{"footnotes":""},"class_list":["post-824","page","type-page","status-publish","hentry"],"yoast_head":"<!-- This site is optimized with the Yoast SEO plugin v26.8 - https:\/\/yoast.com\/product\/yoast-seo-wordpress\/ -->\n<title>Antonio Rodriguez, Jr. - Perez, Williams, Medina and Rodriguez<\/title>\n<meta name=\"robots\" content=\"index, follow, max-snippet:-1, max-image-preview:large, max-video-preview:-1\" \/>\n<link rel=\"canonical\" href=\"https:\/\/pwmrlaw.com\/sp\/attorney-profiles\/antonio-rodriguez-jr\/\" \/>\n<meta property=\"og:locale\" content=\"es_MX\" \/>\n<meta property=\"og:type\" content=\"article\" \/>\n<meta property=\"og:title\" content=\"Antonio Rodriguez, Jr. - Perez, Williams, Medina and Rodriguez\" \/>\n<meta property=\"og:url\" content=\"https:\/\/pwmrlaw.com\/sp\/attorney-profiles\/antonio-rodriguez-jr\/\" \/>\n<meta property=\"og:site_name\" content=\"Perez, Williams, Medina and Rodriguez\" \/>\n<meta property=\"article:modified_time\" content=\"2023-10-31T21:57:43+00:00\" \/>\n<meta property=\"og:image\" content=\"https:\/\/pwmrlaw.com\/wp-content\/uploads\/2014\/11\/sidebar-antonio-rodriguez-jr.jpg\" \/>\n<meta name=\"twitter:card\" content=\"summary_large_image\" \/>\n<meta name=\"twitter:label1\" content=\"Tiempo de lectura\" \/>\n\t<meta name=\"twitter:data1\" content=\"1 minuto\" \/>\n<script type=\"application\/ld+json\" class=\"yoast-schema-graph\">{\"@context\":\"https:\/\/schema.org\",\"@graph\":[{\"@type\":\"WebPage\",\"@id\":\"https:\/\/pwmrlaw.com\/attorney-profiles\/antonio-rodriguez-jr\/\",\"url\":\"https:\/\/pwmrlaw.com\/attorney-profiles\/antonio-rodriguez-jr\/\",\"name\":\"Antonio Rodriguez, Jr. - Perez, Williams, Medina and Rodriguez\",\"isPartOf\":{\"@id\":\"https:\/\/pwmrlaw.com\/#website\"},\"primaryImageOfPage\":{\"@id\":\"https:\/\/pwmrlaw.com\/attorney-profiles\/antonio-rodriguez-jr\/#primaryimage\"},\"image\":{\"@id\":\"https:\/\/pwmrlaw.com\/attorney-profiles\/antonio-rodriguez-jr\/#primaryimage\"},\"thumbnailUrl\":\"https:\/\/pwmrlaw.com\/wp-content\/uploads\/2014\/11\/sidebar-antonio-rodriguez-jr.jpg\",\"datePublished\":\"2013-08-22T14:09:37+00:00\",\"dateModified\":\"2023-10-31T21:57:43+00:00\",\"breadcrumb\":{\"@id\":\"https:\/\/pwmrlaw.com\/attorney-profiles\/antonio-rodriguez-jr\/#breadcrumb\"},\"inLanguage\":\"es\",\"potentialAction\":[{\"@type\":\"ReadAction\",\"target\":[\"https:\/\/pwmrlaw.com\/attorney-profiles\/antonio-rodriguez-jr\/\"]}]},{\"@type\":\"ImageObject\",\"inLanguage\":\"es\",\"@id\":\"https:\/\/pwmrlaw.com\/attorney-profiles\/antonio-rodriguez-jr\/#primaryimage\",\"url\":\"https:\/\/pwmrlaw.com\/wp-content\/uploads\/2014\/11\/sidebar-antonio-rodriguez-jr.jpg\",\"contentUrl\":\"https:\/\/pwmrlaw.com\/wp-content\/uploads\/2014\/11\/sidebar-antonio-rodriguez-jr.jpg\"},{\"@type\":\"BreadcrumbList\",\"@id\":\"https:\/\/pwmrlaw.com\/attorney-profiles\/antonio-rodriguez-jr\/#breadcrumb\",\"itemListElement\":[{\"@type\":\"ListItem\",\"position\":1,\"name\":\"Home\",\"item\":\"https:\/\/pwmrlaw.com\/\"},{\"@type\":\"ListItem\",\"position\":2,\"name\":\"Attorney Profiles\",\"item\":\"https:\/\/pwmrlaw.com\/attorney-profiles\/\"},{\"@type\":\"ListItem\",\"position\":3,\"name\":\"Antonio Rodriguez, Jr.\"}]},{\"@type\":\"WebSite\",\"@id\":\"https:\/\/pwmrlaw.com\/#website\",\"url\":\"https:\/\/pwmrlaw.com\/\",\"name\":\"Perez, Williams, Medina and Rodriguez\",\"description\":\"Fresno Personal Injury and Workers&#039; Compensation Attorneys\",\"potentialAction\":[{\"@type\":\"SearchAction\",\"target\":{\"@type\":\"EntryPoint\",\"urlTemplate\":\"https:\/\/pwmrlaw.com\/?s={search_term_string}\"},\"query-input\":{\"@type\":\"PropertyValueSpecification\",\"valueRequired\":true,\"valueName\":\"search_term_string\"}}],\"inLanguage\":\"es\"}]}<\/script>\n<!-- \/ Yoast SEO plugin. -->","yoast_head_json":{"title":"Antonio Rodriguez, Jr. - Perez, Williams, Medina and Rodriguez","robots":{"index":"index","follow":"follow","max-snippet":"max-snippet:-1","max-image-preview":"max-image-preview:large","max-video-preview":"max-video-preview:-1"},"canonical":"https:\/\/pwmrlaw.com\/sp\/attorney-profiles\/antonio-rodriguez-jr\/","og_locale":"es_MX","og_type":"article","og_title":"Antonio Rodriguez, Jr. - Perez, Williams, Medina and Rodriguez","og_url":"https:\/\/pwmrlaw.com\/sp\/attorney-profiles\/antonio-rodriguez-jr\/","og_site_name":"Perez, Williams, Medina and Rodriguez","article_modified_time":"2023-10-31T21:57:43+00:00","og_image":[{"url":"https:\/\/pwmrlaw.com\/wp-content\/uploads\/2014\/11\/sidebar-antonio-rodriguez-jr.jpg","type":"","width":"","height":""}],"twitter_card":"summary_large_image","twitter_misc":{"Tiempo de lectura":"1 minuto"},"schema":{"@context":"https:\/\/schema.org","@graph":[{"@type":"WebPage","@id":"https:\/\/pwmrlaw.com\/attorney-profiles\/antonio-rodriguez-jr\/","url":"https:\/\/pwmrlaw.com\/attorney-profiles\/antonio-rodriguez-jr\/","name":"Antonio Rodriguez, Jr. - Perez, Williams, Medina and Rodriguez","isPartOf":{"@id":"https:\/\/pwmrlaw.com\/#website"},"primaryImageOfPage":{"@id":"https:\/\/pwmrlaw.com\/attorney-profiles\/antonio-rodriguez-jr\/#primaryimage"},"image":{"@id":"https:\/\/pwmrlaw.com\/attorney-profiles\/antonio-rodriguez-jr\/#primaryimage"},"thumbnailUrl":"https:\/\/pwmrlaw.com\/wp-content\/uploads\/2014\/11\/sidebar-antonio-rodriguez-jr.jpg","datePublished":"2013-08-22T14:09:37+00:00","dateModified":"2023-10-31T21:57:43+00:00","breadcrumb":{"@id":"https:\/\/pwmrlaw.com\/attorney-profiles\/antonio-rodriguez-jr\/#breadcrumb"},"inLanguage":"es","potentialAction":[{"@type":"ReadAction","target":["https:\/\/pwmrlaw.com\/attorney-profiles\/antonio-rodriguez-jr\/"]}]},{"@type":"ImageObject","inLanguage":"es","@id":"https:\/\/pwmrlaw.com\/attorney-profiles\/antonio-rodriguez-jr\/#primaryimage","url":"https:\/\/pwmrlaw.com\/wp-content\/uploads\/2014\/11\/sidebar-antonio-rodriguez-jr.jpg","contentUrl":"https:\/\/pwmrlaw.com\/wp-content\/uploads\/2014\/11\/sidebar-antonio-rodriguez-jr.jpg"},{"@type":"BreadcrumbList","@id":"https:\/\/pwmrlaw.com\/attorney-profiles\/antonio-rodriguez-jr\/#breadcrumb","itemListElement":[{"@type":"ListItem","position":1,"name":"Home","item":"https:\/\/pwmrlaw.com\/"},{"@type":"ListItem","position":2,"name":"Attorney Profiles","item":"https:\/\/pwmrlaw.com\/attorney-profiles\/"},{"@type":"ListItem","position":3,"name":"Antonio Rodriguez, Jr."}]},{"@type":"WebSite","@id":"https:\/\/pwmrlaw.com\/#website","url":"https:\/\/pwmrlaw.com\/","name":"P\u00e9rez, Williams, Medina y Rodr\u00edguez","description":"Fresno Lesiones Personales y Trabajadores&#039; Abogados de compensaci\u00f3n","potentialAction":[{"@type":"SearchAction","target":{"@type":"EntryPoint","urlTemplate":"https:\/\/pwmrlaw.com\/?s={search_term_string}"},"query-input":{"@type":"PropertyValueSpecification","valueRequired":true,"valueName":"search_term_string"}}],"inLanguage":"es"}]}},"_links":{"self":[{"href":"https:\/\/pwmrlaw.com\/sp\/wp-json\/wp\/v2\/pages\/824","targetHints":{"allow":["GET"]}}],"collection":[{"href":"https:\/\/pwmrlaw.com\/sp\/wp-json\/wp\/v2\/pages"}],"about":[{"href":"https:\/\/pwmrlaw.com\/sp\/wp-json\/wp\/v2\/types\/page"}],"author":[{"embeddable":true,"href":"https:\/\/pwmrlaw.com\/sp\/wp-json\/wp\/v2\/users\/21"}],"replies":[{"embeddable":true,"href":"https:\/\/pwmrlaw.com\/sp\/wp-json\/wp\/v2\/comments?post=824"}],"version-history":[{"count":14,"href":"https:\/\/pwmrlaw.com\/sp\/wp-json\/wp\/v2\/pages\/824\/revisions"}],"predecessor-version":[{"id":2190,"href":"https:\/\/pwmrlaw.com\/sp\/wp-json\/wp\/v2\/pages\/824\/revisions\/2190"}],"up":[{"embeddable":true,"href":"https:\/\/pwmrlaw.com\/sp\/wp-json\/wp\/v2\/pages\/12"}],"wp:attachment":[{"href":"https:\/\/pwmrlaw.com\/sp\/wp-json\/wp\/v2\/media?parent=824"}],"curies":[{"name":"wp","href":"https:\/\/api.w.org\/{rel}","templated":true}]}}