{"id":874,"date":"2013-09-23T05:44:00","date_gmt":"2013-09-23T09:44:00","guid":{"rendered":"http:\/\/perezwilliamsmedinarodriguez.thelawlinks.com\/?page_id=874"},"modified":"2024-11-12T14:47:33","modified_gmt":"2024-11-12T22:47:33","slug":"aop","status":"publish","type":"page","link":"https:\/\/pwmrlaw.com\/sp\/aop\/","title":{"rendered":"Areas de pr\u00e1ctica"},"content":{"rendered":"<p><div class=\"fusion-fullwidth fullwidth-box fusion-builder-row-1 nonhundred-percent-fullwidth non-hundred-percent-height-scrolling\" style=\"--awb-border-radius-top-left:0px;--awb-border-radius-top-right:0px;--awb-border-radius-bottom-right:0px;--awb-border-radius-bottom-left:0px;--awb-margin-bottom:30px;--awb-flex-wrap:wrap;\" ><div class=\"fusion-builder-row fusion-row\"><div class=\"fusion-layout-column fusion_builder_column fusion-builder-column-0 fusion_builder_column_1_1 1_1 fusion-one-full fusion-column-first fusion-column-last\" style=\"--awb-bg-size:cover;--awb-margin-bottom:0px;\"><div class=\"fusion-column-wrapper fusion-flex-column-wrapper-legacy\"><div class=\"fusion-text fusion-text-1\"><p>\u00bfNo ve su reclamo en la lista? Todav\u00eda podemos ser capaces de ayudar. Ll\u00e1manos al (559) 445-0123 para tu Consulta GRATIS*.<\/p>\n<\/div><div class=\"fusion-clearfix\"><\/div><\/div><\/div><\/div><\/div><div class=\"fusion-fullwidth fullwidth-box fusion-builder-row-2 nonhundred-percent-fullwidth non-hundred-percent-height-scrolling\" style=\"--awb-border-radius-top-left:0px;--awb-border-radius-top-right:0px;--awb-border-radius-bottom-right:0px;--awb-border-radius-bottom-left:0px;--awb-flex-wrap:wrap;\" ><div class=\"fusion-builder-row fusion-row\"><div class=\"fusion-layout-column fusion_builder_column fusion-builder-column-1 fusion_builder_column_1_1 1_1 fusion-one-full fusion-column-first fusion-column-last\" style=\"--awb-bg-size:cover;--awb-margin-bottom:0px;\"><div class=\"fusion-column-wrapper fusion-flex-column-wrapper-legacy\"><div class=\"fusion-fa-align-left\"><i class=\"fb-icon-element-1 fb-icon-element fontawesome-icon fa-crutch fas circle-yes\" style=\"--awb-iconcolor:#891306;--awb-iconcolor-hover:#891306;--awb-circlecolor:rgba(51,51,51,0);--awb-circlecolor-hover:rgba(51,51,51,0);--awb-circlebordercolor:#891306;--awb-circlebordercolor-hover:#891306;--awb-circlebordersize:2px;--awb-font-size:15.84px;--awb-width:31.68px;--awb-height:31.68px;--awb-line-height:27.68px;--awb-margin-top:-2px;--awb-margin-right:10px;\"><\/i><\/div><div class=\"fusion-text fusion-text-2\"><h2>Lesiones Personales<\/h2>\n<\/div><div class=\"fusion-sep-clear\"><\/div><div class=\"fusion-separator fusion-full-width-sep\" style=\"margin-left: auto;margin-right: auto;margin-top:10px;width:100%;\"><\/div><div class=\"fusion-sep-clear\"><\/div><div class=\"fusion-text fusion-text-3\"><p>En Perez, Williams, Medina &amp; Rodriguez, LLP, entendemos que sufrir una lesi\u00f3n personal afecta todas las \u00e1reas de su vida. Abordamos su caso con compasi\u00f3n y la determinaci\u00f3n de lograr sus objetivos. <a href=\"https:\/\/pwmrlaw.com\/sp\/personal-injury\/\">Leer m\u00e1s<\/a><\/p>\n<\/div><div class=\"fusion-text fusion-text-4\"><ul style=\"list-style-type: disc;\">\n<li><strong>Accidentes de autom\u00f3vil\/motocicleta<\/strong><strong><br \/>\n<\/strong><\/li>\n<li><strong>Accidentes de camiones\/camiones grandes<\/strong><\/li>\n<li><strong>Accidentes de bicicleta<\/strong><\/li>\n<li><strong>Accidentes de peatones<\/strong><\/li>\n<li><strong>Mordedura de perro\/ataques de animales<\/strong><\/li>\n<li><strong>Accidentes de navegaci\u00f3n<\/strong><\/li>\n<li><strong>Resbal\u00f3n y ca\u00edda\/ Accidentes de tropiezo y ca\u00edda<\/strong><\/li>\n<li><strong>Muerte injusta<\/strong><\/li>\n<li><strong>Responsabilidad de los locales<\/strong><\/li>\n<li><strong>Responsabilidad del producto<\/strong><\/li>\n<li><strong>Negligencia m\u00e9dica<\/strong><\/li>\n<\/ul>\n<\/div><div class=\"fusion-clearfix\"><\/div><\/div><\/div><\/div><\/div><div class=\"fusion-fullwidth fullwidth-box fusion-builder-row-3 nonhundred-percent-fullwidth non-hundred-percent-height-scrolling\" style=\"--awb-border-radius-top-left:0px;--awb-border-radius-top-right:0px;--awb-border-radius-bottom-right:0px;--awb-border-radius-bottom-left:0px;--awb-flex-wrap:wrap;\" ><div class=\"fusion-builder-row fusion-row\"><div class=\"fusion-layout-column fusion_builder_column fusion-builder-column-2 fusion_builder_column_1_1 1_1 fusion-one-full fusion-column-first fusion-column-last\" style=\"--awb-bg-size:cover;--awb-margin-top:30px;--awb-margin-bottom:0px;\"><div class=\"fusion-column-wrapper fusion-flex-column-wrapper-legacy\"><div class=\"fusion-fa-align-left\"><i class=\"fb-icon-element-2 fb-icon-element fontawesome-icon fa-hard-hat fas circle-yes\" style=\"--awb-iconcolor:#891306;--awb-iconcolor-hover:#891306;--awb-circlecolor:rgba(51,51,51,0);--awb-circlecolor-hover:rgba(51,51,51,0);--awb-circlebordercolor:#891306;--awb-circlebordercolor-hover:#891306;--awb-circlebordersize:2px;--awb-font-size:15.84px;--awb-width:31.68px;--awb-height:31.68px;--awb-line-height:27.68px;--awb-margin-top:-2px;--awb-margin-right:10px;\"><\/i><\/div><div class=\"fusion-text fusion-text-5\"><h2>Compensaci\u00f3n de trabajadores<\/h2>\n<\/div><div class=\"fusion-sep-clear\"><\/div><div class=\"fusion-separator fusion-full-width-sep\" style=\"margin-left: auto;margin-right: auto;margin-top:10px;width:100%;\"><\/div><div class=\"fusion-sep-clear\"><\/div><div class=\"fusion-text fusion-text-6\"><p>En Perez, Williams, Medina &amp; Rodriguez, LLP, ofrecemos representaci\u00f3n completa de compensaci\u00f3n para trabajadores en todas las \u00e1reas de su reclamo. Con m\u00e1s de 100 a\u00f1os de experiencia combinada, nuestros abogados identifican r\u00e1pidamente los beneficios a los que tiene derecho y los persiguen sin descanso en los tribunales. <a href=\"https:\/\/pwmrlaw.com\/sp\/workers-compensation\/settlements\/\">Leer m\u00e1s<\/a><\/p>\n<\/div><div class=\"fusion-text fusion-text-7\"><ul style=\"list-style-type: disc;\">\n<li><strong>Lesiones sufridas durante el trabajo<\/strong><\/li>\n<li><strong>Lesiones sufridas yendo y viniendo al trabajo<\/strong><\/li>\n<li><strong>Lesiones Traum\u00e1ticas Acumulativas<\/strong><\/li>\n<li><strong>Muerte relacionada con el trabajo<\/strong><\/li>\n<li><strong>fiebre del valle<\/strong><\/li>\n<li><strong>Accidente cerebrovascular\/ataques card\u00edacos sufridos en el trabajo<\/strong><\/li>\n<\/ul>\n<\/div><div class=\"fusion-clearfix\"><\/div><\/div><\/div><\/div><\/div><div class=\"fusion-fullwidth fullwidth-box fusion-builder-row-4 nonhundred-percent-fullwidth non-hundred-percent-height-scrolling\" style=\"--awb-border-radius-top-left:0px;--awb-border-radius-top-right:0px;--awb-border-radius-bottom-right:0px;--awb-border-radius-bottom-left:0px;--awb-flex-wrap:wrap;\" ><div class=\"fusion-builder-row fusion-row\"><div class=\"fusion-layout-column fusion_builder_column fusion-builder-column-3 fusion_builder_column_1_1 1_1 fusion-one-full fusion-column-first fusion-column-last\" style=\"--awb-bg-size:cover;--awb-margin-top:30px;--awb-margin-bottom:0px;\"><div class=\"fusion-column-wrapper fusion-flex-column-wrapper-legacy\"><div class=\"fusion-fa-align-left\"><i class=\"fb-icon-element-3 fb-icon-element fontawesome-icon fa-hand-holding-usd fas circle-yes\" style=\"--awb-iconcolor:#891306;--awb-iconcolor-hover:#891306;--awb-circlecolor:rgba(51,51,51,0);--awb-circlecolor-hover:rgba(51,51,51,0);--awb-circlebordercolor:#891306;--awb-circlebordercolor-hover:#891306;--awb-circlebordersize:2px;--awb-font-size:15.84px;--awb-width:31.68px;--awb-height:31.68px;--awb-line-height:27.68px;--awb-margin-top:-2px;--awb-margin-right:10px;\"><\/i><\/div><div class=\"fusion-text fusion-text-8\"><h2>Violaciones de salarios y horarios<\/h2>\n<\/div><div class=\"fusion-sep-clear\"><\/div><div class=\"fusion-separator fusion-full-width-sep\" style=\"margin-left: auto;margin-right: auto;margin-top:10px;width:100%;\"><\/div><div class=\"fusion-sep-clear\"><\/div><div class=\"fusion-text fusion-text-9\"><p>Navegar por las solicitudes del jefe puede ponerlo en una esquina cuando el cumplimiento significa trabajar fuera del horario o excede las 40 horas a la semana. Te est\u00e1s perdiendo el pago adecuado por tu capital de trabajo.\u00a0<a href=\"https:\/\/pwmrlaw.com\/sp\/aop\/wage-and-hour-violations\/\">Leer m\u00e1s<\/a><\/p>\n<\/div><div class=\"fusion-clearfix\"><\/div><\/div><\/div><\/div><\/div><\/p>","protected":false},"excerpt":{"rendered":"","protected":false},"author":21,"featured_media":0,"parent":0,"menu_order":3,"comment_status":"open","ping_status":"open","template":"","meta":{"footnotes":""},"class_list":["post-874","page","type-page","status-publish","hentry"],"yoast_head":"<!-- This site is optimized with the Yoast SEO plugin v26.8 - https:\/\/yoast.com\/product\/yoast-seo-wordpress\/ -->\n<title>Practice Areas - Perez, Williams, Medina and Rodriguez<\/title>\n<meta name=\"robots\" content=\"index, follow, max-snippet:-1, max-image-preview:large, max-video-preview:-1\" \/>\n<link rel=\"canonical\" href=\"https:\/\/pwmrlaw.com\/sp\/aop\/\" \/>\n<meta property=\"og:locale\" content=\"es_MX\" \/>\n<meta property=\"og:type\" content=\"article\" \/>\n<meta property=\"og:title\" content=\"Practice Areas - Perez, Williams, Medina and Rodriguez\" \/>\n<meta property=\"og:url\" content=\"https:\/\/pwmrlaw.com\/sp\/aop\/\" \/>\n<meta property=\"og:site_name\" content=\"Perez, Williams, Medina and Rodriguez\" \/>\n<meta property=\"article:modified_time\" content=\"2024-11-12T22:47:33+00:00\" \/>\n<meta name=\"twitter:card\" content=\"summary_large_image\" \/>\n<meta name=\"twitter:label1\" content=\"Tiempo de lectura\" \/>\n\t<meta name=\"twitter:data1\" content=\"5 minutos\" \/>\n<script type=\"application\/ld+json\" class=\"yoast-schema-graph\">{\"@context\":\"https:\/\/schema.org\",\"@graph\":[{\"@type\":\"WebPage\",\"@id\":\"https:\/\/pwmrlaw.com\/aop\/\",\"url\":\"https:\/\/pwmrlaw.com\/aop\/\",\"name\":\"Practice Areas - Perez, Williams, Medina and Rodriguez\",\"isPartOf\":{\"@id\":\"https:\/\/pwmrlaw.com\/#website\"},\"datePublished\":\"2013-09-23T09:44:00+00:00\",\"dateModified\":\"2024-11-12T22:47:33+00:00\",\"breadcrumb\":{\"@id\":\"https:\/\/pwmrlaw.com\/aop\/#breadcrumb\"},\"inLanguage\":\"es\",\"potentialAction\":[{\"@type\":\"ReadAction\",\"target\":[\"https:\/\/pwmrlaw.com\/aop\/\"]}]},{\"@type\":\"BreadcrumbList\",\"@id\":\"https:\/\/pwmrlaw.com\/aop\/#breadcrumb\",\"itemListElement\":[{\"@type\":\"ListItem\",\"position\":1,\"name\":\"Home\",\"item\":\"https:\/\/pwmrlaw.com\/\"},{\"@type\":\"ListItem\",\"position\":2,\"name\":\"Practice Areas\"}]},{\"@type\":\"WebSite\",\"@id\":\"https:\/\/pwmrlaw.com\/#website\",\"url\":\"https:\/\/pwmrlaw.com\/\",\"name\":\"Perez, Williams, Medina and Rodriguez\",\"description\":\"Fresno Personal Injury and Workers&#039; Compensation Attorneys\",\"potentialAction\":[{\"@type\":\"SearchAction\",\"target\":{\"@type\":\"EntryPoint\",\"urlTemplate\":\"https:\/\/pwmrlaw.com\/?s={search_term_string}\"},\"query-input\":{\"@type\":\"PropertyValueSpecification\",\"valueRequired\":true,\"valueName\":\"search_term_string\"}}],\"inLanguage\":\"es\"}]}<\/script>\n<!-- \/ Yoast SEO plugin. -->","yoast_head_json":{"title":"Practice Areas - Perez, Williams, Medina and Rodriguez","robots":{"index":"index","follow":"follow","max-snippet":"max-snippet:-1","max-image-preview":"max-image-preview:large","max-video-preview":"max-video-preview:-1"},"canonical":"https:\/\/pwmrlaw.com\/sp\/aop\/","og_locale":"es_MX","og_type":"article","og_title":"Practice Areas - Perez, Williams, Medina and Rodriguez","og_url":"https:\/\/pwmrlaw.com\/sp\/aop\/","og_site_name":"Perez, Williams, Medina and Rodriguez","article_modified_time":"2024-11-12T22:47:33+00:00","twitter_card":"summary_large_image","twitter_misc":{"Tiempo de lectura":"5 minutos"},"schema":{"@context":"https:\/\/schema.org","@graph":[{"@type":"WebPage","@id":"https:\/\/pwmrlaw.com\/aop\/","url":"https:\/\/pwmrlaw.com\/aop\/","name":"Practice Areas - Perez, Williams, Medina and Rodriguez","isPartOf":{"@id":"https:\/\/pwmrlaw.com\/#website"},"datePublished":"2013-09-23T09:44:00+00:00","dateModified":"2024-11-12T22:47:33+00:00","breadcrumb":{"@id":"https:\/\/pwmrlaw.com\/aop\/#breadcrumb"},"inLanguage":"es","potentialAction":[{"@type":"ReadAction","target":["https:\/\/pwmrlaw.com\/aop\/"]}]},{"@type":"BreadcrumbList","@id":"https:\/\/pwmrlaw.com\/aop\/#breadcrumb","itemListElement":[{"@type":"ListItem","position":1,"name":"Home","item":"https:\/\/pwmrlaw.com\/"},{"@type":"ListItem","position":2,"name":"Practice Areas"}]},{"@type":"WebSite","@id":"https:\/\/pwmrlaw.com\/#website","url":"https:\/\/pwmrlaw.com\/","name":"P\u00e9rez, Williams, Medina y Rodr\u00edguez","description":"Fresno Lesiones Personales y Trabajadores&#039; Abogados de compensaci\u00f3n","potentialAction":[{"@type":"SearchAction","target":{"@type":"EntryPoint","urlTemplate":"https:\/\/pwmrlaw.com\/?s={search_term_string}"},"query-input":{"@type":"PropertyValueSpecification","valueRequired":true,"valueName":"search_term_string"}}],"inLanguage":"es"}]}},"_links":{"self":[{"href":"https:\/\/pwmrlaw.com\/sp\/wp-json\/wp\/v2\/pages\/874","targetHints":{"allow":["GET"]}}],"collection":[{"href":"https:\/\/pwmrlaw.com\/sp\/wp-json\/wp\/v2\/pages"}],"about":[{"href":"https:\/\/pwmrlaw.com\/sp\/wp-json\/wp\/v2\/types\/page"}],"author":[{"embeddable":true,"href":"https:\/\/pwmrlaw.com\/sp\/wp-json\/wp\/v2\/users\/21"}],"replies":[{"embeddable":true,"href":"https:\/\/pwmrlaw.com\/sp\/wp-json\/wp\/v2\/comments?post=874"}],"version-history":[{"count":49,"href":"https:\/\/pwmrlaw.com\/sp\/wp-json\/wp\/v2\/pages\/874\/revisions"}],"predecessor-version":[{"id":2274,"href":"https:\/\/pwmrlaw.com\/sp\/wp-json\/wp\/v2\/pages\/874\/revisions\/2274"}],"wp:attachment":[{"href":"https:\/\/pwmrlaw.com\/sp\/wp-json\/wp\/v2\/media?parent=874"}],"curies":[{"name":"wp","href":"https:\/\/api.w.org\/{rel}","templated":true}]}}